{"id":6932,"date":"2015-05-14T11:22:46","date_gmt":"2015-05-14T11:22:46","guid":{"rendered":"https:\/\/multiacademstg.wpengine.com\/14001academy\/what-is-iso-14001\/-2\/"},"modified":"2024-12-20T15:21:44","modified_gmt":"2024-12-20T15:21:44","slug":"cose-la-iso-14001","status":"publish","type":"page","link":"https:\/\/advisera.com\/14001academy\/it\/cose-la-iso-14001\/","title":{"rendered":"Cos&#8217;\u00e8 la ISO 14001?"},"content":{"rendered":"<div id=\"pl-6932\"  class=\"panel-layout\" ><div id=\"pg-6932-0\"  class=\"panel-grid panel-no-style\" ><div id=\"pgc-6932-0-0\"  class=\"panel-grid-cell\" ><div id=\"panel-6932-0-0-0\" class=\"so-panel widget widget_hero-with-buttons-widget panel-first-child\" data-index=\"0\" ><div\n\t\t\t\n\t\t\tclass=\"so-widget-hero-with-buttons-widget so-widget-hero-with-buttons-widget-default-d75171398898-6932\"\n\t\t\t\n\t\t><section class=\"iso-hero sans\" style=\"background: #03284d;\">\n    <div class=\"container\">\n        <h1 class=\"iso-hero_title  \">\n            Cos'\u00e8 la ISO 14001?\n        <\/h1>\n        <p class=\"iso-hero_subtitle \">\n                \n        <\/p>\n        <div class=\"iso-hero_buttons\">\n                            <div class=\"iso-hero_button\">\n                    <div class=\"button-image\">\n                        <img decoding=\"async\" width=\"64\" height=\"64\" src=\"\/wp-content\/uploads\/sites\/4\/2021\/10\/what-is-ISO-14001-Templates-button.png\" class=\"attachment-full size-full\" alt=\"-\">\n                    <\/div>\n                    <div class=\"button-content\">\n                        <span>MODELLI PER ISO 14001<\/span>\n                    <\/div>\n                    <a href=\"https:\/\/advisera.com\/14001academy\/it\/kit-documentazione-iso-14001\/\"><\/a>\n                <\/div>\n                            <div class=\"iso-hero_button\">\n                    <div class=\"button-image\">\n                        <img decoding=\"async\" width=\"67\" height=\"67\" src=\"\/wp-content\/uploads\/sites\/4\/2021\/10\/what-is-ISO-14001-Courses-button.png\" class=\"attachment-full size-full\" alt=\"-\">\n                    <\/div>\n                    <div class=\"button-content\">\n                        <span>CORSI SU ISO 14001<\/span>\n                    <\/div>\n                    <a href=\"https:\/\/advisera.com\/it\/formazione\/?standard=iso-14001\"><\/a>\n                <\/div>\n                            <div class=\"iso-hero_button\">\n                    <div class=\"button-image\">\n                        <img decoding=\"async\" width=\"67\" height=\"67\" src=\"\/wp-content\/uploads\/sites\/4\/2021\/10\/what-is-ISO-14001-Free-Materials-button.png\" class=\"attachment-full size-full\" alt=\"-\">\n                    <\/div>\n                    <div class=\"button-content\">\n                        <span>MATERIALE GRATUITO<\/span>\n                    <\/div>\n                    <a href=\"https:\/\/advisera.com\/14001academy\/it\/download-gratuiti\/\"><\/a>\n                <\/div>\n                    <\/div>\n    <\/div>\n<\/section><\/div><\/div><div id=\"panel-6932-0-0-1\" class=\"so-panel widget widget_content-with-sidebar-widget panel-last-child\" data-index=\"1\" ><div\n\t\t\t\n\t\t\tclass=\"so-widget-content-with-sidebar-widget so-widget-content-with-sidebar-widget-default-d75171398898-6932\"\n\t\t\t\n\t\t><section class=\"content-with-sidebar\">\n<div class=\"container\">\n\n    <div class=\"sidebar-area\">\n        <div class=\"sidebar-bg\"><\/div>\n        <div class=\"sidebar-wrapper\">\n            <div class=\"sidebar\">\n\n                \n                <h2 class=\"sidebar-title\">\n                    SOMMARIO\n                <\/h2>\n\n                                    <div class=\"sidebar-item no-collapse\">\n                        <div class=\"sidebar-item-links\">\n                            <a class=\"scrollToAnchor\" href=\"#what-is-iso\">Cos\u2019\u00e8 la ISO 14001?<\/a>\n<a class=\"scrollToAnchor\" href=\"#introduction\">Introduzione<\/a>\n<a class=\"scrollToAnchor\" href=\"#what-is-EMS\">Cos'\u00e8 un SGA?<\/a>\n<a class=\"scrollToAnchor\" href=\"#importance\">Importanza della ISO 14001<\/a>\n<a class=\"scrollToAnchor\" href=\"#structure\">Struttura della ISO 14001<\/a>\n<a class=\"scrollToAnchor\" href=\"#benefits\">Benefici della ISO 14001<\/a>\n<a class=\"scrollToAnchor\" href=\"#certification\">Ottenere la certificazione<\/a>\n<a class=\"scrollToAnchor\" href=\"#mandatory-steps\">Fasi obbligatorie<\/a>\n<a class=\"scrollToAnchor\" href=\"#training\">Formazione per individui<\/a>\n                        <\/div>\n                    <\/div>\n\n                            <\/div>\n        <\/div>\n    <\/div>\n    <div class=\"content-area\">\n        <div class=\"what-is-groups\">\n\n            \n            <h2 id=\"what-is-iso\">\u201cCos'\u00e8 la ISO 14001?\u201d Esiste una risposta semplice a questa domanda?<\/h2>\n<p>Non sei l'unico a domandarselo. Questa panoramica sulla norma ha come obiettivo di farvi apprendere i principi base della ISO 14001, aiutarvi a scoprire quali siano i requisiti della ISO 14001 e fornirvi una guida su cosa sia necessario fare per implementare un sistema di gestione ambientale e ottenere la certificazione.<\/p>\n<h2 id=\"introduction\">Quali sono le basi della ISO 14001?<\/h2>\n<p>La ISO 14001 \u00e8 diventata la norma internazionale per progettare e implementare un sistema di gestione ambientale. La norma \u00e8 stata pubblicata da ISO (International Organization for Standardization), un ente internazionale che crea e distribuisce norme riconosciute a livello mondiale. La versione pi\u00f9 recente dei requisiti di un sistema di gestione ambientale \u00e8 stata pubblicata nel 2015, e viene riportata come \"ISO 14001:2015.\" La norma \u00e8 stata concordata dalla maggioranza dei paesi membri prima di essere emessa e aggiornata, e come tale \u00e8 diventata una norma riconosciuta a livello internazionale, accettata dalla maggioranza dei paesi in tutto il mondo.<\/p>\n<p>In un sondaggio sulla certificazione ISO 14001 svolto alla fine del 2017, il numero di aziende che hanno implementato un sistema di gestione ambientale ISO 14001 mostra una tendenza stabile a livello mondiale. Di seguito sono riportati i risultati nel precedente periodo di 6 anni.<\/p>\n<p style=\"text-align: center;\"><img decoding=\"async\" class=\"aligncenter size-full wp-image-4699\" src=\"\/wp-content\/uploads\/\/sites\/4\/2018\/11\/number-of-iso-14001-certificates-per-year-it-new.png\" alt=\"Number of ISO 14001 certificates per year\" width=\"600\" \/><\/p>\n<p style=\"text-align: center;\">Dati presi da uno <a href=\"https:\/\/www.iso.org\/the-iso-survey.html\" target=\"_blank\" rel=\"noopener\">Studio ISO del 2017<\/a><\/p>\n<h2 id=\"what-is-EMS\"><strong>Cos'\u00e8 un sistema di gestione ambientale?<\/strong><\/h2>\n<p>Un sistema di gestione ambientale, spesso chiamato SGA, \u00e8 formato da politiche, processi, piani, pratiche e registrazioni che definiscono le regole che guidano l'interazione dell'azienda con l'ambiente. Questo sistema deve essere fatto su misura per la vostra azienda, perch\u00e9 solamente la vostra azienda avr\u00e0 i requisiti legali e le interazioni ambientali che coincidono esattamente con i vostri processi aziendali specifici. Tuttavia, i requisiti della ISO 14001 forniscono una struttura e delle linee guida per creare un sistema di gestione ambientale in modo di non perdere elementi essenziali perch\u00e9 un SGA abbia successo.<\/p>\n<div class=\"what-item-full tab3\">\n<h2 id=\"importance\"><strong>Arrivare al cuore del motivo per cui la ISO 14001 \u00e8 importante<\/strong><\/h2>\n<p>Prendersi cura dell'ambiente in cui viviamo e impedire che le nostre societ\u00e0 provochino impatti negativi sull'ambiente, sono due delle sfide pi\u00f9 importanti per le aziende di oggi. Uno dei maggiori vantaggi dell'implementazione di un SGA \u00e8 il riconoscimento che viene dall'essere tra quelle imprese che si preoccupano abbastanza da ridurre il proprio impatto ambientale. Questo pu\u00f2 comportare per la vostra azienda migliori relazioni con i clienti, il pubblico e la comunit\u00e0 in generale, ma porta anche altri vantaggi.<\/p>\n<p>Insieme ad una buona immagine pubblica, molte aziende possono risparmiare denaro attraverso l'implementazione di un sistema di gestione ambientale. Tale risparmio pu\u00f2 essere ottenuto attraverso la riduzione degli incidenti che possono provocare dei costi impliciti nella responsabilit\u00e0. \u00c8 inoltre \u00e8 possibile ottenere una copertura assicurativa con premi pi\u00f9 ragionevoli, e risparmiare sull'energia elettrica e la conservazione dei materiali in ingresso. Questo miglioramento nel controllo dei costi \u00e8 un vantaggio che non pu\u00f2 essere trascurato al momento della decisione di implementare un sistema di gestione ambientale.<\/p>\n<\/div>\n<p><div id=\"middle-banner\" class=\"banner-shortcode\"><\/div><script>loadMiddleBanner();<\/script><br \/>\n<div id=\"side-banner-trigger\" class=\"banner-shortcode\"><\/div><\/p>\n<h2 id=\"structure\"><strong>Com'\u00e8 fatta realmente la ISO 14001?<\/strong><\/h2>\n<p>La struttura della ISO 14001 \u00e8 suddivisa in dieci sezioni. Le prime tre sono introduttive, mentre le rimanenti sette contengono i requisiti per il sistema di gestione ambientale. Di seguito una sintesi delle sette sezioni principali:<\/p>\n<p><strong>Sezione 4: Contesto dell'organizzazione<\/strong> \u2013 Questa sezione illustra i requisiti per comprendere la tua organizzazione al fine di implementare un SGA. Essa comprende i requisiti per identificare le problematiche interne ed esterne, identificare le parti interessate e le loro aspettative, definire lo scopo del SGA e identificare i processi richiesti per il SGA.<\/p>\n<p><strong>Sezione 5: Leadership<\/strong> \u2013 I requisiti di leadership riguardano la necessit\u00e0 che l\u2019Alta Direzione sia strumentale nell'implementazione del SGA. L\u2019Alta Direzione deve dimostrare l'impegno nei confronti del SGA garantendo l'impegno ambientale, definendo e comunicando la politica ambientale e assegnando ruoli e responsabilit\u00e0 all'interno dell'organizzazione.<\/p>\n<p><strong>Sezione 6: Pianificazione<\/strong> \u2013 L\u2019Alta Direzione deve anche pianificare il funzionamento continuo del SGA. \u00c8 necessario valutare i rischi e le opportunit\u00e0 del SGA all\u2019interno dell'organizzazione e devono essere identificati gli obiettivi ambientali per il miglioramento e i piani per conseguire tali obiettivi. Inoltre, \u00e8 necessario che l'organizzazione valuti tutti i modi in cui i processi organizzativi interagiscono e influenzano l'ambiente, nonch\u00e9 gli impegni legali e di altro tipo richiesti all'organizzazione.<\/p>\n<p><strong>Sezione 7: Supporto<\/strong> \u2013 La sezione supporto riguarda la gestione di tutte le risorse per il SGA e include inoltre i requisiti relativi alla competenza, alla consapevolezza, alla comunicazione e al controllo delle informazioni documentate (i documenti e le registrazioni richiesti per i processi).<\/p>\n<p><strong>Sezione 8: Funzionamento<\/strong> \u2013 I requisiti operativi riguardano tutti gli aspetti dei controlli ambientali necessari ai processi organizzativi, nonch\u00e9 la necessit\u00e0 di identificare potenziali situazioni di emergenza e pianificare le relative risposte in modo da essere pronti ad agire in caso di emergenza.<\/p>\n<p><strong>Sezione 9: Valutazione delle prestazioni<\/strong> \u2013 Questa sezione include i requisiti necessari per assicurarsi di poter monitorare il corretto funzionamento del tuo SGA. Tali requisiti comprendono il monitoraggio e la misurazione dei processi, la valutazione della conformit\u00e0 ambientale, gli audit interni e il riesame del SGA da parte della Direzione.<\/p>\n<p><strong>Sezione 10: Miglioramento<\/strong> \u2013 Quest'ultima sezione include i requisiti necessari per migliorare nel tempo il tuo SGA. Ci\u00f2 include la necessit\u00e0 di valutare le non conformit\u00e0 di processo e l'adozione di azioni correttive relative ai processi.<\/p>\n<p>Queste sezioni sono basate sul ciclo di Deming (Plan-Do-Check-Act), che utilizza questi elementi per implementare il cambiamento all'interno dei processi dell'organizzazione al fine di produrre e mantenere dei miglioramenti nei processi.<\/p>\n<p style=\"text-align: center;\"><img decoding=\"async\" class=\"aligncenter size-full wp-image-4700\" src=\"\/wp-content\/uploads\/\/sites\/4\/2015\/05\/PDCA-cycle.png\" alt=\"PDCA cycle\" width=\"300\" height=\"300\" srcset=\"\/wp-content\/uploads\/sites\/4\/2015\/05\/PDCA-cycle.png 1004w, \/wp-content\/uploads\/sites\/4\/2015\/05\/PDCA-cycle-150x150.png 150w, \/wp-content\/uploads\/sites\/4\/2015\/05\/PDCA-cycle-300x300.png 300w, \/wp-content\/uploads\/sites\/4\/2015\/05\/PDCA-cycle-768x766.png 768w\" sizes=\"(max-width: 300px) 100vw, 300px\" \/><\/p>\n<p>Per ulteriori informazioni sul funzionamento della norma ISO 14001, questo articolo del blog fornisce una spiegazione pi\u00f9 dettagliata: <a title=\"Plan-Do-Check-Act in the ISO 14001 Standard\" href=\"\/14001academy\/it\/knowledgebase\/il-ciclo-plan-do-check-act-nella-norma-iso-14001\/\">Il ciclo Plan-Do-Check-Act nella norma ISO 14001<\/a>.<\/p>\n<h2 id=\"benefits\"><strong>Perch\u00e9 implementare la ISO 14001 nella propria organizzazione?<\/strong><\/h2>\n<p>I benefici della ISO 14001 non possono essere sopravvalutati; aziende grandi e piccole hanno usato questa norma con grande efficacia, come gi\u00e0 detto. Di seguito sono elencati solo alcuni di questi benefici:<\/p>\n<p><strong>Migliorare la propria immagine e credibilit\u00e0<\/strong> - Assicurando i propri clienti di essere impegnati in una evidente gestione degli impatti ambientali, \u00e8 possibile migliorare la propria immagine e la quota di mercato attraverso il mantenimento di una buona immagine pubblica e migliorando le relazioni all'interno della comunit\u00e0.<\/p>\n<p><strong>Migliorare il controllo dei costi<\/strong> - Un tipo di miglioramento che tutte le aziende cercano \u00e8 la riduzione dei costi. Un SGA pu\u00f2 aiutare in questo, con un risparmio di energia e materiali in ingresso, riducendo gli incidenti a causa dei quali una societ\u00e0 pu\u00f2 essere soggetta a costi dovuti alla propria responsabilit\u00e0. Inoltre migliorare i controlli ambientali pu\u00f2 aiutare un'azienda a ottenere un premio assicurativo inferiore.<\/p>\n<p><strong>Utilizzare un processo decisionale basato sull'evidenza<\/strong> - assicurandosi di utilizzare dati precisi sui quali basare le proprie decisioni su cosa migliorare, si possono aumentare notevolmente le probabilit\u00e0 che i miglioramenti abbiano successo al primo colpo, invece di collezionare numerosi tentativi falliti. Utilizzando questi dati per tenere traccia dei progressi, \u00e8 possibile correggere queste iniziative di miglioramento prima che vadano \"fuori dai binari\", risparmiando cos\u00ec tempo e denaro.<\/p>\n<p><strong>Creare una cultura del miglioramento continuo<\/strong> - Con il miglioramento continuo, si pu\u00f2 lavorare per migliorare i processi e ridurre l'impatto ambientale in modo sistematico, al fine di migliorare la propria immagine pubblica e, potenzialmente, ridurre i costi sopra identificati. Quando si crea una cultura del miglioramento, le persone sono sempre alla ricerca di modi per rendere migliori i propri processi, il che rende pi\u00f9 facile il mantenimento di un SGA.<\/p>\n<p><strong>Motivare il proprio personale<\/strong> \u2013 Dovendo scegliere tra lavorare per una societ\u00e0 che mostra interesse e preoccupazione per l'ambiente circostante e una che non lo fa, la maggior parte delle persone preferir\u00e0 la prima societ\u00e0. Impegnando i propri dipendenti in uno sforzo di gruppo per ridurre l'impatto ambientale \u00e8 possibile aumentare la concentrazione e fidelizzare i dipendenti.<\/p>\n<h2 id=\"certification\"><strong>Quali sono i passi concreti per ottenere la certificazione ISO 14001?<\/strong><\/h2>\n<p>Che cosa \u00e8 la certificazione ISO 14001? Ci sono due tipi di certificazione: la certificazione del sistema di gestione ambientale di un'azienda a fronte dei requisiti ISO 14001 e la certificazione degli individui per renderli qualificati per condurre audit a fronte dei requisiti della ISO 14001. In questa sezione verranno illustrati i passi che una societ\u00e0 deve fare per implementare un sistema di gestione ambientale ISO 14001 e per ottenere la certificazione.<\/p>\n<p>La <strong>certificazione <\/strong>ISO 14001 <strong>per la vostra azienda<\/strong> implica l'implementazione di un SGA basato sui requisiti ISO 14001, e quindi il conferimento dell'incarico a un ente di certificazione riconosciuto di svolgere un audit e approvare tale SGA come conforme ai requisiti della norma ISO 14001.<\/p>\n<p>A partire dal supporto alla gestione e identificando i requisiti legali per un SGA, \u00e8 necessario iniziare con la definizione della politica ambientale, degli aspetti ambientali e degli obiettivi e target ambientali, che insieme definiscono lo scopo generale e l'implementazione del sistema di gestione ambientale. Oltre a questo, \u00e8 necessario creare i processi e le procedure obbligatori e supplementari necessari al funzionamento della propria organizzazione. Ci sono diversi processi obbligatori che devono essere inclusi, e altri da aggiungere qualora la societ\u00e0 lo ritenga necessario. Per una buona spiegazione su questo argomento, date un'occhiata a questo libro bianco su\u00a0<a href=\"\/14001academy\/it\/knowledgebase\/elenco-dei-documenti-obbligatori-richiesti-dalla-iso-140012015\/\">Elenco dei documenti obbligatori richiesti dalla ISO 14001:2015<\/a>.<\/p>\n<p>Questa creazione di documenti e registrazioni pu\u00f2 essere fatta internamente alla vostra azienda, oppure si pu\u00f2 ottenere aiuto attraverso l'assunzione di un consulente o l'acquisto di documentazione standard. Per vedere i campioni di documentazione, visitate questa pagina <a title=\"Free Downloads\" href=\"\/14001academy\/it\/download-gratuiti\/\">Download gratuiti ISO 14001<\/a>.<\/p>\n<p>Una volta che tutti i processi e le procedure sono in atto, sar\u00e0 necessario gestire il Sistema di Gestione Ambientale per un certo periodo. In questo modo, si sar\u00e0 in grado di raccogliere i dati necessari per andare alle fasi successive: le verifiche ispettive interne, il riesame del sistema e ottenere la certificazione.<\/p>\n<h2 id=\"mandatory-steps\"><strong>Fasi obbligatorie per completare l'implementazione e ottenere il certificato<\/strong><\/h2>\n<p>Dopo aver completato tutta la documentazione e averla implementata, l'organizzazione dovr\u00e0 eseguire queste fasi per avere successo nel processo di certificazione:<\/p>\n<p><strong>Verifica Ispettiva Interna<\/strong> \u2013 La verifica ispettiva interna (o audit interno) viene svolta per controllare i processi di un SGA. L'obiettivo \u00e8 quello di garantire che siano state effettuate le registrazioni per confermare la conformit\u00e0 dei processi e di trovare eventuali problemi e debolezze che altrimenti non verrebbero evidenziati.<\/p>\n<p><strong>Riesame della Direzione<\/strong> - una revisione formale effettuata dalla Direzione per valutare i fatti rilevanti relativi ai processi del sistema di gestione al fine di prendere decisioni e assegnare risorse appropriate.<\/p>\n<p><strong>Le azioni correttive<\/strong> - A seguito della verifica ispettiva interna e del riesame della Direzione, \u00e8 necessario correggere la causa primaria dei vari problemi identificati e documentare come questi siano stati risolti.<\/p>\n<p>Il processo di certificazione di un'azienda \u00e8 suddiviso in due fasi o stage:<\/p>\n<p><strong>Stage 1 (riesame della documentazione)<\/strong> \u2013 Gli auditor dell'ente di certificazione prescelto controlleranno la documentazione per garantire che questa sia conforme ai requisiti della norma ISO 14001.<\/p>\n<p><strong>Stage Due (Main audit)<\/strong> - Qui, gli auditor dell'ente di certificazione verificheranno se le attivit\u00e0 effettive sono compatibili sia con la ISO 14001 che con la vostra documentazione, attraverso un riesame di documenti, registrazioni e pratiche aziendali.<\/p>\n<h2 id=\"training\"><strong>Che tipo di formazione e certificazione ISO 14001 \u00e8 disponibile per individui?<\/strong><\/h2>\n<p>La formazione sui concetti della ISO 14001 per individui \u00e8 disponibile, ed esistono varie di opzioni di corsi tra cui scegliere. Solo il primo dei corsi indicati di seguito pu\u00f2 portare alla certificazione per qualificare l'individuo a condurre audit per un ente di certificazione, mentre gli altri sono molto utili per chi intenda utilizzare queste competenze all'interno della propria azienda:<\/p>\n<p><strong>Corso per Lead Auditor ISO 14001<\/strong> - Si tratta di un corso di formazione di quattro \/ cinque giorni focalizzato sulla comprensione del Sistema di Gestione Ambientale in conformit\u00e0 alla norma ISO 14001 e sull'essere in grado di usarla per condurre degli audit di sistemi di gestione a fronte di questi requisiti. Il corso prevede un esame finale per verificare la conoscenza e la competenza, ed \u00e8 solo con un corso accreditato che un individuo pu\u00f2 qualificarsi per condurre audit per un ente di certificazione.<\/p>\n<p><strong>Corso per Auditor Interno ISO 14001<\/strong> \u2013 Si tratta di solito di un corso di due o tre giorni che si basa sul corso per lead auditor di cui sopra, ma non include l'esame per la valutazione della competenza, quindi \u00e8 molto utile per chi debba iniziare ad effettuare audit all'interno di un'azienda.<\/p>\n<p><strong>Corsi di sensibilizzazione e implementazione della ISO 14001<\/strong> \u2013 Esistono numerosi corsi sulla norma ISO 14001 e su come implementarla. Questi corsi possono essere di uno \/ due o anche cinque giorni, e possono anche includere delle sessioni di e-learning on-line come metodo di insegnamento. Questi corsi sono adatti a chi ha bisogno di una panoramica sulla norma ISO 14001, o a coloro che saranno coinvolti nell'implementazione all'interno di una societ\u00e0, e molti di questi sono pi\u00f9 economici rispetto al costo di un corso per lead auditor per persone coinvolte a questo livello.<\/p>\n<p>Esiste un certo numero di enti di formazione accreditati in tutto il mondo tramite cui si possono ottenere qualifiche individuali per la norma ISO 14001.<\/p>\n<p style=\"text-align: left;\"><em>Per ulteriori informazioni sull'implementazione della ISO 14001, visita la nostra pagina <a title=\"ISO 14001 Download gratuito\" href=\"\/14001academy\/it\/download-gratuiti\/\">ISO 14001 Download gratuito<\/a>. Troverai una serie di risorse utili.<\/em><\/p>\n<p><div id=\"custom-banner\" class=\"banner-shortcode no-bottom-border\"><\/div><\/p>\n\n\n            \n        <\/div>\n    <\/div>\n<\/div>\n<\/section>\n<\/div><\/div><\/div><\/div><\/div>","protected":false},"excerpt":{"rendered":"<p>Cos&#8217;\u00e8 la ISO 14001? MODELLI PER ISO 14001 CORSI SU ISO 14001 MATERIALE GRATUITO SOMMARIO Cos\u2019\u00e8 la ISO 14001? Introduzione Cos&#8217;\u00e8 un SGA? Importanza della ISO 14001 Struttura della ISO 14001 Benefici della ISO 14001 Ottenere la certificazione Fasi obbligatorie Formazione per individui \u201cCos&#8217;\u00e8 la ISO 14001?\u201d Esiste una risposta semplice a questa domanda? Non &#8230;<\/p>\n","protected":false},"author":27,"featured_media":31086,"parent":0,"menu_order":37,"comment_status":"open","ping_status":"closed","template":"page-what-is-iso.php","meta":{"_acf_changed":false,"footnotes":""},"toolkit-document-types":[],"class_list":["post-6932","page","type-page","status-publish","has-post-thumbnail","hentry"],"acf":[],"_links":{"self":[{"href":"https:\/\/advisera.com\/14001academy\/it\/wp-json\/wp\/v2\/pages\/6932","targetHints":{"allow":["GET"]}}],"collection":[{"href":"https:\/\/advisera.com\/14001academy\/it\/wp-json\/wp\/v2\/pages"}],"about":[{"href":"https:\/\/advisera.com\/14001academy\/it\/wp-json\/wp\/v2\/types\/page"}],"author":[{"embeddable":true,"href":"https:\/\/advisera.com\/14001academy\/it\/wp-json\/wp\/v2\/users\/27"}],"replies":[{"embeddable":true,"href":"https:\/\/advisera.com\/14001academy\/it\/wp-json\/wp\/v2\/comments?post=6932"}],"version-history":[{"count":2,"href":"https:\/\/advisera.com\/14001academy\/it\/wp-json\/wp\/v2\/pages\/6932\/revisions"}],"predecessor-version":[{"id":32817,"href":"https:\/\/advisera.com\/14001academy\/it\/wp-json\/wp\/v2\/pages\/6932\/revisions\/32817"}],"wp:featuredmedia":[{"embeddable":true,"href":"https:\/\/advisera.com\/14001academy\/it\/wp-json\/wp\/v2\/media\/31086"}],"wp:attachment":[{"href":"https:\/\/advisera.com\/14001academy\/it\/wp-json\/wp\/v2\/media?parent=6932"}],"wp:term":[{"taxonomy":"toolkit-document-types","embeddable":true,"href":"https:\/\/advisera.com\/14001academy\/it\/wp-json\/wp\/v2\/toolkit-document-types?post=6932"}],"curies":[{"name":"wp","href":"https:\/\/api.w.org\/{rel}","templated":true}]}}