{"id":4283,"date":"2015-06-18T14:17:28","date_gmt":"2015-06-18T14:17:28","guid":{"rendered":"https:\/\/multiacademstg.wpengine.com\/27001academy\/what-is-iso-22301-2\/"},"modified":"2022-12-01T14:26:19","modified_gmt":"2022-12-01T14:26:19","slug":"sto-je-iso-22301","status":"publish","type":"page","link":"https:\/\/advisera.com\/27001academy\/hr\/sto-je-iso-22301\/","title":{"rendered":"\u0160to je ISO 22301?"},"content":{"rendered":"<div id=\"pl-4283\"  class=\"panel-layout\" ><div id=\"pg-4283-0\"  class=\"panel-grid panel-no-style\" ><div id=\"pgc-4283-0-0\"  class=\"panel-grid-cell\" ><div id=\"panel-4283-0-0-0\" class=\"so-panel widget widget_hero-with-buttons-widget panel-first-child\" data-index=\"0\" ><div\n\t\t\t\n\t\t\tclass=\"so-widget-hero-with-buttons-widget so-widget-hero-with-buttons-widget-default-d75171398898-4283\"\n\t\t\t\n\t\t><section class=\"iso-hero sans\" style=\"background: #03284d;\">\n    <div class=\"container\">\n        <h1 class=\"iso-hero_title  \">\n            Osnove ISO 22301\n        <\/h1>\n        <p class=\"iso-hero_subtitle \">\n                \n        <\/p>\n        <div class=\"iso-hero_buttons\">\n                            <div class=\"iso-hero_button\">\n                    <div class=\"button-image\">\n                        <img decoding=\"async\" width=\"64\" height=\"64\" src=\"\/wp-content\/uploads\/sites\/5\/2021\/10\/what-is-ISO-22301-Templates-button.png\" class=\"attachment-full size-full\" alt=\"-\">\n                    <\/div>\n                    <div class=\"button-content\">\n                        <span>ISO 22301 PREDLO\u0160CI<\/span>\n                    <\/div>\n                    <a href=\"https:\/\/advisera.com\/27001academy\/hr\/iso-22301-paket-dokumentacije\/\"><\/a>\n                <\/div>\n                            <div class=\"iso-hero_button\">\n                    <div class=\"button-image\">\n                        <img decoding=\"async\" width=\"67\" height=\"67\" src=\"\/wp-content\/uploads\/sites\/5\/2021\/10\/what-is-ISO-22301-Courses-button.png\" class=\"attachment-full size-full\" alt=\"-\">\n                    <\/div>\n                    <div class=\"button-content\">\n                        <span>ISO 27001 TE\u010cAJEVI<\/span>\n                    <\/div>\n                    <a href=\"https:\/\/advisera.com\/training\/iso-27001-training\/\"><\/a>\n                <\/div>\n                            <div class=\"iso-hero_button\">\n                    <div class=\"button-image\">\n                        <img decoding=\"async\" width=\"67\" height=\"67\" src=\"\/wp-content\/uploads\/sites\/5\/2021\/10\/what-is-ISO-22301-Free-Materials-button.png\" class=\"attachment-full size-full\" alt=\"-\">\n                    <\/div>\n                    <div class=\"button-content\">\n                        <span>BESPLATNI MATERIJALI<\/span>\n                    <\/div>\n                    <a href=\"https:\/\/advisera.com\/27001academy\/hr\/besplatna-preuzimanja\/\"><\/a>\n                <\/div>\n                    <\/div>\n    <\/div>\n<\/section><\/div><\/div><div id=\"panel-4283-0-0-1\" class=\"so-panel widget widget_content-with-sidebar-widget panel-last-child\" data-index=\"1\" ><div\n\t\t\t\n\t\t\tclass=\"so-widget-content-with-sidebar-widget so-widget-content-with-sidebar-widget-default-d75171398898-4283\"\n\t\t\t\n\t\t><section class=\"content-with-sidebar\">\n<div class=\"container\">\n\n    <div class=\"sidebar-area\">\n        <div class=\"sidebar-bg\"><\/div>\n        <div class=\"sidebar-wrapper\">\n            <div class=\"sidebar\">\n\n                \n                <h2 class=\"sidebar-title\">\n                    SADR\u017dAJ\n                <\/h2>\n\n                                    <div class=\"sidebar-item no-collapse\">\n                        <div class=\"sidebar-item-links\">\n                            <a class=\"scrollToAnchor\" href=\"#section1\">Osnove ISO 22301<\/a>\n<a class=\"scrollToAnchor\" href=\"#section2\">Osnovni pojmovi<\/a>\n<a class=\"scrollToAnchor\" href=\"#section3\">Sadr\u017eaj ISO 22301<\/a>\n<a class=\"scrollToAnchor\" href=\"#section4\">Obvezna dokumentacija<\/a>\n<a class=\"scrollToAnchor\" href=\"#section5\">Povezani standardi<\/a>\n\n                        <\/div>\n                    <\/div>\n\n                            <\/div>\n        <\/div>\n    <\/div>\n    <div class=\"content-area\">\n        <div class=\"what-is-groups\">\n\n            \n            <h2 id=\"section1\"><strong>\u0160to je ISO 22301?<\/strong><\/h2>\nPuni naziv ovog standarda je ISO 22301:2012 Societal security \u2013 Business continuity management systems \u2013 Requirements (za sada ne postoji slu\u017ebeni prijevod na hrvatski jezik). Ovaj standard su pisali vode\u0107i stru\u010dnjaci za kontinuitet poslovanja, i on pru\u017ea najbolji okvir za upravljanje kontinuitetom poslovanja u organizaciji.\n\nJedna od stvari po \u010demu se ovaj standard razlikuje od ostalih metodologija i standarda za kontinuitet poslovanja jest \u0161to se organizacije mogu certificirati po ISO 22301 od strane akreditiranih certifikacijskih ku\u0107a, i na taj na\u010din dokazati svoju sukladnost prema svojim klijentima, partnerima, vlasnicima i ostalim zainteresiranim stranama.\n<h3>Odnos s BS 25999-2<\/h3>\nISO 22301 je zamijenio BS 25999-2 \u2013 ta dva standarda su relativno sli\u010dna, i mo\u017ee se re\u0107i da je ISO 22301 unaprije\u0111ena verzija BS 25999-2. Za razlike izme\u0111u ova dva standarda pogledajte\u00a0<a href=\"\/27001academy\/hr\/blog\/2012\/05\/22\/iso-22301-vs-bs-25999-2-infografika\/\" target=\"_blank\" rel=\"noopener\">infografiku ISO 22301 vs. BS 25999-2<\/a>.\n<h3>Koje su koristi od kontinuiteta poslovanja?<\/h3>\nKada se upravljanje kontinuitetom poslovanja implementira na primjeren na\u010din smanjit \u0107e se mogu\u0107nost za prekid poslovanja, ali ako takav prekid i nastupi, organizacija \u0107e biti sposobna odgovoriti na primjeren na\u010din \u0161to \u0107e drasti\u010dno smanjiti potencijalnu \u0161tetu od takvog prekida.\n<h3>Tko mo\u017ee implementirati ovaj standard?<\/h3>\nBilo koja organizacija \u2013 velika ili mala, profitna ili neprofitna, privatna ili javna. Standard je koncipiran na takav na\u010din da je primjenjiv za bilo koju veli\u010dinu ili bilo koju vrstu organizacije.\n<h3>Na koji na\u010din se uklapa upravljanje kontinuitetom poslovanja u ukupno upravljanje u organizaciji?<\/h3>\nUpravljanje kontinuitetom poslovanja je dio upravljanja rizicima, s time da postoji veliko preklapanje sa upravljanjem informacijskom sigurno\u0161\u0107u i sa upravljanjem informacijskim tehnologijama.\n<p style=\"text-align: center;\"><img decoding=\"async\" class=\"aligncenter wp-image-4308 size-medium\" src=\"\/wp-content\/uploads\/\/sites\/5\/2016\/10\/iso-22301-hr.png\" alt=\"-\" width=\"300\" height=\"300\"><\/p>\n<p style=\"text-align: center;\">Napomena: upravljanje rizicima je dio generalnog upravljanja na nivou cijele organizacije.<\/p>\n\n<h2 id=\"section2\"><strong>Osnovni termini koji se koriste u standardu<\/strong><\/h2>\n<ul>\n \t<li>Sustav upravljanja kontinuitetom poslovanja (engl. Business Continuity Management System \u2013 BCMS) \u2013 dio ukupnog sustava upravljanja uz pomo\u0107u kojeg se planira, implementira, odr\u017eava i pobolj\u0161ava kontinuitet poslovanja<\/li>\n \t<li>Maksimalni prihvatljivi zastoj (engl. Maximum Acceptable Outage \u2013 MAO) \u2013 maksimalno vrijeme koje aktivnost mo\u017ee biti prekinuta bez da pretrpi neprihvatljivu \u0161tetu (tako\u0111er engl. Maximum Tolerable Period of Disruption \u2013 MTPD)<\/li>\n \t<li>Ciljano vrijeme oporavka (engl. Recovery Time Objective \u2013 RTO) \u2013 unaprijed odre\u0111eno vrijeme unutar kojeg aktivnost mora nastaviti sa normalnim funkcioniranjem, ili unutar kojeg se resursi moraju oporaviti<\/li>\n \t<li>Ciljana to\u010dka oporavka (engl. Recovery Point Objective \u2013 RPO) \u2013 maksimalni gubitak podataka, tj. minimalna koli\u010dina podataka koja se mora oporaviti<\/li>\n \t<li>Minimalna razina kontinuiteta poslovanja (engl. Minimum Business Continuity Objective \u2013 MBCO) \u2013 minimalna razina usluga ili proizvoda koju organizacija mora pru\u017eati nakon \u0161to nastavi sa normalnim funkcioniranjem<\/li>\n<\/ul>\n<h2 id=\"section3\"><strong>Sadr\u017eaj ISO 22301<\/strong><\/h2>\nStandard sadr\u017ei slijede\u0107a poglavlja:\n\nUvod\n\n0.1 Generalno\n\n0.2 Plan-Do-Check-Act (PDCA) model\n\n0.3 Komponente PDCA modela u ovom me\u0111unarodnom standardu\n\n1 Opseg\n\n2 Normativne odredbe\n\n3 Pojmovi i definicije\n\n4 Kontekst organizacije\n\n4.1 Razumijevanje organizacije i njenog konteksta\n\n4.2 Razumijevanje potreba i o\u010dekivanja zainteresiranih strana\n\n4.3 Odre\u0111ivanje opsega sustava upravljanja\n\n4.4 Sustav upravljanja kontinuitetom poslovanja\n\n5 Rukovo\u0111enje\n\n5.1 Generalno\n\n5.2 Posve\u0107enost menad\u017ementa\n\n5.3 Politika\n\n5.4 Organizacijske uloge, odgovornosti i ovla\u0161tenja\n\n6 Planiranje\n\n6.1 Mjere za rje\u0161avanje rizika i povoljnih prilika\n\n6.2 Ciljevi kontinuiteta poslovanja i planovi za njihovo postizanje\n\n7 Podr\u0161ka\n\n7.1 Resursi\n\n7.2 Sposobnosti\n\n7.3 Osvije\u0161tenost\n\n7.4 Komunikacija\n\n7.5 Dokumentirane informacije\n\n8 Provedba\n\n8.1 Operativno planiranje i kontrola\n\n8.2 Analiza utjecaja na poslovanje i procjena rizika\n\n8.3 Strategija kontinuiteta poslovanja\n\n8.4 Uspostavljanje i implementacija procedura za kontinuitet poslovanja\n\n8.5 Vje\u017ebanje i testiranje\n\n9 Ocjena u\u010dinka\n\n9.1 Pra\u0107enje, mjerenje, analiza i ocjenjivanje\n\n9.2 Interni audit\n\n9.3 Pregled od strane menad\u017ementa\n\n10 Pobolj\u0161avanje\n\n10.1 Nesukladnosti i korektivne mjere\n\n10.2 Stalno pobolj\u0161avanje\n\nBibliografija\n<h2 id=\"section4\"><strong>Obvezna dokumentacija<\/strong><\/h2>\nAko organizacija \u017eeli implementirati ovaj standard, slijede\u0107a\u00a0<a href=\"https:\/\/advisera.com\/27001academy\/hr\/iso-22301-paket-dokumentacije\/\">dokumentacija<\/a>\u00a0je obvezna:\n<ul>\n \t<li>Popis primjenjivih zakonskih, regulatornih i ostalih zahtjeva<\/li>\n \t<li>Opseg ISMS-a<\/li>\n \t<li>Politika kontinuiteta poslovanja<\/li>\n \t<li>Ciljevi kontinuiteta poslovanja<\/li>\n \t<li>Dokazi o sposobnostima zaposlenih<\/li>\n \t<li>Zapisi o komunikaciji sa zainteresiranim stranama<\/li>\n \t<li>Analiza utjecaja na poslovanje<\/li>\n \t<li>Procjena rizika, \u0161to uklju\u010duje i odre\u0111ivanje prihvatljive razine rizika<\/li>\n \t<li>Struktura za odziv na incident<\/li>\n \t<li>Planovi kontinuiteta poslovanja<\/li>\n \t<li>Procedure za oporavak<\/li>\n \t<li>Rezultati preventivnih mjera<\/li>\n \t<li>Rezultati pra\u0107enja i mjerenja<\/li>\n \t<li>Rezultati internih audita<\/li>\n \t<li>Rezultati pregleda od strane menad\u017ementa<\/li>\n \t<li>Rezultati korektivnih mjera<\/li>\n<\/ul>\n<span id=\"result_box\" lang=\"hr\"><span class=\"hps\">Kliknite<\/span> <span class=\"hps\">ovdje da<\/span> <span class=\"hps\">biste vidjeli<\/span> <a title=\"Besplatna preuzimanja\" href=\"\/27001academy\/hr\/besplatna-preuzimanja\/\"><span class=\"hps\">detaljno obja\u0161njenje<\/span> <span class=\"hps\">svakog<\/span> <span class=\"hps\">obveznog<\/span> <span class=\"hps\">dokumenta<\/span><\/a>.<\/span>\n<h2 id=\"section5\"><strong>Povezani standardi<\/strong><\/h2>\nOstali standardi koji mogu biti korisni u implementaciji kontinuiteta poslovanja su:\n<ul>\n \t<li>ISO\/IEC 27031 \u2013 Guidelines for information and communication technology readiness for business continuity<\/li>\n \t<li>PAS 200 \u2013 Crisis management \u2013 Guidance and good practice<\/li>\n \t<li>PD 25666 \u2013 Guidance on exercising and testing for continuity and contingency programmes<\/li>\n \t<li>PD 25111 \u2013 Guidance on human aspects of business continuity<\/li>\n \t<li>ISO\/IEC 24762 \u2013 Guidelines for information and communications technology disaster recovery services<\/li>\n \t<li>ISO\/PAS 22399 \u2013 Guideline for incident preparedness and operational continuity management<\/li>\n \t<li><a title=\"\u0160to je ISO 27001?\" href=\"\/27001academy\/hr\/sto-je-iso-27001\/\">ISO\/IEC 27001<\/a>\u00a0\u2013 Information security management systems \u2013 Requirements<\/li>\n<\/ul>\n<strong>Da saznate vi\u0161e o implementaciji ISO 22301 posjetite na\u0161u stranicu <a title=\"ISO 22301 Besplatno preuzimanje\" href=\"\/27001academy\/hr\/besplatna-preuzimanja\/\">ISO 22301 Besplatno preuzimanje<\/a>. Prona\u0107i \u0107ete mno\u0161tvo korisnih resursa.<\/strong>\n\n            \n        <\/div>\n    <\/div>\n<\/div>\n<\/section>\n<\/div><\/div><\/div><\/div><\/div>","protected":false},"excerpt":{"rendered":"<p>Osnove ISO 22301 ISO 22301 PREDLO\u0160CI ISO 27001 TE\u010cAJEVI BESPLATNI MATERIJALI SADR\u017dAJ Osnove ISO 22301 Osnovni pojmovi Sadr\u017eaj ISO 22301 Obvezna dokumentacija Povezani standardi \u0160to je ISO 22301? Puni naziv ovog standarda je ISO 22301:2012 Societal security \u2013 Business continuity management systems \u2013 Requirements (za sada ne postoji slu\u017ebeni prijevod na hrvatski jezik). Ovaj standard &#8230;<\/p>\n","protected":false},"author":6,"featured_media":0,"parent":0,"menu_order":31,"comment_status":"open","ping_status":"open","template":"page-what-is-iso.php","meta":{"_acf_changed":false,"footnotes":""},"toolkit-document-types":[],"class_list":["post-4283","page","type-page","status-publish","hentry"],"acf":[],"_links":{"self":[{"href":"https:\/\/advisera.com\/27001academy\/hr\/wp-json\/wp\/v2\/pages\/4283","targetHints":{"allow":["GET"]}}],"collection":[{"href":"https:\/\/advisera.com\/27001academy\/hr\/wp-json\/wp\/v2\/pages"}],"about":[{"href":"https:\/\/advisera.com\/27001academy\/hr\/wp-json\/wp\/v2\/types\/page"}],"author":[{"embeddable":true,"href":"https:\/\/advisera.com\/27001academy\/hr\/wp-json\/wp\/v2\/users\/6"}],"replies":[{"embeddable":true,"href":"https:\/\/advisera.com\/27001academy\/hr\/wp-json\/wp\/v2\/comments?post=4283"}],"version-history":[{"count":0,"href":"https:\/\/advisera.com\/27001academy\/hr\/wp-json\/wp\/v2\/pages\/4283\/revisions"}],"wp:attachment":[{"href":"https:\/\/advisera.com\/27001academy\/hr\/wp-json\/wp\/v2\/media?parent=4283"}],"wp:term":[{"taxonomy":"toolkit-document-types","embeddable":true,"href":"https:\/\/advisera.com\/27001academy\/hr\/wp-json\/wp\/v2\/toolkit-document-types?post=4283"}],"curies":[{"name":"wp","href":"https:\/\/api.w.org\/{rel}","templated":true}]}}