{"id":7504,"date":"2015-05-14T11:13:10","date_gmt":"2015-05-14T11:13:10","guid":{"rendered":"https:\/\/multiacademstg.wpengine.com\/27001academy\/product-tour-2\/"},"modified":"2023-05-10T13:32:49","modified_gmt":"2023-05-10T13:32:49","slug":"przewodnik-po-produkcie","status":"publish","type":"page","link":"https:\/\/advisera.com\/27001academy\/pl\/przewodnik-po-produkcie\/","title":{"rendered":"Przegl\u0105d Pakiet\u00f3w i dokument\u00f3w dla norm ISO 27001 oraz ISO 22301"},"content":{"rendered":"","protected":false},"excerpt":{"rendered":"","protected":false},"author":161,"featured_media":0,"parent":0,"menu_order":299,"comment_status":"open","ping_status":"closed","template":"","meta":{"_acf_changed":false,"footnotes":""},"toolkit-document-types":[],"class_list":["post-7504","page","type-page","status-publish","hentry"],"acf":[],"_links":{"self":[{"href":"https:\/\/advisera.com\/27001academy\/pl\/wp-json\/wp\/v2\/pages\/7504","targetHints":{"allow":["GET"]}}],"collection":[{"href":"https:\/\/advisera.com\/27001academy\/pl\/wp-json\/wp\/v2\/pages"}],"about":[{"href":"https:\/\/advisera.com\/27001academy\/pl\/wp-json\/wp\/v2\/types\/page"}],"author":[{"embeddable":true,"href":"https:\/\/advisera.com\/27001academy\/pl\/wp-json\/wp\/v2\/users\/161"}],"replies":[{"embeddable":true,"href":"https:\/\/advisera.com\/27001academy\/pl\/wp-json\/wp\/v2\/comments?post=7504"}],"version-history":[{"count":0,"href":"https:\/\/advisera.com\/27001academy\/pl\/wp-json\/wp\/v2\/pages\/7504\/revisions"}],"wp:attachment":[{"href":"https:\/\/advisera.com\/27001academy\/pl\/wp-json\/wp\/v2\/media?parent=7504"}],"wp:term":[{"taxonomy":"toolkit-document-types","embeddable":true,"href":"https:\/\/advisera.com\/27001academy\/pl\/wp-json\/wp\/v2\/toolkit-document-types?post=7504"}],"curies":[{"name":"wp","href":"https:\/\/api.w.org\/{rel}","templated":true}]}}