{"id":4263,"date":"2015-06-18T21:52:22","date_gmt":"2015-06-18T21:52:22","guid":{"rendered":"https:\/\/multiacademstg.wpengine.com\/27001academy\/free-calculator-duration-of-iso-27001-iso-22301-implementation-2\/"},"modified":"2023-04-14T11:09:54","modified_gmt":"2023-04-14T11:09:54","slug":"duracao-da-implementacao","status":"publish","type":"page","link":"https:\/\/advisera.com\/27001academy\/pt-br\/ferramentas-gratuitas\/duracao-da-implementacao\/","title":{"rendered":"Dura\u00e7\u00e3o da Implementa\u00e7\u00e3o da ISO 27001 \/ ISO 22301"},"content":{"rendered":"","protected":false},"excerpt":{"rendered":"","protected":false},"author":161,"featured_media":80686,"parent":6226,"menu_order":27,"comment_status":"open","ping_status":"open","template":"","meta":{"_acf_changed":false,"footnotes":""},"toolkit-document-types":[],"class_list":["post-4263","page","type-page","status-publish","has-post-thumbnail","hentry"],"acf":[],"_links":{"self":[{"href":"https:\/\/advisera.com\/27001academy\/pt-br\/wp-json\/wp\/v2\/pages\/4263","targetHints":{"allow":["GET"]}}],"collection":[{"href":"https:\/\/advisera.com\/27001academy\/pt-br\/wp-json\/wp\/v2\/pages"}],"about":[{"href":"https:\/\/advisera.com\/27001academy\/pt-br\/wp-json\/wp\/v2\/types\/page"}],"author":[{"embeddable":true,"href":"https:\/\/advisera.com\/27001academy\/pt-br\/wp-json\/wp\/v2\/users\/161"}],"replies":[{"embeddable":true,"href":"https:\/\/advisera.com\/27001academy\/pt-br\/wp-json\/wp\/v2\/comments?post=4263"}],"version-history":[{"count":0,"href":"https:\/\/advisera.com\/27001academy\/pt-br\/wp-json\/wp\/v2\/pages\/4263\/revisions"}],"up":[{"embeddable":true,"href":"https:\/\/advisera.com\/27001academy\/pt-br\/wp-json\/wp\/v2\/pages\/6226"}],"wp:featuredmedia":[{"embeddable":true,"href":"https:\/\/advisera.com\/27001academy\/pt-br\/wp-json\/wp\/v2\/media\/80686"}],"wp:attachment":[{"href":"https:\/\/advisera.com\/27001academy\/pt-br\/wp-json\/wp\/v2\/media?parent=4263"}],"wp:term":[{"taxonomy":"toolkit-document-types","embeddable":true,"href":"https:\/\/advisera.com\/27001academy\/pt-br\/wp-json\/wp\/v2\/toolkit-document-types?post=4263"}],"curies":[{"name":"wp","href":"https:\/\/api.w.org\/{rel}","templated":true}]}}