{"id":674,"date":"2015-05-14T11:22:46","date_gmt":"2015-05-14T11:22:46","guid":{"rendered":"https:\/\/multiacademstg.wpengine.com\/9001academy\/what-is-ohsas-18001-2\/"},"modified":"2023-09-04T14:00:37","modified_gmt":"2023-09-04T14:00:37","slug":"was-ist-iso9001","status":"publish","type":"page","link":"https:\/\/advisera.com\/9001academy\/de\/was-ist-iso9001\/","title":{"rendered":"Was ist ISO 9001?"},"content":{"rendered":"<div id=\"pl-674\"  class=\"panel-layout\" ><div id=\"pg-674-0\"  class=\"panel-grid panel-no-style\" ><div id=\"pgc-674-0-0\"  class=\"panel-grid-cell\" ><div id=\"panel-674-0-0-0\" class=\"so-panel widget widget_hero-with-buttons-widget panel-first-child\" data-index=\"0\" ><div\n\t\t\t\n\t\t\tclass=\"so-widget-hero-with-buttons-widget so-widget-hero-with-buttons-widget-default-d75171398898-674\"\n\t\t\t\n\t\t><section class=\"iso-hero sans\" style=\"background: #03284d;\">\n    <div class=\"container\">\n        <h1 class=\"iso-hero_title  \">\n            Was ist ISO 9001?\n        <\/h1>\n        <p class=\"iso-hero_subtitle \">\n                \n        <\/p>\n        <div class=\"iso-hero_buttons\">\n                            <div class=\"iso-hero_button\">\n                    <div class=\"button-image\">\n                        <img decoding=\"async\" width=\"64\" height=\"64\" src=\"\/wp-content\/uploads\/sites\/3\/2021\/10\/what-is-ISO-9001-Templates-button.png\" class=\"attachment-full size-full\" alt=\"-\">\n                    <\/div>\n                    <div class=\"button-content\">\n                        <span>ISO 9001 VORLAGEN<\/span>\n                    <\/div>\n                    <a href=\"https:\/\/advisera.com\/9001academy\/de\/iso-9001-dokumentations-paket\/\"><\/a>\n                <\/div>\n                            <div class=\"iso-hero_button\">\n                    <div class=\"button-image\">\n                        <img decoding=\"async\" width=\"67\" height=\"67\" src=\"\/wp-content\/uploads\/sites\/3\/2021\/10\/what-is-ISO-9001-Courses-button.png\" class=\"attachment-full size-full\" alt=\"-\">\n                    <\/div>\n                    <div class=\"button-content\">\n                        <span>ISO 9001 KURSE<\/span>\n                    <\/div>\n                    <a href=\"https:\/\/advisera.com\/de\/schulung\/?standard=iso-9001\"><\/a>\n                <\/div>\n                            <div class=\"iso-hero_button\">\n                    <div class=\"button-image\">\n                        <img decoding=\"async\" width=\"67\" height=\"67\" src=\"\/wp-content\/uploads\/sites\/3\/2021\/10\/what-is-ISO-9001-Free-Materials-button.png\" class=\"attachment-full size-full\" alt=\"-\">\n                    <\/div>\n                    <div class=\"button-content\">\n                        <span>KOSTENLOSE MATERIALIEN<\/span>\n                    <\/div>\n                    <a href=\"https:\/\/advisera.com\/de\/ressourcen\/iso-9001-kostenlose-downloads\/\"><\/a>\n                <\/div>\n                    <\/div>\n    <\/div>\n<\/section><\/div><\/div><div id=\"panel-674-0-0-1\" class=\"so-panel widget widget_content-with-sidebar-widget panel-last-child\" data-index=\"1\" ><div\n\t\t\t\n\t\t\tclass=\"so-widget-content-with-sidebar-widget so-widget-content-with-sidebar-widget-default-d75171398898-674\"\n\t\t\t\n\t\t><section class=\"content-with-sidebar\">\n<div class=\"container\">\n\n    <div class=\"sidebar-area\">\n        <div class=\"sidebar-bg\"><\/div>\n        <div class=\"sidebar-wrapper\">\n            <div class=\"sidebar\">\n\n                \n                <h2 class=\"sidebar-title\">\n                    INHALTSVERZEICHNIS\n                <\/h2>\n\n                                    <div class=\"sidebar-item no-collapse\">\n                        <div class=\"sidebar-item-links\">\n                            <a class=\"scrollToAnchor\" href=\"#what-is-iso\">Was ist ISO 9001?<\/a>\n<a class=\"scrollToAnchor\" href=\"#introduction\">Einf\u00fchrung<\/a>\n<a class=\"scrollToAnchor\" href=\"#what-is-QMS\">Wast ist QMS?<\/a>\n<a class=\"scrollToAnchor\" href=\"#importance-iso9001\">Die Wichtigkeit von ISO 9001<\/a>\n<a class=\"scrollToAnchor\" href=\"#structure-iso9001\">Die Struktur von ISO 9001<\/a>\n<a class=\"scrollToAnchor\" href=\"#benefitsiso9001\">Die Vorteile von ISO 9001<\/a>\n<a class=\"scrollToAnchor\" href=\"#certification\">Zertifizierung<\/a>\n<a class=\"scrollToAnchor\" href=\"#implementation\">Umsetzung<\/a>\n<a class=\"scrollToAnchor\" href=\"#training\">Schulungen f\u00fcr Personen<\/a>\n                        <\/div>\n                    <\/div>\n\n                            <\/div>\n        <\/div>\n    <\/div>\n    <div class=\"content-area\">\n        <div class=\"what-is-groups\">\n\n            \n            <h2 id=\"what-is-iso\"><strong>\u201cWas ist ISO 9001?\u201d Suchen Sie eine einfache Antwort auf diese Frage?<\/strong><\/h2>\n<p>Dann sind Sie nicht allein. Dieser \u00dcberblick zeigt Ihnen, warum ISO 9001 ein Gewinn f\u00fcr Ihr Unternehmen ist und was die Anforderungen f\u00fcr eine ISO-9001-Zertifizierung sind. Es wird auch erkl\u00e4rt, wie Sie sich am besten auf die Zertifizierung vorbereiten.<\/p>\n<h2 id=\"introduction\"><strong>Eine leichtverst\u00e4ndliche Einf\u00fchrung in die Grundlagen von ISO 9001 <\/strong><\/h2>\n<p>ISO 9001 ist die internationale Norm f\u00fcr Qualit\u00e4tsmanagementsysteme (QMS) und wurde von der ISO (International Organization for Standardization) entwickelt. Die Norm wurde zuletzt in Jahre 2015 aktualisiert und wird auch als ISO 9001:2015 bezeichnet. Um ver\u00f6ffentlicht und aktualisiert werden, musste die Norm von der Mehrheit der Mitgliedsl\u00e4nder angenommen werden. Mittlerweile ist ISO 9001 zu einer international anerkannten Norm geworden und wird von der Mehrheit der L\u00e4nder akzeptiert.<\/p>\n<p>Eine Umfrage zur ISO 9001 Zertifizierung Ende 2017 zeigt, dass trotz der weltweiten Rezession die Anzahl der Unternehmen, die einen ISO9001 Qualit\u00e4tsmanagementstandard eingef\u00fchrt haben, weltweit noch immer stabil ist. Nachfolgend sind die Ergebnisse der letzten 6 Jahre aufgef\u00fchrt.<\/p>\n<p style=\"text-align: center;\"><img decoding=\"async\" class=\"alignnone size-full wp-image-1157 aligncenter\" src=\"\/wp-content\/uploads\/\/sites\/3\/2018\/11\/number-of-iso-9001-certificates-per-year-de-new.png\" alt=\"NumberISO9001Certificates\" width=\"600\" \/><\/p>\n<p style=\"text-align: center;\">Daten aus der <a href=\"https:\/\/www.iso.org\/the-iso-survey.html\" target=\"_blank\" rel=\"noopener\">ISO-Umfrage 2017<\/a><\/p>\n<p style=\"text-align: left;\">Dar\u00fcber hinaus gibt es noch andere Dokumente in der ISO-9000-Familie, die die Umsetzung von ISO 9001 einfacher machen: ISO 9000 definiert die Begriffe und Prinzipien hinter ISO 9001 und ISO 9004 enth\u00e4lt Leitlinien, die ein Qualit\u00e4tsmanagementsystem nach ISO 9001 erfolgreicher machen.<\/p>\n<h2 id=\"what-is-QMS\"><strong>Was ist ein Qualit\u00e4tsmanagementsystem?<\/strong><\/h2>\n<p>Das Qualit\u00e4tsmanagementsystem, oft kurz als QMS bezeichnet, ist eine Sammlung von Richtlinien, Prozessen, dokumentierten Verfahren und Aufzeichnungen. Diese Sammlung von Dokumentationen definiert ein Set von internen Regeln, die bestimmen, wie Ihr Unternehmen Produkte oder Dienstleistungen produziert und an die Kunden liefert. Das QMS muss auf die Bed\u00fcrfnisse Ihres Unternehmens und die angebotenen Produkte oder Dienstleistungen zugeschnitten sein. Die Norm ISO 9001 stellt daf\u00fcr eine Reihe von Richtlinien zur Verf\u00fcgung. Mit diesen k\u00f6nnen Sie sicherstellen, dass Sie alle wichtigen Elemente eines erfolgreichen QMS in Ihre Strategie einbinden.<\/p>\n<h2 id=\"importance-iso9001\"><strong>Der Grund, warum ISO 9001 so erfolgreich ist <\/strong><\/h2>\n<p>Wie oben erw\u00e4hnt, ist ISO 9001:2015 eine international anerkannte Norm f\u00fcr die Erstellung, Umsetzung und Aufrechterhaltung eines Qualit\u00e4tsmanagementsystems f\u00fcr jedes beliebige Unternehmen. Er kann von Organisationen jeder Gr\u00f6\u00dfe und Branche eingesetzt werden, und kann in allen Unternehmen genutzt werden. Als internationale Norm ist es eine Grundlage f\u00fcr Firmen zur Erstellung eines Systems zur Sicherung und Verbesserung der Kundenzufriedenheit. Viele Unternehmen fordern dies als Mindestvoraussetzung f\u00fcr Zulieferunternehmen.<\/p>\n<p>Da Sie Ihre Prozesse \u00fcberpr\u00fcfen und eine \u00a0Zertifizierungsstelle Auditierungen durchf\u00fchrt, m\u00fcssen Ihre Kunden Ihr Unternehmen nicht selbst pr\u00fcfen. Aus diesem Grund ist die ISO 9001-Norm f\u00fcr viele Unternehmen zu einer Notwendigkeit geworden, um auf dem Markt konkurrieren zu k\u00f6nnen.<\/p>\n<p>Dar\u00fcber hinaus werden Ihre Kunden beruhigt sein, dass Sie ein Qualit\u00e4tsmanagementsystem auf der Grundlage der sieben Grunds\u00e4tze des Qualit\u00e4tsmanagements nach ISO 9001 eingef\u00fchrt haben. Um mehr \u00fcber die Prinzipien f\u00fcr Qualit\u00e4tsmanagement nach der ISO 9001-Norm zu erfahren, werfen Sie einen Blick auf diesen Artikel: <a title=\"Seven Quality Management Principles behind ISO9001 requirements\" href=\"\/9001academy\/blog\/2014\/02\/04\/seven-quality-management-principles-behind-iso9001-requirements\/\" target=\"_blank\" rel=\"noopener\">Seven Quality Management Principles behind ISO9001 requirements<\/a>.<\/p>\n<p>In der Tat ist ISO 9001 eine solch grundlegende und einflussreiche Norm, dass er als Grundlage verwendet wird, wenn Branchengruppen bestimmte Anforderungen hinzuf\u00fcgen wollen und so eigene Branchen-Normen schaffen. Dies umfasst AS9100 f\u00fcr die Luftfahrtindustrie, ISO 13485 f\u00fcr Herstellen von medizinischen Produkten und IATF 16949 f\u00fcr die Automobilindustrie.<br \/>\n<div id=\"middle-banner\" class=\"banner-shortcode\"><\/div><script>loadMiddleBanner();<\/script><br \/>\n<div id=\"side-banner-trigger\" class=\"banner-shortcode\"><\/div><\/p>\n<h2 id=\"structure-iso9001\"><strong>Wie sieht ISO 9001 tats\u00e4chlich aus?<\/strong><\/h2>\n<p>Die ISO 9001 Struktur ist in zehn Abschnitte unterteilt. Die ersten drei sind einleitend, die letzten sieben enthalten die Anforderungen an das Qualit\u00e4tsmanagementsystem. Hier sind die sieben Hauptabschnitte:<\/p>\n<p><strong>Abschnitt 4: Kontext der Organisation<\/strong> \u2013 In diesem Abschnitt werden Anforderungen zum Verst\u00e4ndnis Ihrer Organisation f\u00fcr die Implementierung eines QMS beschrieben. Sie enth\u00e4lt die Anforderungen zur Ermittlung interner und externer Probleme, zur Ermittlung der interessierten Parteien und ihrer Erwartungen, zur Festlegung des Umfangs des QMS und zur Ermittlung Ihrer Prozesse und deren Interaktion.<\/p>\n<p><strong>Abschnitt 5: F\u00fchrung<\/strong> \u2013 Die Anforderungen an die F\u00fchrung decken die Notwendigkeit ab, dass das Top-Management bei der Implementierung des QMS von entscheidender Bedeutung ist. Das Top-Management muss sich dem QMS verpflichten, indem es die Kundenorientierung sicherstellt, die Qualit\u00e4tsrichtlinien definiert und kommuniziert sowie Rollen und Verantwortlichkeiten im gesamten Unternehmen zuweist.<\/p>\n<p><strong>Abschnitt 6: Planung<\/strong> \u2013 Das Top-Management muss au\u00dferdem die laufende Funktion des QMS einplanen. Die Risiken und Chancen des QMS in der Organisation m\u00fcssen bewertet, Qualit\u00e4tsziele zur Verbesserung identifiziert und Pl\u00e4ne zur Erreichung dieser Ziele erarbeitet werden.<\/p>\n<p><strong>Abschnitt 7: Support<\/strong> \u2013 Der Support Abschnitt befasst sich mit der Verwaltung aller Ressourcen f\u00fcr das QMS und deckt die Notwendigkeit ab, alle Ressourcen zu kontrollieren, einschlie\u00dflich Personalressourcen, Geb\u00e4uden und Infrastruktur, Arbeitsumfeld, \u00dcberwachungs- und Messressourcen sowie organisatorischem Wissen. Der Abschnitt enth\u00e4lt auch Anforderungen bez\u00fcglich Kompetenz, Bewusstsein, Kommunikation und Kontrolle dokumentierter Informationen (die f\u00fcr Ihre Prozesse erforderlichen Dokumente und Aufzeichnungen).<\/p>\n<p><strong>Abschnitt 8: Unternehmen<\/strong> \u2013 Die Anforderungen an das Unternehmen betreffen alle Aspekte der Planung und Erstellung des Produkts oder der Dienstleistung. Dieser Abschnitt enth\u00e4lt Anforderungen zur Planung, \u00dcberpr\u00fcfung der Produktanforderungen, zum Design, zur Steuerung externer Anbieter, zum Erstellen und Freigeben des Produkts oder der Dienstleistung sowie zur Steuerung nicht konformer Prozessergebnisse.<\/p>\n<p><strong>Abschnitt 9: Leistungsbewertung<\/strong> \u2013 Dieser Abschnitt enth\u00e4lt die Anforderungen, die erforderlich sind, um sicherzustellen, dass Sie \u00fcberwachen k\u00f6nnen, ob Ihr QMS ordnungsgem\u00e4\u00df funktioniert. Dazu geh\u00f6ren die \u00dcberwachung und Messung Ihrer Prozesse, die Bewertung der Kundenzufriedenheit, interne Audits und die laufende \u00dcberpr\u00fcfung des QMS durch das Management.<\/p>\n<p><strong>Abschnitt 10: Verbesserung<\/strong> \u2013 Dieser letzte Abschnitt enth\u00e4lt die Anforderungen, die erforderlich sind, um Ihr QMS kontinuierlich zu verbessern. Dies beinhaltet die Notwendigkeit, Prozessabweichungen zu bewerten und Korrekturma\u00dfnahmen f\u00fcr Prozesse zu ergreifen.<\/p>\n<p>Die Abschnitte basieren auf einem Planen-Ausf\u00fchren-\u00dcberpr\u00fcfen-Handeln-Kreislauf. Dieser nutzt diese Elemente, um Abl\u00e4ufe in einem Unternehmen zu \u00e4ndern und um Verbesserungen anzusto\u00dfen und aufrechtzuerhalten.<\/p>\n<p style=\"text-align: center;\"><img decoding=\"async\" class=\"alignnone size-full wp-image-1161 aligncenter\" src=\"https:\/\/advisera.com\/wp-content\/uploads\/sites\/3\/2015\/05\/pdca1-DE.png\" alt=\"pdca1-DE\" width=\"176\" height=\"182\" \/><\/p>\n<p>F\u00fcr mehr Information, wie dies in der ISO 9001-Norm funktioniert, lesen Sie bitte die detaillierten Ausf\u00fchrungen in diesem Blog-Artikel: <a title=\"Plan-Do-Check-Act in the ISO 9001 Standard\" href=\"\/9001academy\/de\/knowledgebase\/plan-do-check-act-planen-tun-uberprufen-agieren-im-iso-9001-standard\/\" target=\"_blank\" rel=\"noopener\">\u201cPlan-Do-Check-Act\u201d (Planen-Tun-\u00dcberpr\u00fcfen-Agieren) in der ISO 9001-Norm<\/a>.<\/p>\n<h2 id=\"benefitsiso9001\"><strong>Warum ist ISO 9001 eine gute Idee f\u00fcr Ihr Unternehmen?<\/strong><\/h2>\n<p>Die Vorteile von ISO 9001 k\u00f6nnen nicht hoch genug gesch\u00e4tzt werden. Gro\u00dfe und kleine Unternehmen haben diese Norm mit gro\u00dfem Erfolg eingesetzt und damit enorme Kosteneinsparungen und Effizienzsteigerungen erreicht. Hier sind einige der Vorteile aufgef\u00fchrt:<\/p>\n<p><strong>Verbessern Sie Image und Glaubw\u00fcrdigkeit Ihres Unternehmens<\/strong> \u2013 Wenn Ihr Unternehmen von einer anerkannten Zertifizierungsstelle zertifiziert wurde, werden Ihre Kunden feststellen, dass Sie ein System implementiert haben, das auf die Erf\u00fcllung der Kundenw\u00fcnsche und Verbesserungen ausgerichtet ist. Dies st\u00e4rkt das Vertrauen, dass Sie wirklich erf\u00fcllen k\u00f6nnen, was Sie versprochen haben.<\/p>\n<p><strong>Erh\u00f6hen Sie die Kundenzufriedenheit<\/strong> \u2013 Eines der wichtigsten Prinzipien des ISO 9001 QMS ist die Konzentration auf die Verbesserung der Kundenzufriedenheit durch die Ermittlung und Erf\u00fcllung der Kundenbed\u00fcrfnisse. Durch die Verbesserung der Zufriedenheit st\u00e4rken Sie Ihr Bestandskundengesch\u00e4ft.<\/p>\n<h2 id=\"certification\"><strong>Was sind die praktischen Schritte, um nach ISO 9001 zertifiziert zu werden?<\/strong><\/h2>\n<p>Was ist eine ISO-9001-Zertifizierung? Es gibt zwei Arten der Zertifizierung: Zertifizierung des Qualit\u00e4tsmanagementsystems eines Unternehmens nach der ISO-9001-Norm und die Zertifizierung von Personen, um die Erf\u00fcllung der Norm als Auditor zu \u00fcberpr\u00fcfen. Dieser Abschnitt erl\u00e4utert die n\u00f6tigen Schritte f\u00fcr ein Unternehmen, um ein ISO-9001-Qualit\u00e4tsmanagementsystem zu implementieren und es zertifizieren zu lassen.<\/p>\n<p>Die ISO-9001-Zertifizierung f\u00fcr Ihr Unternehmen beinhaltet die Implementierung eines QMS basierend auf den Anforderungen der ISO-9001-Norm und im Anschluss die Einschaltung einer anerkannten Zertifizierungsstelle, um zu pr\u00fcfen und zu best\u00e4tigen, dass Ihr QMS die Anforderungen der ISO-9001-Norm erf\u00fcllt.<\/p>\n<p>Beginnend mit der Managementunterst\u00fctzung und der Ermittlung der Kundenanforderungen f\u00fcr das QMS m\u00fcssen Sie zun\u00e4chst Ihre Qualit\u00e4tsrichtlinien und Qualit\u00e4tsziele definieren, die zusammen den Gesamtumfang und die Implementierung des Qualit\u00e4tsmanagementsystems definieren. Zusammen definieren diese den Gesamtumfang und die Umsetzung des Qualit\u00e4tsmanagementsystems. Darauf basierend m\u00fcssen Sie nun die n\u00f6tigen obligatorischen und zus\u00e4tzlichen Abl\u00e4ufe und Verfahren f\u00fcr Ihr Unternehmen erstellen, die f\u00fcr die Lieferung Ihres Produkts oder Ihrer Dienstleistung notwendig sind. Es gibt sechs obligatorische Dokumente, die aufgenommen werden m\u00fcssen, und andere, die nur hinzugef\u00fcgt werden, wenn sie f\u00fcr das Unternehmen erforderlich sind. F\u00fcr eine gute Erkl\u00e4rung dazu sollten Sie einen Blick auf diesen Artikel werfen\u00a0<a href=\"\/9001academy\/de\/knowledgebase\/liste-fur-iso-90012015-erforderlicher-obligatorischer-dokumente\/\" target=\"_blank\" rel=\"noopener\">Liste f\u00fcr ISO 9001:2015 erforderlicher, obligatorischer Dokumente<\/a>.<\/p>\n<p>Das Erstellen der Dokumente kann intern in Ihrem Unternehmen durchgef\u00fchrt werden. Sie k\u00f6nnen jedoch auch die Hilfe eines Beraters in Anspruch nehmen oder mit einer Standard-Dokumentation arbeiten. Um Ausschnitte aus der Dokumentation zu sehen, besuchen Sie diese Seite <a title=\"Kostenlose Downloads\" href=\"\/9001academy\/de\/kostenlose-downloads\/\">f\u00fcr kostenlose Downloads zu ISO 9001<\/a>.<\/p>\n<p>Sobald alle Abl\u00e4ufe und Verfahren definiert sind, m\u00fcssen Sie das QMS f\u00fcr einen gewissen Zeitraum im Unternehmen anwenden. Auf diese Weise k\u00f6nnen Sie die n\u00f6tigen Datens\u00e4tze sammeln, um die n\u00e4chsten Schritte zu gehen: Ihr System zu pr\u00fcfen und zu bewerten und die Zertifizierung zu erhalten.<\/p>\n<h2 id=\"implementation\"><strong>Verpflichtende Schritte zur vollst\u00e4ndigen Umsetzung und Zertifizierung<\/strong><\/h2>\n<p>Nach der Vervollst\u00e4ndigung und Einf\u00fchrung der Dokumentation muss Ihr Unternehmen die folgenden drei Schritte gehen, um eine erfolgreiche Zertifizierung umzusetzen:<\/p>\n<p><strong>Interne Auditierung<\/strong> \u2013 Die interne Anh\u00f6rung dient der \u00dcberpr\u00fcfung Ihres QMS-Prozesses. Das Ziel ist es sicherzustellen, dass alle Aufzeichnungen vollst\u00e4ndig sind. So kann die Befolgung des Prozesses best\u00e4tigt sowie versteckte Probleme und Schwachstellen aufgedeckt werden.<\/p>\n<p><strong>\u00dcberpr\u00fcfung durch das Management<\/strong> \u2013 Eine formelle \u00dcberpr\u00fcfung durch das Management. Die f\u00fcr die Abl\u00e4ufe im Managementsystem relevanten Fakten werden bewertet, um ad\u00e4quate Entscheidungen treffen zu k\u00f6nnen und Ressourcen zuzuweisen.<\/p>\n<p><strong>Korrigierende Ma\u00dfnahmen<\/strong> \u2013 Nach der internen Anh\u00f6rung und der \u00dcberpr\u00fcfung durch das Management m\u00fcssen alle identifizierten Probleme von Grund auf gel\u00f6st werden. Es muss dokumentiert werden, wie sie gel\u00f6st wurden.<\/p>\n<p>Die Zertifizierung f\u00fcr Unternehmen ist in zwei Stufen unterteilt:<\/p>\n<p><strong>Stufe Eins (\u00dcberpr\u00fcfung der Dokumentation)<\/strong> \u2013 Die Pr\u00fcfer der von Ihnen gew\u00e4hlten Zertifizierungsstelle kontrollieren, ob Ihre Dokumentation die Anforderungen nach ISO 9001 erf\u00fcllt.<\/p>\n<p><strong>Stufe Zwei (Hauptpr\u00fcfung)<\/strong> \u2013 Hier werden die Auditoren der Zertifizierungsstelle pr\u00fcfen, ob Ihre aktuellen Aktivit\u00e4ten und Unterlagen mit ISO 9001 konform sind. Dazu nehmen sie Einblick in Dokumente, Aufzeichnungen und Unternehmenspraxis.<\/p>\n<h2 id=\"training\"><strong>Welche Ausbildung und Zertifizierung nach ISO 9001 ist f\u00fcr Einzelpersonen verf\u00fcgbar?<\/strong><\/h2>\n<p>Ein Training in den Konzepten von ISO 9001 ist verf\u00fcgbar, und es steht eine Reihe von Kursen f\u00fcr den Einzelnen zur Auswahl. Nur der erste in der Liste unten erm\u00f6glicht die Zertifizierung von Personen, die dann in der Lage sind, Pr\u00fcfungen f\u00fcr eine Zertifizierungsstelle durchzuf\u00fchren. Die anderen sind sehr n\u00fctzlich f\u00fcr diejenigen, die diese F\u00e4higkeiten im eigenen Unternehmen nutzen m\u00f6chten:<\/p>\n<p><strong>ISO 9001 Kurs f\u00fcr leitende Auditoren<\/strong> \u2013 Dies ist ein vier- bis f\u00fcnft\u00e4giger Kurs, welcher sich auf das Verst\u00e4ndnis der ISO-9001-Norm f\u00fcr QMS und die M\u00f6glichkeit, ihn f\u00fcr die \u00dcberpr\u00fcfung von Managementsystemen einzusetzen, konzentriert. Der Kurs schlie\u00dft mit einen Test ab, um Wissen und Kompetenz zu \u00fcberpr\u00fcfen. Die Durchf\u00fchrung von Auditierungen f\u00fcr eine Zertifizierungsstelle ist nur nach Abschluss eines akkreditierten Kurses m\u00f6glich.<\/p>\n<p><strong>ISO 9001 Kurs f\u00fcr interne Auditoren<\/strong> \u2013 Das ist \u00fcblicherweise ein zwei- oder dreit\u00e4giger Kurs, der auf dem Kurs f\u00fcr leitende Auditoren basiert. Der Test zur \u00dcberpr\u00fcfung der Kompetenz ist jedoch nicht enthalten. Der Kurs ist sinnvoll f\u00fcr Personen, die interne Auditierungen innerhalb eines Unternehmens durchf\u00fchren m\u00f6chten.<\/p>\n<p><strong>ISO 9001 Kurs f\u00fcr Bewusstsein und Implementierung<\/strong> \u2013 Es werden mehrere Kurse angeboten, die Kenntnisse \u00fcber ISO 9001 und dessen Umsetzung vermitteln. Diese k\u00f6nnen ein- oder zweit\u00e4gige Kurse sein, die sogar Online -Schulungen als eine Methode des Unterrichtens einsetzen. Diese Kurse sind f\u00fcr diejenigen geeignet, die einen \u00dcberblick \u00fcber die ISO-9001-Norrm ben\u00f6tigen oder an der Umsetzung in einem Unternehmen beteiligt sein werden. Viele dieser Kurse sind f\u00fcr diese Personengruppe kosteng\u00fcnstiger als die Investition in den Kurs f\u00fcr leitende Auditoren.<\/p>\n<p>Weltweit gibt es eine Vielzahl von akkreditierten Organisationen, die individuelle Qualifizierungen zur ISO-9001-Norm anbieten.<\/p>\n<p><em>Um mehr \u00fcber die Implementierung von ISO 9001 zu erfahren, besuchen Sie bitte unsere Seite <a title=\"ISO 9001 Kostenloser Download\" href=\"\/9001academy\/de\/kostenlose-downloads\/\">ISO 9001 Kostenloser Download<\/a>. Dort finden Sie eine Vielzahl hilfreicher Ressourcen.<\/em><\/p>\n<p><div id=\"custom-banner\" class=\"banner-shortcode no-bottom-border\"><\/div><\/p>\n\n\n            \n        <\/div>\n    <\/div>\n<\/div>\n<\/section>\n<\/div><\/div><\/div><\/div><\/div>","protected":false},"excerpt":{"rendered":"<p>Was ist ISO 9001? ISO 9001 VORLAGEN ISO 9001 KURSE KOSTENLOSE MATERIALIEN INHALTSVERZEICHNIS Was ist ISO 9001? Einf\u00fchrung Wast ist QMS? Die Wichtigkeit von ISO 9001 Die Struktur von ISO 9001 Die Vorteile von ISO 9001 Zertifizierung Umsetzung Schulungen f\u00fcr Personen \u201cWas ist ISO 9001?\u201d Suchen Sie eine einfache Antwort auf diese Frage? Dann sind &#8230;<\/p>\n","protected":false},"author":27,"featured_media":72584,"parent":0,"menu_order":238,"comment_status":"open","ping_status":"open","template":"page-what-is-iso.php","meta":{"_acf_changed":false,"footnotes":""},"toolkit-document-types":[],"class_list":["post-674","page","type-page","status-publish","has-post-thumbnail","hentry"],"acf":[],"_links":{"self":[{"href":"https:\/\/advisera.com\/9001academy\/de\/wp-json\/wp\/v2\/pages\/674","targetHints":{"allow":["GET"]}}],"collection":[{"href":"https:\/\/advisera.com\/9001academy\/de\/wp-json\/wp\/v2\/pages"}],"about":[{"href":"https:\/\/advisera.com\/9001academy\/de\/wp-json\/wp\/v2\/types\/page"}],"author":[{"embeddable":true,"href":"https:\/\/advisera.com\/9001academy\/de\/wp-json\/wp\/v2\/users\/27"}],"replies":[{"embeddable":true,"href":"https:\/\/advisera.com\/9001academy\/de\/wp-json\/wp\/v2\/comments?post=674"}],"version-history":[{"count":0,"href":"https:\/\/advisera.com\/9001academy\/de\/wp-json\/wp\/v2\/pages\/674\/revisions"}],"wp:featuredmedia":[{"embeddable":true,"href":"https:\/\/advisera.com\/9001academy\/de\/wp-json\/wp\/v2\/media\/72584"}],"wp:attachment":[{"href":"https:\/\/advisera.com\/9001academy\/de\/wp-json\/wp\/v2\/media?parent=674"}],"wp:term":[{"taxonomy":"toolkit-document-types","embeddable":true,"href":"https:\/\/advisera.com\/9001academy\/de\/wp-json\/wp\/v2\/toolkit-document-types?post=674"}],"curies":[{"name":"wp","href":"https:\/\/api.w.org\/{rel}","templated":true}]}}