{"id":5154,"date":"2015-05-14T11:13:10","date_gmt":"2015-05-14T11:13:10","guid":{"rendered":"https:\/\/multiacademstg.wpengine.com\/9001academy\/product-tour-2\/"},"modified":"2023-12-10T22:08:31","modified_gmt":"2023-12-10T22:08:31","slug":"presentation-du-produit","status":"publish","type":"page","link":"https:\/\/advisera.com\/9001academy\/fr\/presentation-du-produit\/","title":{"rendered":"Bo\u00eete \u00e0 Outils ISO 9001: Pr\u00e9sentation du Produit"},"content":{"rendered":"","protected":false},"excerpt":{"rendered":"","protected":false},"author":161,"featured_media":0,"parent":0,"menu_order":263,"comment_status":"open","ping_status":"closed","template":"","meta":{"_acf_changed":false,"footnotes":""},"toolkit-document-types":[],"class_list":["post-5154","page","type-page","status-publish","hentry"],"acf":[],"_links":{"self":[{"href":"https:\/\/advisera.com\/9001academy\/fr\/wp-json\/wp\/v2\/pages\/5154","targetHints":{"allow":["GET"]}}],"collection":[{"href":"https:\/\/advisera.com\/9001academy\/fr\/wp-json\/wp\/v2\/pages"}],"about":[{"href":"https:\/\/advisera.com\/9001academy\/fr\/wp-json\/wp\/v2\/types\/page"}],"author":[{"embeddable":true,"href":"https:\/\/advisera.com\/9001academy\/fr\/wp-json\/wp\/v2\/users\/161"}],"replies":[{"embeddable":true,"href":"https:\/\/advisera.com\/9001academy\/fr\/wp-json\/wp\/v2\/comments?post=5154"}],"version-history":[{"count":0,"href":"https:\/\/advisera.com\/9001academy\/fr\/wp-json\/wp\/v2\/pages\/5154\/revisions"}],"wp:attachment":[{"href":"https:\/\/advisera.com\/9001academy\/fr\/wp-json\/wp\/v2\/media?parent=5154"}],"wp:term":[{"taxonomy":"toolkit-document-types","embeddable":true,"href":"https:\/\/advisera.com\/9001academy\/fr\/wp-json\/wp\/v2\/toolkit-document-types?post=5154"}],"curies":[{"name":"wp","href":"https:\/\/api.w.org\/{rel}","templated":true}]}}