{"id":110732,"date":"2023-09-06T18:50:11","date_gmt":"2023-09-06T18:50:11","guid":{"rendered":"https:\/\/advisera.com\/iso-27001-free-preview\/"},"modified":"2023-10-17T16:44:15","modified_gmt":"2023-10-17T16:44:15","slug":"iso-27001-kostenlose-vorschau","status":"publish","type":"page","link":"https:\/\/advisera.com\/de\/iso-27001-kostenlose-vorschau\/","title":{"rendered":"ISO 27001 und ISO 22301 Dokumentation kostenlose Vorschau"},"content":{"rendered":"<div id=\"pl-110732\"  class=\"panel-layout\" ><div id=\"pg-110732-0\"  class=\"panel-grid panel-has-style\" ><div class=\"training-main-section top-padding-s bottom-padding-s panel-row-style panel-row-style-for-110732-0\" id=\"download-form\" ><div id=\"pgc-110732-0-0\"  class=\"panel-grid-cell\" ><div id=\"panel-110732-0-0-0\" class=\"so-panel widget widget_adv_content_editor panel-first-child\" data-index=\"0\" ><div\n\t\t\t\n\t\t\tclass=\"so-widget-adv_content_editor so-widget-adv_content_editor-base\"\n\t\t\t\n\t\t>\n<section class=\"adv-content-editor \">\n   \n         <h1 class=\"h1-m main-title h2\">Laden Sie eine kostenlose Vorschau der ISO 27001 &amp; ISO 22301 Dokumentations-Toolkits herunter<\/h1>\n   \n   \n\n   \n         <div class=\"adv-content\">\n         <p>Ben\u00f6tigen Sie ein Beispiel daf\u00fcr, wie die Dokumentation nach ISO 27001 und ISO 22301 aussehen sollte?<\/p>\n<p>Werfen Sie einen Blick auf alle Dokumentationsvorlagen wie die <strong>IT-Sicherheitspolitik, die interne Audit-Checkliste, die Methodik der Risikobewertung<\/strong> und <strong>die Risikobehandlung<\/strong>, indem Sie diese kostenlose <strong>ISO 27001<\/strong>-Demo herunterladen.<\/p>\n<p>Unsere Experten haben die Dokumente auf kleine und mittlere Unternehmen zugeschnitten, um Ihnen zu helfen, \u00fcberm\u00e4\u00dfig komplexe und lange Dateien zu vermeiden, die f\u00fcr Sie einfach zu viel w\u00e4ren.<\/p>\n      <\/div>\n   <\/section><\/div><\/div><div id=\"panel-110732-0-0-1\" class=\"so-panel widget widget_adv_image panel-last-child\" data-index=\"1\" ><div class=\"panel-widget-style panel-widget-style-for-110732-0-0-1\" ><div\n\t\t\t\n\t\t\tclass=\"so-widget-adv_image so-widget-adv_image-base\"\n\t\t\t\n\t\t><div class=\"adv-image \">\n\n\t\t\n\t\t\t\t<img decoding=\"async\" src=\"https:\/\/advisera.com\/wp-content\/uploads\/2023\/10\/iso-27001-free-preview-display-img-de.png\" alt=\"-\" sizes=\"(max-width: 1584px) 100vw, 1584px\" srcset=\"https:\/\/advisera.com\/wp-content\/uploads\/2023\/10\/iso-27001-free-preview-display-img-de.png 1584w, https:\/\/advisera.com\/wp-content\/uploads\/2023\/10\/iso-27001-free-preview-display-img-de-300x130.png 300w, https:\/\/advisera.com\/wp-content\/uploads\/2023\/10\/iso-27001-free-preview-display-img-de-768x333.png 768w, https:\/\/advisera.com\/wp-content\/uploads\/2023\/10\/iso-27001-free-preview-display-img-de-1024x443.png 1024w, https:\/\/advisera.com\/wp-content\/uploads\/2023\/10\/iso-27001-free-preview-display-img-de-1536x665.png 1536w\" =lazy title=\"\">\n\n\t\n\t\n\t<\/div>\n<\/div><\/div><\/div><\/div><div id=\"pgc-110732-0-1\"  class=\"panel-grid-cell\" ><div id=\"panel-110732-0-1-0\" class=\"so-panel widget widget_adv_enroll_live_training panel-first-child panel-last-child\" data-index=\"2\" ><div\n\t\t\t\n\t\t\tclass=\"so-widget-adv_enroll_live_training so-widget-adv_enroll_live_training-base\"\n\t\t\t\n\t\t><section class=\"enroll-ratings asic-logo-flex-wrap\">\n<\/section>\n\n<section class=\"enroll-live-training animated-ornaments ornaments-below-img\" \n\t>\n\t\t\t\t\t<div class=\"form-wrapper hubspot-forms adv-style\">\n\t\t\t<h2 class=\"h4 h2-m widget-title\">Kostenlose Vorschau herunterladen<\/h2>\t\t\n\t\t\t\t<script charset=\"utf-8\" type=\"text\/javascript\" src=\"\/\/js.hsforms.net\/forms\/v2.js\"><\/script>\n\t\t\t\t<script>\n\t\t\t\t  hbspt.forms.create({\n\t\t\t\t    region: \"na1\",\n\t\t\t\t    portalId: \"1983423\",\n\t\t\t\t    formId: \"7fc0bb58-1eee-4e39-b959-83d743970869\"\n\t\t\t\t  });\n\t\t\t\t<\/script>\n\t\t\t\t\t<\/div>\n\t\t\t\n\n\t\t\t<!-- <div class=\"wrapper relative\"> -->\n\t\t\t\t\t\t<span class=\"ornament o-1 o-grey\"><\/span>\n\t\t\t<span class=\"ornament o-2 o-green\"><\/span>\n\t\t\t<span class=\"ornament o-3 o-blue\"><\/span>\n\t\t<!-- <\/div>  -->\n\t\t\n<\/section><\/div><\/div><\/div><\/div><\/div><div id=\"pg-110732-1\"  class=\"panel-grid panel-has-style\" ><div class=\"siteorigin-panels-stretch panel-row-style panel-row-style-for-110732-1\" data-stretch-type=\"full\" ><div id=\"pgc-110732-1-0\"  class=\"panel-grid-cell panel-grid-cell-mobile-last\" ><div id=\"panel-110732-1-0-0\" class=\"so-panel widget widget_adv_instructors panel-first-child panel-last-child\" data-index=\"3\" ><div\n\t\t\t\n\t\t\tclass=\"so-widget-adv_instructors so-widget-adv_instructors-base\"\n\t\t\t\n\t\t><section class=\"instructors-widget style-rounded text-light heading-style-h2\">\n          \n    <div class=\"cards-wrapper has-1-columns\">\n        \n                        <div class=\"instructor\">  \n                <div class=\"card-left figure\">\n                    <img decoding=\"async\" width=\"184\" height=\"184\" src=\"https:\/\/advisera.com\/wp-content\/uploads\/2022\/08\/Dejan-Kosutic-184x184.png\" class=\"attachment-thumbnail size-thumbnail\" alt=\"-\" srcset=\"https:\/\/advisera.com\/wp-content\/uploads\/2022\/08\/Dejan-Kosutic-184x184.png 184w, https:\/\/advisera.com\/wp-content\/uploads\/2022\/08\/Dejan-Kosutic-300x300.png 300w, https:\/\/advisera.com\/wp-content\/uploads\/2022\/08\/Dejan-Kosutic.png 500w\" sizes=\"(max-width: 184px) 100vw, 184px\" title=\"\">                <\/div>\n                <div class=\"card-right\">\n                                            <h3 class=\"instructor-title has-subtitle \">\n                            Welches Toolkit ausw\u00e4hlen?                      \n                        <\/h3>\n                                                                <div class=\"subtitle\">\n                            Sobald Sie die kostenlose Demo heruntergeladen haben, werden unsere Experten mit Ihnen Kontakt aufnehmen und Ihnen eine kostenlose Beratung anbieten, um zu verstehen, welches Toolkit Ihren Anforderungen entspricht.                       <\/div>\n                      \n                                            <div class=\"bio\">\n                            <strong>Dejan Kosutic<\/strong> - F\u00fchrender ISO 27001\/ISO 22301 Experte                       <\/div>\n                                         \n                <\/div>\n            <\/div>\n            <\/div>\n<\/section><\/div><\/div><\/div><div id=\"pgc-110732-1-1\"  class=\"panel-grid-cell panel-grid-cell-empty\" ><\/div><\/div><\/div><div id=\"pg-110732-2\"  class=\"panel-grid panel-has-style\" ><div class=\"siteorigin-panels-stretch top-padding-normal bottom-padding-xs no-top-padding-m no-bottom-padding-m panel-row-style panel-row-style-for-110732-2\" data-stretch-type=\"full\" ><div id=\"pgc-110732-2-0\"  class=\"panel-grid-cell\" ><div id=\"panel-110732-2-0-0\" class=\"so-panel widget widget_advisera_reviews_api_carousel_all_reviews panel-first-child panel-last-child\" data-index=\"4\" ><div\n\t\t\t\n\t\t\tclass=\"so-widget-advisera_reviews_api_carousel_all_reviews so-widget-advisera_reviews_api_carousel_all_reviews-base\"\n\t\t\t\n\t\t><section class=\"reviews-io style-heading-above-grid\">\n\t\t\t<h2 class=\"mobile-hidden tablet-hidden headline h1-m\">Tausende erfolgreicher Kunden<\/h2>\n\t\t<div class=\"reviews_io all-reviews-carousel\" data-items=\"2\">\n\n\t\t<div class=\"carousel-wrap\">\n\t\t\t\t\t\t<h2 class=\"desktop-hidden headline h1-m\">Tausende erfolgreicher Kunden<\/h2>\t\t\t\t\n\t\t\t\n\t\t\t\t\t<\/div>\n\t<\/div>\n<\/section><\/div><\/div><\/div><\/div><\/div><div id=\"pg-110732-3\"  class=\"panel-grid panel-has-style\" ><div class=\"top-padding-xs bottom-padding-xs panel-row-style panel-row-style-for-110732-3\" ><div id=\"pgc-110732-3-0\"  class=\"panel-grid-cell\" ><div id=\"panel-110732-3-0-0\" class=\"so-panel widget widget_adv_content_editor panel-first-child\" data-index=\"5\" ><div\n\t\t\t\n\t\t\tclass=\"so-widget-adv_content_editor so-widget-adv_content_editor-base\"\n\t\t\t\n\t\t>\n<section class=\"adv-content-editor \">\n   \n   \n   \n\n   \n         <div class=\"adv-content\">\n         <h4>Schauen Sie sich unsere ISO 27001 und ISO 22301 Dokumentationsvorlagen an \u2013 kostenlos!<\/h4>\n<p>Sie haben wahrscheinlich einige Fragen zu unseren ISO 27001 \/ ISO 22301 Toolkits. Vielleicht sind Sie sich bez\u00fcglich der Qualit\u00e4t unserer Dokumentation nicht sicher. Da wir stark an unser Produkt glauben, m\u00f6chten wir, dass Sie eine kostenlose Demo mit mehreren tats\u00e4chlichen Seiten jeder Vorlage im Toolkit ausprobieren. \u00dcberpr\u00fcfen Sie sie, bevor Sie sich entscheiden, ob sie etwas kaufen m\u00f6chten.<\/p>\n<h4>Was sind ihre Vorteile?<\/h4>\n<p><strong>Alle Vorteile der kostenlosen Vorschau unserer ISO 27001 und ISO 22301 Toolkits:<\/strong><\/p>\n<p>Wenn Sie die kostenlose Vorschau von ISO 27001 und ISO 22301 herunterladen, k\u00f6nnen Sie sich selbst von dem enormen Mehrwert und der fachlichen Kompetenz \u00fcberzeugen, die wir in jedes unserer Toolkits stecken. Unser Ziel ist es, die Umsetzung dieser ISO-Standards schnell und schmerzlos zu machen.<\/p>\n<ul>\n<li><strong>Einfache, unkomplizierte Vorlagen<\/strong>\u00a0\u2013 Sie werden begeistert davon sein, wie klar und einfach unsere Vorlagen sind!<\/li>\n<li><strong>Sie brauchen keinen Berater<\/strong>\u00a0\u2013 Haben Sie Angst, dass Sie es alleine nicht schaffen k\u00f6nnen? Schauen Sie sich an, was die Do-it-yourself-Implementierung tats\u00e4chlich beinhaltet.<\/li>\n<li><strong>Weniger Stress<\/strong>\u00a0\u2013 Sobald Sie sehen, wie einfach unsere Vorlagen zu verstehen sind, haben Sie die Gewissheit, dass Sie ISO 27001 und ISO 22301 wirklich implementieren k\u00f6nnen.<\/li>\n<li><strong>Mehr Zeit f\u00fcr Sie, mehr Geld in Ihrer Brieftasche<\/strong>\u00a0\u2013 Wenn Sie sich die Vorlagen f\u00fcr ISO 27001 und ISO 22301 ansehen, k\u00f6nnen Sie sehen, wie viel Zeit und Geld Sie sparen k\u00f6nnen!<\/li>\n<\/ul>\n<h4>Haben Sie Angst, dass sie nicht genug Zeit oder Wissen haben, um es umzusetzen?<\/h4>\n<p>Zu viele Unternehmen geben ein kleines Verm\u00f6gen f\u00fcr Berater aus, weil sie sich Sorgen machen, dass sie das nicht alleine schaffen k\u00f6nnen. Die Wahrheit ist, dass die Selbstverwirklichung nicht so viel Zeit und Ressourcen ben\u00f6tigt, wie Sie vielleicht denken. Unsere kostenlose ISO 27001 und ISO 22301 Vorschau wird es Ihnen zeigen.<\/p>\n<p>Dar\u00fcber hinaus m\u00f6chten wir Ihnen einen KOSTENLOSEN Bonus anbieten: Erhalten Sie eine Liste n\u00fctzlicher Tipps f\u00fcr den Umgang mit Ihrer ISO 27001 und ISO 22301 Dokumentation.<\/p>\n<p>Wir sind von der Qualit\u00e4t unserer Produkte und Dienstleistungen \u00fcberzeugt. Deshalb freuen wir uns, Ihnen einen beispiellosen Zugang zu unseren Toolkits zu bieten. Probieren Sie es jetzt aus \u2013 laden Sie Ihre kostenlose ISO 27001 und ISO 22301 Vorschau herunter, um zu erfahren, wie Sie mit der Einhaltung dieser Standards beginnen k\u00f6nnen.<\/p>\n      <\/div>\n   <\/section><\/div><\/div><div id=\"panel-110732-3-0-1\" class=\"so-panel widget widget_adv_buttons panel-last-child\" data-index=\"6\" ><div\n\t\t\t\n\t\t\tclass=\"so-widget-adv_buttons so-widget-adv_buttons-base\"\n\t\t\t\n\t\t>\t<a class=\"btn push-campaign-utms btn-empty\" href=\"#download-form\" aria-label=\"Kostenlose Vorschau herunterladen\">\r\n\t\tKostenlose Vorschau herunterladen<i class=\"icon icon-arrow\"><\/i>\t<\/a>\r\n\r\n<\/div><\/div><\/div><\/div><\/div><div id=\"pg-110732-4\"  class=\"panel-grid panel-no-style\" ><div id=\"pgc-110732-4-0\"  class=\"panel-grid-cell\" ><div id=\"panel-110732-4-0-0\" class=\"so-panel widget widget_adv_display_site_element panel-first-child panel-last-child\" data-index=\"7\" ><div\n\t\t\t\n\t\t\tclass=\"so-widget-adv_display_site_element so-widget-adv_display_site_element-base\"\n\t\t\t\n\t\t><div class=\"site_element-wrap\"><div id=\"pl-80443\"  class=\"panel-layout\" ><div id=\"pg-80443-0\"  class=\"panel-grid panel-has-style\" ><div class=\"text-light siteorigin-panels-stretch top-padding-s bottom-padding-s cta-section panel-row-style panel-row-style-for-80443-0\" data-stretch-type=\"full\" ><div id=\"pgc-80443-0-0\"  class=\"panel-grid-cell\" ><div id=\"panel-80443-0-0-0\" class=\"so-panel widget widget_sow-editor panel-first-child panel-last-child\" data-index=\"0\" ><div\n\t\t\t\n\t\t\tclass=\"so-widget-sow-editor so-widget-sow-editor-base\"\n\t\t\t\n\t\t>\n<div class=\"siteorigin-widget-tinymce textwidget\">\n\t<h2 class=\"h1-m\">Kontakt aufnehmen<\/h2>\n<p>Brauchen Sie Hilfe? Setzen Sie sich jetzt mit uns in Verbindung. Wir antworten schnell.<\/p>\n<\/div>\n<\/div><\/div><\/div><div id=\"pgc-80443-0-1\"  class=\"panel-grid-cell\" ><div id=\"panel-80443-0-1-0\" class=\"so-panel widget widget_adv_buttons panel-first-child panel-last-child\" data-index=\"1\" ><div\n\t\t\t\n\t\t\tclass=\"so-widget-adv_buttons so-widget-adv_buttons-base\"\n\t\t\t\n\t\t>\t<a class=\"btn push-campaign-utms btn-cta\" href=\"https:\/\/advisera.com\/de\/kontakt\/\" aria-label=\"Kontaktieren Sie uns\">\r\n\t\tKontaktieren Sie uns\t<\/a>\r\n\r\n<\/div><\/div><\/div><\/div><\/div><\/div><\/div><\/div><\/div><\/div><\/div><\/div>","protected":false},"excerpt":{"rendered":"<p>Laden Sie eine kostenlose Vorschau der ISO 27001 &amp; ISO 22301 Dokumentations-Toolkits herunter Ben\u00f6tigen Sie ein Beispiel daf\u00fcr, wie die Dokumentation nach ISO 27001 und ISO 22301 aussehen sollte? Werfen Sie einen Blick auf alle Dokumentationsvorlagen wie die IT-Sicherheitspolitik, die interne Audit-Checkliste, die Methodik der Risikobewertung und die Risikobehandlung, indem Sie diese kostenlose ISO 27001-Demo [&hellip;]<\/p>\n","protected":false},"author":138,"featured_media":111891,"parent":0,"menu_order":38,"comment_status":"closed","ping_status":"closed","template":"","meta":{"_acf_changed":false,"inline_featured_image":false,"footnotes":""},"class_list":["post-110732","page","type-page","status-publish","has-post-thumbnail","hentry","adv_standard-iso-27001-de"],"acf":[],"_links":{"self":[{"href":"https:\/\/advisera.com\/de\/wp-json\/wp\/v2\/pages\/110732","targetHints":{"allow":["GET"]}}],"collection":[{"href":"https:\/\/advisera.com\/de\/wp-json\/wp\/v2\/pages"}],"about":[{"href":"https:\/\/advisera.com\/de\/wp-json\/wp\/v2\/types\/page"}],"author":[{"embeddable":true,"href":"https:\/\/advisera.com\/de\/wp-json\/wp\/v2\/users\/138"}],"replies":[{"embeddable":true,"href":"https:\/\/advisera.com\/de\/wp-json\/wp\/v2\/comments?post=110732"}],"version-history":[{"count":0,"href":"https:\/\/advisera.com\/de\/wp-json\/wp\/v2\/pages\/110732\/revisions"}],"wp:featuredmedia":[{"embeddable":true,"href":"https:\/\/advisera.com\/de\/wp-json\/wp\/v2\/media\/111891"}],"wp:attachment":[{"href":"https:\/\/advisera.com\/de\/wp-json\/wp\/v2\/media?parent=110732"}],"curies":[{"name":"wp","href":"https:\/\/api.w.org\/{rel}","templated":true}]}}