{"id":110797,"date":"2023-09-06T16:40:55","date_gmt":"2023-09-06T16:40:55","guid":{"rendered":"https:\/\/advisera.com\/eu-gdpr-free-preview\/"},"modified":"2023-10-17T16:46:14","modified_gmt":"2023-10-17T16:46:14","slug":"eu-dsgvo-kostenlose-vorschau","status":"publish","type":"page","link":"https:\/\/advisera.com\/de\/eu-dsgvo-kostenlose-vorschau\/","title":{"rendered":"EU DSGVO Dokumentation kostenlose Vorschau"},"content":{"rendered":"<div id=\"pl-110797\"  class=\"panel-layout\" ><div id=\"pg-110797-0\"  class=\"panel-grid panel-has-style\" ><div class=\"training-main-section top-padding-s bottom-padding-s panel-row-style panel-row-style-for-110797-0\" id=\"download-form\" ><div id=\"pgc-110797-0-0\"  class=\"panel-grid-cell\" ><div id=\"panel-110797-0-0-0\" class=\"so-panel widget widget_adv_content_editor panel-first-child\" data-index=\"0\" ><div\n\t\t\t\n\t\t\tclass=\"so-widget-adv_content_editor so-widget-adv_content_editor-base\"\n\t\t\t\n\t\t>\n<section class=\"adv-content-editor \">\n   \n         <h1 class=\"h1-m main-title h2\">Laden Sie eine kostenlose Vorschau der EU DSGVO Dokumentations-Toolkits herunter<\/h1>\n   \n   \n\n   \n         <div class=\"adv-content\">\n         <p>Brauchen Sie ein Beispiel daf\u00fcr, wie die <strong>EU DSGVO<\/strong>-Dokumentation aussehen sollte?<\/p>\n<p>Werfen Sie einen Blick auf alle Dokumentationsvorlagen wie <strong>die Politik der Datenspeicherung, <\/strong><strong>Politik des Schutzes personenbezogener Daten <\/strong>oder<strong> Anonymisierungs- und <\/strong><strong>Pseudonymisierungs-Politik<\/strong>, indem Sie diese kostenlose <strong>EU DSGVO<\/strong>-Demo herunterladen.<\/p>\n<p>Unsere Experten haben die Dokumente auf kleine und mittlere Unternehmen zugeschnitten, um Ihnen zu helfen, \u00fcberm\u00e4\u00dfig komplexe und lange Dateien zu vermeiden, die f\u00fcr Sie einfach zu viel w\u00e4ren.<\/p>\n      <\/div>\n   <\/section><\/div><\/div><div id=\"panel-110797-0-0-1\" class=\"so-panel widget widget_adv_image panel-last-child\" data-index=\"1\" ><div class=\"panel-widget-style panel-widget-style-for-110797-0-0-1\" ><div\n\t\t\t\n\t\t\tclass=\"so-widget-adv_image so-widget-adv_image-base\"\n\t\t\t\n\t\t><div class=\"adv-image \">\n\n\t\t\n\t\t\t\t<img decoding=\"async\" src=\"https:\/\/advisera.com\/wp-content\/uploads\/2023\/10\/eu-gdpr-free-preview-display-img-de.png\" alt=\"-\" sizes=\"(max-width: 1584px) 100vw, 1584px\" srcset=\"https:\/\/advisera.com\/wp-content\/uploads\/2023\/10\/eu-gdpr-free-preview-display-img-de.png 1584w, https:\/\/advisera.com\/wp-content\/uploads\/2023\/10\/eu-gdpr-free-preview-display-img-de-300x130.png 300w, https:\/\/advisera.com\/wp-content\/uploads\/2023\/10\/eu-gdpr-free-preview-display-img-de-768x333.png 768w, https:\/\/advisera.com\/wp-content\/uploads\/2023\/10\/eu-gdpr-free-preview-display-img-de-1024x443.png 1024w, https:\/\/advisera.com\/wp-content\/uploads\/2023\/10\/eu-gdpr-free-preview-display-img-de-1536x665.png 1536w\" =lazy title=\"\">\n\n\t\n\t\n\t<\/div>\n<\/div><\/div><\/div><\/div><div id=\"pgc-110797-0-1\"  class=\"panel-grid-cell\" ><div id=\"panel-110797-0-1-0\" class=\"so-panel widget widget_adv_enroll_live_training panel-first-child panel-last-child\" data-index=\"2\" ><div\n\t\t\t\n\t\t\tclass=\"so-widget-adv_enroll_live_training so-widget-adv_enroll_live_training-base\"\n\t\t\t\n\t\t><section class=\"enroll-ratings asic-logo-flex-wrap\">\n<\/section>\n\n<section class=\"enroll-live-training animated-ornaments ornaments-below-img\" \n\t>\n\t\t\t\t\t<div class=\"form-wrapper hubspot-forms adv-style\">\n\t\t\t<h2 class=\"h4 h2-m widget-title\">Kostenlose Vorschau herunterladen<\/h2>\t\t\n\t\t\t\t<script charset=\"utf-8\" type=\"text\/javascript\" src=\"\/\/js.hsforms.net\/forms\/v2.js\"><\/script>\n\t\t\t\t<script>\n\t\t\t\t  hbspt.forms.create({\n\t\t\t\t    region: \"na1\",\n\t\t\t\t    portalId: \"1983423\",\n\t\t\t\t    formId: \"5838840f-3ff3-4895-89bb-cec1df3405a7\"\n\t\t\t\t  });\n\t\t\t\t<\/script>\n\t\t\t\t\t<\/div>\n\t\t\t\n\n\t\t\t<!-- <div class=\"wrapper relative\"> -->\n\t\t\t\t\t\t<span class=\"ornament o-1 o-grey\"><\/span>\n\t\t\t<span class=\"ornament o-2 o-blue\"><\/span>\n\t\t\t<span class=\"ornament o-3 o-green\"><\/span>\n\t\t<!-- <\/div>  -->\n\t\t\n<\/section><\/div><\/div><\/div><\/div><\/div><div id=\"pg-110797-1\"  class=\"panel-grid panel-has-style\" ><div class=\"siteorigin-panels-stretch panel-row-style panel-row-style-for-110797-1\" data-stretch-type=\"full\" ><div id=\"pgc-110797-1-0\"  class=\"panel-grid-cell panel-grid-cell-mobile-last\" ><div id=\"panel-110797-1-0-0\" class=\"so-panel widget widget_adv_instructors panel-first-child panel-last-child\" data-index=\"3\" ><div\n\t\t\t\n\t\t\tclass=\"so-widget-adv_instructors so-widget-adv_instructors-base\"\n\t\t\t\n\t\t><section class=\"instructors-widget style-rounded text-light heading-style-h2\">\n          \n    <div class=\"cards-wrapper has-1-columns\">\n        \n                        <div class=\"instructor\">  \n                <div class=\"card-left figure\">\n                    <img decoding=\"async\" width=\"184\" height=\"184\" src=\"https:\/\/advisera.com\/wp-content\/uploads\/2022\/08\/Tudor-Galos-184x184.jpeg\" class=\"attachment-thumbnail size-thumbnail\" alt=\"-\" srcset=\"https:\/\/advisera.com\/wp-content\/uploads\/2022\/08\/Tudor-Galos-184x184.jpeg 184w, https:\/\/advisera.com\/wp-content\/uploads\/2022\/08\/Tudor-Galos-300x300.jpeg 300w, https:\/\/advisera.com\/wp-content\/uploads\/2022\/08\/Tudor-Galos.jpeg 571w\" sizes=\"(max-width: 184px) 100vw, 184px\" title=\"\">                <\/div>\n                <div class=\"card-right\">\n                                            <h3 class=\"instructor-title has-subtitle \">\n                            Welches Toolkit ausw\u00e4hlen?                      \n                        <\/h3>\n                                                                <div class=\"subtitle\">\n                            Sobald Sie die kostenlose Demo heruntergeladen haben, werden unsere Experten mit Ihnen Kontakt aufnehmen und Ihnen eine kostenlose Beratung anbieten, um zu verstehen, welches Toolkit Ihren Anforderungen entspricht.                       <\/div>\n                      \n                                            <div class=\"bio\">\n                            <p><strong>Tudor Galos<\/strong> - Experte f\u00fcr Datensicherheit<\/p>\n                       <\/div>\n                                         \n                <\/div>\n            <\/div>\n            <\/div>\n<\/section><\/div><\/div><\/div><div id=\"pgc-110797-1-1\"  class=\"panel-grid-cell panel-grid-cell-empty\" ><\/div><\/div><\/div><div id=\"pg-110797-2\"  class=\"panel-grid panel-has-style\" ><div class=\"siteorigin-panels-stretch top-padding-normal bottom-padding-xs no-top-padding-m no-bottom-padding-m panel-row-style panel-row-style-for-110797-2\" data-stretch-type=\"full\" ><div id=\"pgc-110797-2-0\"  class=\"panel-grid-cell\" ><div id=\"panel-110797-2-0-0\" class=\"so-panel widget widget_advisera_reviews_api_carousel_all_reviews panel-first-child panel-last-child\" data-index=\"4\" ><div\n\t\t\t\n\t\t\tclass=\"so-widget-advisera_reviews_api_carousel_all_reviews so-widget-advisera_reviews_api_carousel_all_reviews-base\"\n\t\t\t\n\t\t><section class=\"reviews-io style-heading-above-grid\">\n\t\t\t<h2 class=\"mobile-hidden tablet-hidden headline h1-m\">Tausende erfolgreicher Kunden<\/h2>\n\t\t<div class=\"reviews_io all-reviews-carousel\" data-items=\"2\">\n\n\t\t<div class=\"carousel-wrap\">\n\t\t\t\t\t\t<h2 class=\"desktop-hidden headline h1-m\">Tausende erfolgreicher Kunden<\/h2>\t\t\t\t\n\t\t\t\n\t\t\t\t\t<\/div>\n\t<\/div>\n<\/section><\/div><\/div><\/div><\/div><\/div><div id=\"pg-110797-3\"  class=\"panel-grid panel-has-style\" ><div class=\"top-padding-xs bottom-padding-xs panel-row-style panel-row-style-for-110797-3\" ><div id=\"pgc-110797-3-0\"  class=\"panel-grid-cell\" ><div id=\"panel-110797-3-0-0\" class=\"so-panel widget widget_adv_content_editor panel-first-child\" data-index=\"5\" ><div\n\t\t\t\n\t\t\tclass=\"so-widget-adv_content_editor so-widget-adv_content_editor-base\"\n\t\t\t\n\t\t>\n<section class=\"adv-content-editor \">\n   \n   \n   \n\n   \n         <div class=\"adv-content\">\n         <h4>Profitieren sie von der kostenlosen vorschau unserer EU DSGVO dokumentationsvorlagen!<\/h4>\n<p>Wir wissen, dass Sie wahrscheinlich Fragen zu unseren EU DSGVO Toolkits haben. Vielleicht sind Sie sich \u00fcber die Qualit\u00e4t und den Wert unserer Vorlagen nicht ganz sicher. Wir verstehen Sie und wir glauben so sehr an unser Produkt, dass wir Ihnen eine kostenlose Vorschau jeder einzelnen Vorlage in unserem Toolkit anbieten. Schauen Sie selbst nach, bevor Sie eine Kaufentscheidung treffen.<\/p>\n<h4>Welche vorteile k\u00f6nnen sie von der kostenlosen vorschau unseres EU DSGVO toolkits erwarten?<\/h4>\n<p>Sobald Sie die kostenlose Vorschau unserer EU DSGVO Dokumentation heruntergeladen haben, werden Sie die hervorragende Qualit\u00e4t und den unglaublichen Wert mit eigenen Augen sehen. Wir haben unser umfangreiches Fachwissen in jedes unserer Dokumentations-Toolkits eingebracht. Der Zweck unserer Toolkits ist es, Ihnen dabei zu helfen, die EU DSGVO Vorschriften schnell und einfach umzusetzen.<\/p>\n<ul>\n<li><strong>Einfache, \u00fcbersichtliche Vorlagen<\/strong>\u00a0\u2013\u00a0Sie werden nicht glauben, wie leicht verst\u00e4ndlich unsere Vorlagen sind!<\/li>\n<li><strong>Vergessen Sie teure Berater<\/strong>\u00a0\u2013 Erhalten Sie ein besseres Verst\u00e4ndnis dar\u00fcber, wie die Do-it-yourself-Implementierung ohne einen Berater aussehen wird.<\/li>\n<li><strong>Stressfrei<\/strong>\u00a0\u2013 Wenn Sie feststellen, wie einfach unsere Vorlagen sind, k\u00f6nnen Sie sich darauf verlassen, dass Sie die EU DSGVO tats\u00e4chlich umsetzen k\u00f6nnen.<\/li>\n<li><b><strong>Sparen Sie Zeit und Geld<\/strong>\u00a0<\/b>\u00a0\u2013 Sobald Sie die Vorschau des EU DSGVO Toolkits heruntergeladen haben, k\u00f6nnen Sie sich selbst von den Zeit- und Geldeinsparungen \u00fcberzeugen!<\/li>\n<\/ul>\n<h4>Sind sie besorgt \u00fcber die ben\u00f6tigte zeit und das erforderliche wissen?<\/h4>\n<p>Viele Unternehmen investieren sehr viel Geld in Berater, weil sie bef\u00fcrchten, dass sie nicht die Zeit oder das Fachwissen haben, um die Umsetzung selbst durchf\u00fchren zu k\u00f6nnen. In Wirklichkeit wird die Selbstimplementierung jedoch nicht die Zeit oder Ressourcen beanspruchen, die Sie erwarten. \u00dcberzeugen Sie sich selbst mit unserer KOSTENLOSEN EU DSGVO Vorschau.<\/p>\n<p>Als ob das nicht genug w\u00e4re, haben wir ein kostenloses Bonusgeschenk f\u00fcr Sie: eine Liste mit wertvollen Tipps f\u00fcr die Verwaltung Ihrer EU DSGVO Dokumentation.<\/p>\n<p>Wir wissen, wie exzellent jedes unserer Produkte und Dienstleistungen ist, weshalb wir Ihnen gerne so viel unserer Toolkits zeigen. \u00dcberzeugen Sie sich selbst \u2013 laden Sie jetzt eine kostenlose Vorschau der EU DSGVO herunter, um zu erfahren, wie Sie diesen Standard schnell und einfach implementieren k\u00f6nnen.<\/p>\n      <\/div>\n   <\/section><\/div><\/div><div id=\"panel-110797-3-0-1\" class=\"so-panel widget widget_adv_buttons panel-last-child\" data-index=\"6\" ><div\n\t\t\t\n\t\t\tclass=\"so-widget-adv_buttons so-widget-adv_buttons-base\"\n\t\t\t\n\t\t>\t<a class=\"btn push-campaign-utms btn-empty\" href=\"#download-form\" aria-label=\"Kostenlose Vorschau herunterladen\">\r\n\t\tKostenlose Vorschau herunterladen<i class=\"icon icon-arrow\"><\/i>\t<\/a>\r\n\r\n<\/div><\/div><\/div><\/div><\/div><div id=\"pg-110797-4\"  class=\"panel-grid panel-no-style\" ><div id=\"pgc-110797-4-0\"  class=\"panel-grid-cell\" ><div id=\"panel-110797-4-0-0\" class=\"so-panel widget widget_adv_display_site_element panel-first-child panel-last-child\" data-index=\"7\" ><div\n\t\t\t\n\t\t\tclass=\"so-widget-adv_display_site_element so-widget-adv_display_site_element-base\"\n\t\t\t\n\t\t><div class=\"site_element-wrap\"><div id=\"pl-80443\"  class=\"panel-layout\" ><div id=\"pg-80443-0\"  class=\"panel-grid panel-has-style\" ><div class=\"text-light siteorigin-panels-stretch top-padding-s bottom-padding-s cta-section panel-row-style panel-row-style-for-80443-0\" data-stretch-type=\"full\" ><div id=\"pgc-80443-0-0\"  class=\"panel-grid-cell\" ><div id=\"panel-80443-0-0-0\" class=\"so-panel widget widget_sow-editor panel-first-child panel-last-child\" data-index=\"0\" ><div\n\t\t\t\n\t\t\tclass=\"so-widget-sow-editor so-widget-sow-editor-base\"\n\t\t\t\n\t\t>\n<div class=\"siteorigin-widget-tinymce textwidget\">\n\t<h2 class=\"h1-m\">Kontakt aufnehmen<\/h2>\n<p>Brauchen Sie Hilfe? Setzen Sie sich jetzt mit uns in Verbindung. Wir antworten schnell.<\/p>\n<\/div>\n<\/div><\/div><\/div><div id=\"pgc-80443-0-1\"  class=\"panel-grid-cell\" ><div id=\"panel-80443-0-1-0\" class=\"so-panel widget widget_adv_buttons panel-first-child panel-last-child\" data-index=\"1\" ><div\n\t\t\t\n\t\t\tclass=\"so-widget-adv_buttons so-widget-adv_buttons-base\"\n\t\t\t\n\t\t>\t<a class=\"btn push-campaign-utms btn-cta\" href=\"https:\/\/advisera.com\/de\/kontakt\/\" aria-label=\"Kontaktieren Sie uns\">\r\n\t\tKontaktieren Sie uns\t<\/a>\r\n\r\n<\/div><\/div><\/div><\/div><\/div><\/div><\/div><\/div><\/div><\/div><\/div><\/div>","protected":false},"excerpt":{"rendered":"<p>Laden Sie eine kostenlose Vorschau der EU DSGVO Dokumentations-Toolkits herunter Brauchen Sie ein Beispiel daf\u00fcr, wie die EU DSGVO-Dokumentation aussehen sollte? Werfen Sie einen Blick auf alle Dokumentationsvorlagen wie die Politik der Datenspeicherung, Politik des Schutzes personenbezogener Daten oder Anonymisierungs- und Pseudonymisierungs-Politik, indem Sie diese kostenlose EU DSGVO-Demo herunterladen. Unsere Experten haben die Dokumente auf [&hellip;]<\/p>\n","protected":false},"author":138,"featured_media":111899,"parent":0,"menu_order":50,"comment_status":"closed","ping_status":"closed","template":"","meta":{"_acf_changed":false,"inline_featured_image":false,"footnotes":""},"class_list":["post-110797","page","type-page","status-publish","has-post-thumbnail","hentry","adv_standard-eu-gdpr-de"],"acf":[],"_links":{"self":[{"href":"https:\/\/advisera.com\/de\/wp-json\/wp\/v2\/pages\/110797","targetHints":{"allow":["GET"]}}],"collection":[{"href":"https:\/\/advisera.com\/de\/wp-json\/wp\/v2\/pages"}],"about":[{"href":"https:\/\/advisera.com\/de\/wp-json\/wp\/v2\/types\/page"}],"author":[{"embeddable":true,"href":"https:\/\/advisera.com\/de\/wp-json\/wp\/v2\/users\/138"}],"replies":[{"embeddable":true,"href":"https:\/\/advisera.com\/de\/wp-json\/wp\/v2\/comments?post=110797"}],"version-history":[{"count":0,"href":"https:\/\/advisera.com\/de\/wp-json\/wp\/v2\/pages\/110797\/revisions"}],"wp:featuredmedia":[{"embeddable":true,"href":"https:\/\/advisera.com\/de\/wp-json\/wp\/v2\/media\/111899"}],"wp:attachment":[{"href":"https:\/\/advisera.com\/de\/wp-json\/wp\/v2\/media?parent=110797"}],"curies":[{"name":"wp","href":"https:\/\/api.w.org\/{rel}","templated":true}]}}