{"id":80389,"date":"2022-08-30T07:46:04","date_gmt":"2022-08-30T07:46:04","guid":{"rendered":"https:\/\/advisera.com\/migration\/contact\/"},"modified":"2024-07-09T14:07:11","modified_gmt":"2024-07-09T14:07:11","slug":"kontakt","status":"publish","type":"page","link":"https:\/\/advisera.com\/de\/kontakt\/","title":{"rendered":"Kontakt"},"content":{"rendered":"<div id=\"pl-80389\"  class=\"panel-layout\" ><div id=\"pg-80389-0\"  class=\"panel-grid panel-has-style\" ><div class=\"bottom-padding-s info-section panel-row-style panel-row-style-for-80389-0\" ><div id=\"pgc-80389-0-0\"  class=\"panel-grid-cell\" ><div id=\"panel-80389-0-0-0\" class=\"so-panel widget widget_sow-editor panel-first-child\" data-index=\"0\" ><div\n\t\t\t\n\t\t\tclass=\"so-widget-sow-editor so-widget-sow-editor-base\"\n\t\t\t\n\t\t>\n<div class=\"siteorigin-widget-tinymce textwidget\">\n\t<h1>Setzen Sie sich mit uns in Verbindung<\/h1>\n<\/div>\n<\/div><\/div><div id=\"panel-80389-0-0-1\" class=\"so-panel widget widget_sow-editor\" data-index=\"1\" ><div\n\t\t\t\n\t\t\tclass=\"so-widget-sow-editor so-widget-sow-editor-base\"\n\t\t\t\n\t\t>\n<div class=\"siteorigin-widget-tinymce textwidget\">\n\t<h5>Wobei brauchen Sie Hilfe?<\/h5>\n<\/div>\n<\/div><\/div><div id=\"panel-80389-0-0-2\" class=\"so-panel widget widget_adv_select_content panel-last-child\" data-index=\"2\" ><div\n\t\t\t\n\t\t\tclass=\"so-widget-adv_select_content so-widget-adv_select_content-base\"\n\t\t\t\n\t\t>\n<div class=\"select-content\">\n\t<div class=\"form-field has-default-value adv-select\">\n\t\t<legend>Thema ausw\u00e4hlen<\/legend>\n\t\t<select name=\"choose-content\" class=\"js-toggle\">\n\t\t\t\t\t<option value=\"HilfebeiProduktenUntersttzung\">Hilfe bei Produkten\/ Unterst\u00fctzung<\/option>\n\t\t\t\t\t<option value=\"Verkauf\">Verkauf<\/option>\n\t\t\t\t\t<option value=\"Partnerschaften\">Partnerschaften<\/option>\n\t\t\t\t\n\t\t<\/select>\n\t\t<div class=\"hidden select-map\">\t\t\t\t\t<span data-hash=\"HilfebeiProduktenUntersttzung\">Hilfe bei Produkten\/ Unterst\u00fctzung<\/span>\n\t\t\t\t\t<span data-hash=\"Verkauf\">Verkauf<\/span>\n\t\t\t\t\t<span data-hash=\"Partnerschaften\">Partnerschaften<\/span>\n\t\t\t\t\t\t\n\t\t<\/div>\n\t<\/div>\n\t\t\t<section class=\"toggle-content\" id=\"HilfebeiProduktenUntersttzung\">\n\t\t\t<div id=\"pl-w0bc78b82\"  class=\"panel-layout\" ><div id=\"pg-w0bc78b82-0\"  class=\"panel-grid panel-no-style\" ><div id=\"pgc-w0bc78b82-0-0\"  class=\"panel-grid-cell\" ><div id=\"panel-w0bc78b82-0-0-0\" class=\"widget_text so-panel widget widget_custom_html panel-first-child\" data-index=\"0\" ><div class=\"widget_text panel-widget-style panel-widget-style-for-w0bc78b82-0-0-0\" ><div class=\"textwidget custom-html-widget\"><h5 class=\"hide-on-submit\">F\u00fcllen Sie das untenstehende Formular aus.<\/h5>\n<\/div><\/div><\/div><div id=\"panel-w0bc78b82-0-0-1\" class=\"so-panel widget widget_adv_hubspot panel-last-child\" data-index=\"1\" ><div class=\"panel-widget-style panel-widget-style-for-w0bc78b82-0-0-1\" ><div\n\t\t\t\n\t\t\tclass=\"so-widget-adv_hubspot so-widget-adv_hubspot-base\"\n\t\t\t\n\t\t>      <div class=\"hubspot-forms adv-style\">\n    <script charset=\"utf-8\" type=\"text\/javascript\" src=\"\/\/js.hsforms.net\/forms\/v2.js\"><\/script>\n    <script>\n      hbspt.forms.create({\n        region: \"na1\",\n        portalId: \"1983423\",\n        formId: \"8c44ede6-9faf-4cf4-9065-bb975e0fcbfa\"\n      });\n    <\/script>\n  <\/div>\n \n\n\n<\/div><\/div><\/div><\/div><\/div><\/div>\t\t\n\t\t<\/section>\n\t\t\t<section class=\"toggle-content hidden\" id=\"Verkauf\">\n\t\t\t<div id=\"pl-wfc75c3f7\"  class=\"panel-layout\" ><div id=\"pg-wfc75c3f7-0\"  class=\"panel-grid panel-has-style\" ><div class=\"info-section panel-row-style panel-row-style-for-wfc75c3f7-0\" ><div id=\"pgc-wfc75c3f7-0-0\"  class=\"panel-grid-cell\" ><div id=\"panel-wfc75c3f7-0-0-0\" class=\"so-panel widget widget_sow-editor panel-first-child panel-last-child\" data-index=\"0\" ><div class=\"panel-widget-style panel-widget-style-for-wfc75c3f7-0-0-0\" ><div\n\t\t\t\n\t\t\tclass=\"so-widget-sow-editor so-widget-sow-editor-base\"\n\t\t\t\n\t\t>\n<div class=\"siteorigin-widget-tinymce textwidget\">\n\t<h5>Unser Vertriebsteam erreichen Sie unter<\/h5>\n<p><a href=\"https:\/\/advisera.com\/de\/beginen\/\">sales@advisera.com<\/a><\/p>\n<h5>Andere M\u00f6glichkeiten, mehr Informationen zu erhalten<\/h5>\n<p>Besuchen Sie unser <a href=\"https:\/\/advisera.com\/support\/de\/knowledgebase\/\" target=\"_blank\" rel=\"noopener\">Hilfe-Center<\/a>.<\/p>\n<p>Im <a href=\"https:\/\/advisera.com\/de\/ressourcen\/\">Resource Center<\/a> finden Sie die neuesten besten Verfahrensweisen und Branchentrends.<\/p>\n<\/div>\n<\/div><\/div><\/div><\/div><\/div><\/div><\/div>\t\t\n\t\t<\/section>\n\t\t\t<section class=\"toggle-content hidden\" id=\"Partnerschaften\">\n\t\t\t<div id=\"pl-wb94c11d9\"  class=\"panel-layout\" ><div id=\"pg-wb94c11d9-0\"  class=\"panel-grid panel-no-style\" ><div id=\"pgc-wb94c11d9-0-0\"  class=\"panel-grid-cell\" ><div id=\"panel-wb94c11d9-0-0-0\" class=\"widget_text so-panel widget widget_custom_html panel-first-child\" data-index=\"0\" ><div class=\"widget_text panel-widget-style panel-widget-style-for-wb94c11d9-0-0-0\" ><div class=\"textwidget custom-html-widget\"><h5 class=\"hide-on-submit\">F\u00fcllen Sie das untenstehende Formular aus.<\/h5><\/div><\/div><\/div><div id=\"panel-wb94c11d9-0-0-1\" class=\"so-panel widget widget_adv_hubspot panel-last-child\" data-index=\"1\" ><div class=\"panel-widget-style panel-widget-style-for-wb94c11d9-0-0-1\" ><div\n\t\t\t\n\t\t\tclass=\"so-widget-adv_hubspot so-widget-adv_hubspot-base\"\n\t\t\t\n\t\t>      <div class=\"hubspot-forms adv-style\">\n    <script charset=\"utf-8\" type=\"text\/javascript\" src=\"\/\/js.hsforms.net\/forms\/v2.js\"><\/script>\n    <script>\n      hbspt.forms.create({\n        region: \"na1\",\n        portalId: \"1983423\",\n        formId: \"9b138e90-9c49-476c-b903-2f7438ed2060\"\n      });\n    <\/script>\n  <\/div>\n \n\n\n<\/div><\/div><\/div><\/div><\/div><\/div>\t\t\n\t\t<\/section>\n\t\t\t\n<\/div>\n<\/div><\/div><\/div><div id=\"pgc-80389-0-1\"  class=\"panel-grid-cell\" ><div class=\"panel-cell-style panel-cell-style-for-80389-0-1\" ><div id=\"panel-80389-0-1-0\" class=\"so-panel widget widget_sow-editor panel-first-child panel-last-child\" data-index=\"3\" ><div\n\t\t\t\n\t\t\tclass=\"so-widget-sow-editor so-widget-sow-editor-base\"\n\t\t\t\n\t\t>\n<div class=\"siteorigin-widget-tinymce textwidget\">\n\t<h2 class=\"h1\"><span data-sheets-value=\"{&quot;1&quot;:2,&quot;2&quot;:&quot;Unsere Niederlassungen&quot;}\" data-sheets-userformat=\"{&quot;2&quot;:829,&quot;3&quot;:{&quot;1&quot;:0},&quot;5&quot;:{&quot;1&quot;:[{&quot;1&quot;:2,&quot;2&quot;:0,&quot;5&quot;:{&quot;1&quot;:2,&quot;2&quot;:0}},{&quot;1&quot;:0,&quot;2&quot;:0,&quot;3&quot;:3},{&quot;1&quot;:1,&quot;2&quot;:0,&quot;4&quot;:1}]},&quot;6&quot;:{&quot;1&quot;:[{&quot;1&quot;:2,&quot;2&quot;:0,&quot;5&quot;:{&quot;1&quot;:2,&quot;2&quot;:0}},{&quot;1&quot;:0,&quot;2&quot;:0,&quot;3&quot;:3},{&quot;1&quot;:1,&quot;2&quot;:0,&quot;4&quot;:1}]},&quot;7&quot;:{&quot;1&quot;:[{&quot;1&quot;:2,&quot;2&quot;:0,&quot;5&quot;:{&quot;1&quot;:2,&quot;2&quot;:0}},{&quot;1&quot;:0,&quot;2&quot;:0,&quot;3&quot;:3},{&quot;1&quot;:1,&quot;2&quot;:0,&quot;4&quot;:1}]},&quot;8&quot;:{&quot;1&quot;:[{&quot;1&quot;:2,&quot;2&quot;:0,&quot;5&quot;:{&quot;1&quot;:2,&quot;2&quot;:0}},{&quot;1&quot;:0,&quot;2&quot;:0,&quot;3&quot;:3},{&quot;1&quot;:1,&quot;2&quot;:0,&quot;4&quot;:1}]},&quot;11&quot;:4,&quot;12&quot;:0}\">Unsere Niederlassungen<\/span><\/h2>\n<h5>US-B\u00fcro<\/h5>\n<p><strong>Advisera Expert Solutions Ltd<\/strong><br \/>\n1178 Broadway, 3rd Floor #3829<br \/>\nNew York NY 10001<br \/>\nVereinigte Staaten<\/p>\n<h5>EU-B\u00fcro<\/h5>\n<p><strong>Advisera Expert Solutions Ltd<\/strong><br \/>\nZavizanska 12<br \/>\n10000 Zagreb<br \/>\nKroatien, Europ\u00e4ische Union<\/p>\n<p class=\"small\" style=\"margin-top: 32px\">Das Unternehmen ist beim Handelsgericht in Zagreb,<br \/>\nReg. Nr. 080713015 registriert.<\/p>\n<p class=\"small\">IBAN: HR1123600001102963989<\/p>\n<p class=\"small\">USt-ID: HR13077006668<\/p>\n<\/div>\n<\/div><\/div><\/div><\/div><\/div><\/div><\/div>","protected":false},"excerpt":{"rendered":"<p>Setzen Sie sich mit uns in Verbindung Wobei brauchen Sie Hilfe? Unsere Niederlassungen US-B\u00fcro Advisera Expert Solutions Ltd 1178 Broadway, 3rd Floor #3829 New York NY 10001 Vereinigte Staaten EU-B\u00fcro Advisera Expert Solutions Ltd Zavizanska 12 10000 Zagreb Kroatien, Europ\u00e4ische Union Das Unternehmen ist beim Handelsgericht in Zagreb, Reg. Nr. 080713015 registriert. IBAN: HR1123600001102963989 USt-ID: [&hellip;]<\/p>\n","protected":false},"author":161,"featured_media":0,"parent":0,"menu_order":249,"comment_status":"closed","ping_status":"closed","template":"","meta":{"_acf_changed":false,"inline_featured_image":false,"footnotes":""},"class_list":["post-80389","page","type-page","status-publish","hentry"],"acf":[],"_links":{"self":[{"href":"https:\/\/advisera.com\/de\/wp-json\/wp\/v2\/pages\/80389","targetHints":{"allow":["GET"]}}],"collection":[{"href":"https:\/\/advisera.com\/de\/wp-json\/wp\/v2\/pages"}],"about":[{"href":"https:\/\/advisera.com\/de\/wp-json\/wp\/v2\/types\/page"}],"author":[{"embeddable":true,"href":"https:\/\/advisera.com\/de\/wp-json\/wp\/v2\/users\/161"}],"replies":[{"embeddable":true,"href":"https:\/\/advisera.com\/de\/wp-json\/wp\/v2\/comments?post=80389"}],"version-history":[{"count":0,"href":"https:\/\/advisera.com\/de\/wp-json\/wp\/v2\/pages\/80389\/revisions"}],"wp:attachment":[{"href":"https:\/\/advisera.com\/de\/wp-json\/wp\/v2\/media?parent=80389"}],"curies":[{"name":"wp","href":"https:\/\/api.w.org\/{rel}","templated":true}]}}