{"id":80544,"date":"2022-09-05T10:42:55","date_gmt":"2022-09-05T10:42:55","guid":{"rendered":"https:\/\/advisera.com\/migration\/live-consultations\/"},"modified":"2024-08-19T09:33:26","modified_gmt":"2024-08-19T09:33:26","slug":"beratungen","status":"publish","type":"page","link":"https:\/\/advisera.com\/de\/beratungen\/","title":{"rendered":"Live Beratungen"},"content":{"rendered":"<div id=\"pl-80544\"  class=\"panel-layout\" ><div id=\"pg-80544-0\"  class=\"panel-grid panel-has-style\" ><div class=\"bottom-padding-normal hero-section panel-row-style panel-row-style-for-80544-0\" ><div id=\"pgc-80544-0-0\"  class=\"panel-grid-cell\" ><div id=\"panel-80544-0-0-0\" class=\"so-panel widget widget_text panel-first-child panel-last-child\" data-index=\"0\" >\t\t\t<div class=\"textwidget\"><h1>Live Beratungen<\/h1>\n<h2 class=\"h4\"><strong>Zugang zu ISO-<\/strong> und EU-<strong> Experten erhalten<\/strong><\/h2>\n<p>Die Branchenexperten von Advisera beraten Sie gerne unverbindlich und ohne Produktkauf \u2013 sie bieten Ihnen lediglich professionelle Hilfe f\u00fcr Ihr Unternehmen.<\/p>\n<p>Zu den Zielen der Beratung geh\u00f6ren:<\/p>\n<ul class=\"checklist\">\n<li>Lassen Sie einen Experten beurteilen, ob Sie f\u00fcr die Zertifizierung bereit sind.<\/li>\n<li>Erhalten Sie eine individuelle Beratung und erfahren Sie, was als n\u00e4chstes zu tun ist.<\/li>\n<li>Entdecken Sie, wie Sie Ihre Mitarbeiter schulen k\u00f6nnen.<\/li>\n<\/ul>\n<p>F\u00fcllen Sie das Formular aus und wir werden Sie mit der richtigen Person in Verbindung setzen.<\/p>\n<\/div>\n\t\t<\/div><\/div><div id=\"pgc-80544-0-1\"  class=\"panel-grid-cell\" ><div id=\"panel-80544-0-1-0\" class=\"so-panel widget widget_adv_hubspot panel-first-child panel-last-child\" data-index=\"1\" ><div\n\t\t\t\n\t\t\tclass=\"so-widget-adv_hubspot so-widget-adv_hubspot-base\"\n\t\t\t\n\t\t>      <div class=\"hubspot-forms adv-style adv-style-2\">\n    <script charset=\"utf-8\" type=\"text\/javascript\" src=\"\/\/js.hsforms.net\/forms\/v2.js\"><\/script>\n    <script>\n      hbspt.forms.create({\n        region: \"na1\",\n        portalId: \"1983423\",\n        formId: \"9c8ecb20-ee02-4516-8cc0-d9a980e1b975\"\n      });\n    <\/script>\n  <\/div>\n \n\n\n<\/div><\/div><\/div><\/div><\/div><\/div>","protected":false},"excerpt":{"rendered":"<p>Live Beratungen Zugang zu ISO- und EU- Experten erhalten Die Branchenexperten von Advisera beraten Sie gerne unverbindlich und ohne Produktkauf \u2013 sie bieten Ihnen lediglich professionelle Hilfe f\u00fcr Ihr Unternehmen. Zu den Zielen der Beratung geh\u00f6ren: Lassen Sie einen Experten beurteilen, ob Sie f\u00fcr die Zertifizierung bereit sind. Erhalten Sie eine individuelle Beratung und erfahren [&hellip;]<\/p>\n","protected":false},"author":161,"featured_media":0,"parent":0,"menu_order":222,"comment_status":"closed","ping_status":"closed","template":"","meta":{"_acf_changed":false,"inline_featured_image":false,"footnotes":""},"class_list":["post-80544","page","type-page","status-publish","hentry"],"acf":[],"_links":{"self":[{"href":"https:\/\/advisera.com\/de\/wp-json\/wp\/v2\/pages\/80544","targetHints":{"allow":["GET"]}}],"collection":[{"href":"https:\/\/advisera.com\/de\/wp-json\/wp\/v2\/pages"}],"about":[{"href":"https:\/\/advisera.com\/de\/wp-json\/wp\/v2\/types\/page"}],"author":[{"embeddable":true,"href":"https:\/\/advisera.com\/de\/wp-json\/wp\/v2\/users\/161"}],"replies":[{"embeddable":true,"href":"https:\/\/advisera.com\/de\/wp-json\/wp\/v2\/comments?post=80544"}],"version-history":[{"count":0,"href":"https:\/\/advisera.com\/de\/wp-json\/wp\/v2\/pages\/80544\/revisions"}],"wp:attachment":[{"href":"https:\/\/advisera.com\/de\/wp-json\/wp\/v2\/media?parent=80544"}],"curies":[{"name":"wp","href":"https:\/\/api.w.org\/{rel}","templated":true}]}}