{"id":89163,"date":"2022-11-07T13:43:43","date_gmt":"2022-11-07T13:43:43","guid":{"rendered":"https:\/\/advisera.com\/?page_id=89163"},"modified":"2023-03-12T19:35:07","modified_gmt":"2023-03-12T19:35:07","slug":"eu-dsgvo-vergleichsseite","status":"publish","type":"page","link":"https:\/\/advisera.com\/de\/eu-dsgvo-vergleichsseite\/","title":{"rendered":"EU DSGVO Vergleichsmatrizen"},"content":{"rendered":"<div id=\"pl-89163\"  class=\"panel-layout\" ><div id=\"pg-89163-0\"  class=\"panel-grid panel-no-style\" ><div id=\"pgc-89163-0-0\"  class=\"panel-grid-cell\" ><div id=\"panel-89163-0-0-0\" class=\"so-panel widget widget_adv_content_editor panel-first-child panel-last-child\" data-index=\"0\" ><div\n\t\t\t\n\t\t\tclass=\"so-widget-adv_content_editor so-widget-adv_content_editor-base\"\n\t\t\t\n\t\t>\n<section class=\"adv-content-editor \">\n   \n         <h1 class=\"h1-m main-title\">Vergleichsmatrizen zur Implementierungder EU DSGVO Dokumentation<\/h1>\n   \n   \n\n   \n   <\/section><\/div><\/div><\/div><\/div><div id=\"pg-89163-1\"  class=\"panel-grid panel-has-style\" ><div class=\"top-padding-xs bottom-padding-normal panel-row-style panel-row-style-for-89163-1\" ><div id=\"pgc-89163-1-0\"  class=\"panel-grid-cell\" ><div id=\"panel-89163-1-0-0\" class=\"so-panel widget widget_adv_content_editor panel-first-child panel-last-child\" data-index=\"1\" ><div\n\t\t\t\n\t\t\tclass=\"so-widget-adv_content_editor so-widget-adv_content_editor-base\"\n\t\t\t\n\t\t>\n<section class=\"adv-content-editor \">\n   \n         <h5 class=\"h1-m main-title\">Sie sind sich nicht sicher, welche Methode f\u00fcr Ihre Situation geeignet ist?<\/h5>\n   \n   \n\n   \n         <div class=\"adv-content\">\n         Hier ist die gute Nachricht: F\u00fcr Ihre EU DSGVO Implementierung stehen mehrere Optionen zur Verf\u00fcgung: Sie k\u00f6nnen einen Berater beauftragen, Sie k\u00f6nnen sie selbstst\u00e4ndig umsetzen oder Sie k\u00f6nnen sie mit der Unterst\u00fctzung unserer Datenschutz-Experten selbst durchf\u00fchren. Die schlechte Nachricht? Sie m\u00fcssen sich intensiv Gedanken machen, um die beste L\u00f6sung f\u00fcr Sie auszuw\u00e4hlen.\n\nUm Ihnen zu helfen, haben wir unsere Methode mit anderen f\u00fchrenden L\u00f6sungen verglichen:\n<ul>\n \t<li>Advisera vs. Berater<\/li>\n \t<li>Advisera vs. Selbstst\u00e4ndige Umsetzung<\/li>\n \t<li>Advisera vs. Andere Online-L\u00f6sungen<\/li>\n<\/ul>      <\/div>\n   <\/section><\/div><\/div><\/div><\/div><\/div><div id=\"pg-89163-2\"  class=\"panel-grid panel-has-style\" ><div class=\"bottom-padding-normal panel-row-style panel-row-style-for-89163-2\" ><div id=\"pgc-89163-2-0\"  class=\"panel-grid-cell\" ><div class=\"compare-item so-rounded panel-cell-style panel-cell-style-for-89163-2-0\" ><div id=\"panel-89163-2-0-0\" class=\"so-panel widget widget_adv_content_editor panel-first-child\" data-index=\"2\" ><div class=\"panel-widget-style panel-widget-style-for-89163-2-0-0\" ><div\n\t\t\t\n\t\t\tclass=\"so-widget-adv_content_editor so-widget-adv_content_editor-base\"\n\t\t\t\n\t\t>\n<section class=\"adv-content-editor \">\n   \n   \n   \n\n   \n         <div class=\"adv-content\">\n         <div class=\"bottom-padding-xs\"><a href=\"#Vergleich-mit-Berater\" data-lity=\"\"><img decoding=\"async\" class=\"aligncenter size-full wp-image-101236\" src=\"https:\/\/advisera.com\/wp-content\/uploads\/2022\/12\/advisera-vs-consultant-de.jpg\" alt=\"-\" width=\"400\" height=\"400\" title=\"\" srcset=\"https:\/\/advisera.com\/wp-content\/uploads\/2022\/12\/advisera-vs-consultant-de.jpg 400w, https:\/\/advisera.com\/wp-content\/uploads\/2022\/12\/advisera-vs-consultant-de-184x184.jpg 184w, https:\/\/advisera.com\/wp-content\/uploads\/2022\/12\/advisera-vs-consultant-de-300x300.jpg 300w\" sizes=\"(max-width: 400px) 100vw, 400px\" \/><\/a><\/div>\n<h4>Vergleich mit Berater<\/h4>\n<div class=\"bottom-padding-xs\">Bestimmen Sie schnell Ihre beste Option f\u00fcr die Implementierung der EU DSGVO: die Advisera-L\u00f6sung oder ein externer Berater mit unserer praktischen Advisera vs. Berater-Vergleichsmatrix.<\/div>\n<a class=\"btn btn-empty\" href=\"https:\/\/advisera.com\/wp-content\/uploads\/comparison-matrices\/eugdpr\/de\/Advisera_vs_Consultant_DE.pdf\">Herunterladen die Matrix <i class=\"icon icon-arrow\"><\/i><\/a>      <\/div>\n   <\/section><\/div><\/div><\/div><div id=\"panel-89163-2-0-1\" class=\"so-panel widget widget_adv-single-document-preview panel-last-child\" data-index=\"3\" ><div class=\"panel-widget-style panel-widget-style-for-89163-2-0-1\" ><div\n\t\t\t\n\t\t\tclass=\"so-widget-adv-single-document-preview so-widget-adv-single-document-preview-base\"\n\t\t\t\n\t\t><section class=\"adv-single-document-preview empty-file\">\n            <a href=\"#Vergleich-mit-Berater\" class=\"btn btn-empty\" data-lity> ZEIGEN SIE MIR DIE MATRIX<i class=\"icon icon-arrow\"><\/i><\/a>\n\n        <div id=\"Vergleich-mit-Berater\" class=\"lity-hide\" style=\"background-color: white;\">\n    \n        <div class=\"preview-window default-style\"  style=\"width: 100vw; height:80vh; max-width:100%;\" >   \n            <div class=\"adv-classic-loader\"><div class=\"lds-ring\"><div><\/div><div><\/div><div><\/div><div><\/div><\/div><\/div>         \n            <iframe loading=\"lazy\" class=\"pvfw-pdf-viewer-frame\" data-openfile=\"\/themencode-pdf-viewer-sc?file=https:\/\/advisera.com\/wp-content\/uploads\/2022\/12\/eugdpr_advisera_vs_consultant_DE.pdf&#038;lang=en-US#page=&#038;zoom=page-width\" data-args=\"advisera-pdf\" style=\"width: 100%; height: 100%; overflow: scroll;\" src=\"\" width=\"100%\" height=\"100%\" scrolling=\"yes\">Iframes not supported<\/iframe>\n                        <\/div>\n\n        <\/div>\n    \n<\/section><\/div><\/div><\/div><\/div><\/div><div id=\"pgc-89163-2-1\"  class=\"panel-grid-cell\" ><div class=\"compare-item so-rounded panel-cell-style panel-cell-style-for-89163-2-1\" ><div id=\"panel-89163-2-1-0\" class=\"so-panel widget widget_adv_content_editor panel-first-child\" data-index=\"4\" ><div class=\"panel-widget-style panel-widget-style-for-89163-2-1-0\" ><div\n\t\t\t\n\t\t\tclass=\"so-widget-adv_content_editor so-widget-adv_content_editor-base\"\n\t\t\t\n\t\t>\n<section class=\"adv-content-editor \">\n   \n   \n   \n\n   \n         <div class=\"adv-content\">\n         <div class=\"bottom-padding-xs\"><a href=\"#Vergleich-selbstst\u00e4ndige-Umsetzung\" data-lity=\"\"><img decoding=\"async\" class=\"aligncenter size-full wp-image-101252\" src=\"https:\/\/advisera.com\/wp-content\/uploads\/2022\/12\/advisera-vs-self-implementation-de.jpg\" alt=\"-\" width=\"400\" height=\"400\" title=\"\" srcset=\"https:\/\/advisera.com\/wp-content\/uploads\/2022\/12\/advisera-vs-self-implementation-de.jpg 400w, https:\/\/advisera.com\/wp-content\/uploads\/2022\/12\/advisera-vs-self-implementation-de-184x184.jpg 184w, https:\/\/advisera.com\/wp-content\/uploads\/2022\/12\/advisera-vs-self-implementation-de-300x300.jpg 300w\" sizes=\"(max-width: 400px) 100vw, 400px\" \/><\/a><\/div>\n<h4>Vergleich selbstst\u00e4ndige Umsetzung<\/h4>\n<div class=\"bottom-padding-xs\">Nutzen Sie unsere praktische Advisera vs. Selbstst\u00e4ndige Umsetzung-Vergleichsmatrix f\u00fcr eine schnelle \u00dcbersicht der Vor- und Nachteile der Selbst-Implementierung der EU DSGVO ohne Expertenhilfe.<\/div>\n<a class=\"btn btn-empty\" href=\"https:\/\/advisera.com\/wp-content\/uploads\/comparison-matrices\/eugdpr\/de\/Advisera_vs_self-implementation_DE.pdf\">Herunterladen die Matrix <i class=\"icon icon-arrow\"><\/i><\/a>      <\/div>\n   <\/section><\/div><\/div><\/div><div id=\"panel-89163-2-1-1\" class=\"so-panel widget widget_adv-single-document-preview panel-last-child\" data-index=\"5\" ><div class=\"panel-widget-style panel-widget-style-for-89163-2-1-1\" ><div\n\t\t\t\n\t\t\tclass=\"so-widget-adv-single-document-preview so-widget-adv-single-document-preview-base\"\n\t\t\t\n\t\t><section class=\"adv-single-document-preview empty-file\">\n            <a href=\"#Vergleich-selbstst\u00e4ndige-Umsetzung\" class=\"btn btn-empty\" data-lity> ZEIGEN SIE MIR DIE MATRIX<i class=\"icon icon-arrow\"><\/i><\/a>\n\n        <div id=\"Vergleich-selbstst\u00e4ndige-Umsetzung\" class=\"lity-hide\" style=\"background-color: white;\">\n    \n        <div class=\"preview-window default-style\"  style=\"width: 100vw; height:80vh; max-width:100%;\" >   \n            <div class=\"adv-classic-loader\"><div class=\"lds-ring\"><div><\/div><div><\/div><div><\/div><div><\/div><\/div><\/div>         \n            <iframe loading=\"lazy\" class=\"pvfw-pdf-viewer-frame\" data-openfile=\"\/themencode-pdf-viewer-sc?file=https:\/\/advisera.com\/wp-content\/uploads\/2022\/12\/eugdpr_advisera_vs_self-implementation_DE.pdf&#038;lang=en-US#page=&#038;zoom=page-width\" data-args=\"advisera-pdf\" style=\"width: 100%; height: 100%; overflow: scroll;\" src=\"\" width=\"100%\" height=\"100%\" scrolling=\"yes\">Iframes not supported<\/iframe>\n                        <\/div>\n\n        <\/div>\n    \n<\/section><\/div><\/div><\/div><\/div><\/div><div id=\"pgc-89163-2-2\"  class=\"panel-grid-cell\" ><div class=\"compare-item so-rounded panel-cell-style panel-cell-style-for-89163-2-2\" ><div id=\"panel-89163-2-2-0\" class=\"so-panel widget widget_adv_content_editor panel-first-child\" data-index=\"6\" ><div class=\"panel-widget-style panel-widget-style-for-89163-2-2-0\" ><div\n\t\t\t\n\t\t\tclass=\"so-widget-adv_content_editor so-widget-adv_content_editor-base\"\n\t\t\t\n\t\t>\n<section class=\"adv-content-editor \">\n   \n   \n   \n\n   \n         <div class=\"adv-content\">\n         <div class=\"bottom-padding-xs\"><a href=\"#Vergleich-mit-anderen-Online-Anbietern\" data-lity=\"\"><img decoding=\"async\" class=\"aligncenter size-full wp-image-101244\" src=\"https:\/\/advisera.com\/wp-content\/uploads\/2022\/12\/advisera-vs-online-competitors-de.jpg\" alt=\"-\" width=\"400\" height=\"400\" title=\"\" srcset=\"https:\/\/advisera.com\/wp-content\/uploads\/2022\/12\/advisera-vs-online-competitors-de.jpg 400w, https:\/\/advisera.com\/wp-content\/uploads\/2022\/12\/advisera-vs-online-competitors-de-184x184.jpg 184w, https:\/\/advisera.com\/wp-content\/uploads\/2022\/12\/advisera-vs-online-competitors-de-300x300.jpg 300w\" sizes=\"(max-width: 400px) 100vw, 400px\" \/><\/a><\/div>\n<h4>Vergleich mit anderen Online-Anbietern<\/h4>\n<div class=\"bottom-padding-xs\">Verwenden Sie unsere einfache Vergleichsmatrix, um zu entscheiden, welche Online-L\u00f6sung f\u00fcr Sie am besten geeignet ist um die EU DSGVO einzuhalten.<\/div>\n<a class=\"btn btn-empty\" href=\"https:\/\/advisera.com\/wp-content\/uploads\/comparison-matrices\/eugdpr\/de\/Advisera_vs_online_competitors_DE.pdf\">Herunterladen die Matrix <i class=\"icon icon-arrow\"><\/i><\/a>      <\/div>\n   <\/section><\/div><\/div><\/div><div id=\"panel-89163-2-2-1\" class=\"so-panel widget widget_adv-single-document-preview panel-last-child\" data-index=\"7\" ><div class=\"panel-widget-style panel-widget-style-for-89163-2-2-1\" ><div\n\t\t\t\n\t\t\tclass=\"so-widget-adv-single-document-preview so-widget-adv-single-document-preview-base\"\n\t\t\t\n\t\t><section class=\"adv-single-document-preview empty-file\">\n            <a href=\"#Vergleich-mit-anderen-Online-Anbietern\" class=\"btn btn-empty\" data-lity> ZEIGEN SIE MIR DIE MATRIX<i class=\"icon icon-arrow\"><\/i><\/a>\n\n        <div id=\"Vergleich-mit-anderen-Online-Anbietern\" class=\"lity-hide\" style=\"background-color: white;\">\n    \n        <div class=\"preview-window default-style\"  style=\"width: 100vw; height:80vh; max-width:100%;\" >   \n            <div class=\"adv-classic-loader\"><div class=\"lds-ring\"><div><\/div><div><\/div><div><\/div><div><\/div><\/div><\/div>         \n            <iframe loading=\"lazy\" class=\"pvfw-pdf-viewer-frame\" data-openfile=\"\/themencode-pdf-viewer-sc?file=https:\/\/advisera.com\/wp-content\/uploads\/2022\/12\/eugdpr_advisera_vs_online_competitors_DE.pdf&#038;lang=en-US#page=&#038;zoom=page-width\" data-args=\"advisera-pdf\" style=\"width: 100%; height: 100%; overflow: scroll;\" src=\"\" width=\"100%\" height=\"100%\" scrolling=\"yes\">Iframes not supported<\/iframe>\n                        <\/div>\n\n        <\/div>\n    \n<\/section><\/div><\/div><\/div><\/div><\/div><\/div><\/div><div id=\"pg-89163-3\"  class=\"panel-grid panel-no-style\" ><div id=\"pgc-89163-3-0\"  class=\"panel-grid-cell\" ><div id=\"panel-89163-3-0-0\" class=\"so-panel widget widget_adv_display_site_element panel-first-child panel-last-child\" data-index=\"8\" ><div\n\t\t\t\n\t\t\tclass=\"so-widget-adv_display_site_element so-widget-adv_display_site_element-base\"\n\t\t\t\n\t\t><div class=\"site_element-wrap\"><div id=\"pl-85217\"  class=\"panel-layout\" ><div id=\"pg-85217-0\"  class=\"panel-grid panel-has-style\" ><div class=\"text-light siteorigin-panels-stretch top-padding-s bottom-padding-s cta-section panel-row-style panel-row-style-for-85217-0\" data-stretch-type=\"full\" ><div id=\"pgc-85217-0-0\"  class=\"panel-grid-cell\" ><div id=\"panel-85217-0-0-0\" class=\"so-panel widget widget_sow-editor panel-first-child panel-last-child\" data-index=\"0\" ><div\n\t\t\t\n\t\t\tclass=\"so-widget-sow-editor so-widget-sow-editor-base\"\n\t\t\t\n\t\t>\n<div class=\"siteorigin-widget-tinymce textwidget\">\n\t<h2 class=\"h1-m\">Kostenlose EU DSGVO Beratung<\/h2>\n<p>Unsere EU DSGVO Berater stehen Ihnen zur Verf\u00fcgung um mit Ihnen \u00fcber die Schritte zu sprechen die Ihr Unternehmen als n\u00e4chstes unternehmen sollte. Wir verstehen, dass Dinge manchmal verwirrend sind und Sie Rat brauchen, dem Sie vertrauen k\u00f6nnen.<\/p>\n<\/div>\n<\/div><\/div><\/div><div id=\"pgc-85217-0-1\"  class=\"panel-grid-cell\" ><div id=\"panel-85217-0-1-0\" class=\"so-panel widget widget_adv_buttons panel-first-child panel-last-child\" data-index=\"1\" ><div\n\t\t\t\n\t\t\tclass=\"so-widget-adv_buttons so-widget-adv_buttons-base\"\n\t\t\t\n\t\t>\t<a class=\"btn push-campaign-utms btn-cta\" href=\"https:\/\/advisera.com\/schedule-meeting\/\" aria-label=\"Jetzt buchen\">\r\n\t\tJetzt buchen\t<\/a>\r\n\r\n<\/div><\/div><\/div><\/div><\/div><\/div><\/div><\/div><\/div><\/div><\/div><\/div>","protected":false},"excerpt":{"rendered":"<p>Vergleichsmatrizen zur Implementierungder EU DSGVO Dokumentation Sie sind sich nicht sicher, welche Methode f\u00fcr Ihre Situation geeignet ist? Hier ist die gute Nachricht: F\u00fcr Ihre EU DSGVO Implementierung stehen mehrere Optionen zur Verf\u00fcgung: Sie k\u00f6nnen einen Berater beauftragen, Sie k\u00f6nnen sie selbstst\u00e4ndig umsetzen oder Sie k\u00f6nnen sie mit der Unterst\u00fctzung unserer Datenschutz-Experten selbst durchf\u00fchren. Die [&hellip;]<\/p>\n","protected":false},"author":161,"featured_media":105905,"parent":0,"menu_order":68,"comment_status":"closed","ping_status":"closed","template":"","meta":{"_acf_changed":false,"inline_featured_image":false,"footnotes":""},"class_list":["post-89163","page","type-page","status-publish","has-post-thumbnail","hentry","adv_standard-eu-gdpr-de"],"acf":[],"_links":{"self":[{"href":"https:\/\/advisera.com\/de\/wp-json\/wp\/v2\/pages\/89163","targetHints":{"allow":["GET"]}}],"collection":[{"href":"https:\/\/advisera.com\/de\/wp-json\/wp\/v2\/pages"}],"about":[{"href":"https:\/\/advisera.com\/de\/wp-json\/wp\/v2\/types\/page"}],"author":[{"embeddable":true,"href":"https:\/\/advisera.com\/de\/wp-json\/wp\/v2\/users\/161"}],"replies":[{"embeddable":true,"href":"https:\/\/advisera.com\/de\/wp-json\/wp\/v2\/comments?post=89163"}],"version-history":[{"count":0,"href":"https:\/\/advisera.com\/de\/wp-json\/wp\/v2\/pages\/89163\/revisions"}],"wp:featuredmedia":[{"embeddable":true,"href":"https:\/\/advisera.com\/de\/wp-json\/wp\/v2\/media\/105905"}],"wp:attachment":[{"href":"https:\/\/advisera.com\/de\/wp-json\/wp\/v2\/media?parent=89163"}],"curies":[{"name":"wp","href":"https:\/\/api.w.org\/{rel}","templated":true}]}}