{"id":110792,"date":"2023-09-06T16:52:49","date_gmt":"2023-09-06T16:52:49","guid":{"rendered":"https:\/\/advisera.com\/iso-14001-free-preview\/"},"modified":"2023-12-01T11:54:36","modified_gmt":"2023-12-01T11:54:36","slug":"iso-14001-vistaprevia-gratuita","status":"publish","type":"page","link":"https:\/\/advisera.com\/es\/iso-14001-vistaprevia-gratuita\/","title":{"rendered":"Vista previa gratuita de los Paquetes de Documentos ISO 14001"},"content":{"rendered":"<div id=\"pl-110792\"  class=\"panel-layout\" ><div id=\"pg-110792-0\"  class=\"panel-grid panel-has-style\" ><div class=\"training-main-section top-padding-s bottom-padding-s panel-row-style panel-row-style-for-110792-0\" id=\"download-form\" ><div id=\"pgc-110792-0-0\"  class=\"panel-grid-cell\" ><div id=\"panel-110792-0-0-0\" class=\"so-panel widget widget_adv_content_editor panel-first-child\" data-index=\"0\" ><div\n\t\t\t\n\t\t\tclass=\"so-widget-adv_content_editor so-widget-adv_content_editor-base\"\n\t\t\t\n\t\t>\n<section class=\"adv-content-editor \">\n   \n         <h1 class=\"h1-m main-title h2\">Descargue una vista previa gratuita de los Paquetes de Documentos ISO 14001<\/h1>\n   \n   \n\n   \n         <div class=\"adv-content\">\n         <p>\u00bfNecesita un ejemplo de c\u00f3mo se ver\u00eda la documentaci\u00f3n <strong>ISO 14001<\/strong>?<\/p>\n<p>Eche un vistazo a todas las plantillas de documentaci\u00f3n, como la <strong>Pol\u00edtica medioambiental, la Lista de verificaci\u00f3n de auditor\u00eda interna <\/strong>o<strong> el Informe de residuos desplegados y el Manual medioambiental,<\/strong> descargando esta demostraci\u00f3n gratuita de <strong>ISO 14001<\/strong>.<\/p>\n<p>Nuestros expertos han adaptado los documentos para organizaciones peque\u00f1as y medianas para ayudarle a evitar archivos demasiado complejos y largos que ser\u00edan excesivos para usted.<\/p>\n      <\/div>\n   <\/section><\/div><\/div><div id=\"panel-110792-0-0-1\" class=\"so-panel widget widget_adv_image panel-last-child\" data-index=\"1\" ><div class=\"panel-widget-style panel-widget-style-for-110792-0-0-1\" ><div\n\t\t\t\n\t\t\tclass=\"so-widget-adv_image so-widget-adv_image-base\"\n\t\t\t\n\t\t><div class=\"adv-image \">\n\n\t\t\n\t\t\t\t<img decoding=\"async\" src=\"https:\/\/advisera.com\/wp-content\/uploads\/2023\/10\/ISO-14001-free-preview-display-img-es.png\" alt=\"-\" sizes=\"(max-width: 1584px) 100vw, 1584px\" srcset=\"https:\/\/advisera.com\/wp-content\/uploads\/2023\/10\/ISO-14001-free-preview-display-img-es.png 1584w, https:\/\/advisera.com\/wp-content\/uploads\/2023\/10\/ISO-14001-free-preview-display-img-es-300x130.png 300w, https:\/\/advisera.com\/wp-content\/uploads\/2023\/10\/ISO-14001-free-preview-display-img-es-1024x443.png 1024w, https:\/\/advisera.com\/wp-content\/uploads\/2023\/10\/ISO-14001-free-preview-display-img-es-768x333.png 768w, https:\/\/advisera.com\/wp-content\/uploads\/2023\/10\/ISO-14001-free-preview-display-img-es-1536x665.png 1536w\" =lazy title=\"\">\n\n\t\n\t\n\t<\/div>\n<\/div><\/div><\/div><\/div><div id=\"pgc-110792-0-1\"  class=\"panel-grid-cell\" ><div id=\"panel-110792-0-1-0\" class=\"so-panel widget widget_adv_enroll_live_training panel-first-child panel-last-child\" data-index=\"2\" ><div\n\t\t\t\n\t\t\tclass=\"so-widget-adv_enroll_live_training so-widget-adv_enroll_live_training-base\"\n\t\t\t\n\t\t><section class=\"enroll-ratings asic-logo-flex-wrap\">\n<\/section>\n\n<section class=\"enroll-live-training animated-ornaments ornaments-below-img\" \n\t>\n\t\t\t\t\t<div class=\"form-wrapper hubspot-forms adv-style\">\n\t\t\t<h2 class=\"h4 h2-m widget-title\">Descargar muestra gratis<\/h2>\t\t\n\t\t\t\t<script charset=\"utf-8\" type=\"text\/javascript\" src=\"\/\/js.hsforms.net\/forms\/v2.js\"><\/script>\n\t\t\t\t<script>\n\t\t\t\t  hbspt.forms.create({\n\t\t\t\t    region: \"na1\",\n\t\t\t\t    portalId: \"1983423\",\n\t\t\t\t    formId: \"a7bf6a3e-507a-4fe5-a076-8c7430372398\"\n\t\t\t\t  });\n\t\t\t\t<\/script>\n\t\t\t\t\t<\/div>\n\t\t\t\n\n\t\t\t<!-- <div class=\"wrapper relative\"> -->\n\t\t\t\t\t\t<span class=\"ornament o-1 o-green\"><\/span>\n\t\t\t<span class=\"ornament o-2 o-grey\"><\/span>\n\t\t\t<span class=\"ornament o-3 o-blue\"><\/span>\n\t\t<!-- <\/div>  -->\n\t\t\n<\/section><\/div><\/div><\/div><\/div><\/div><div id=\"pg-110792-1\"  class=\"panel-grid panel-has-style\" ><div class=\"siteorigin-panels-stretch panel-row-style panel-row-style-for-110792-1\" data-stretch-type=\"full\" ><div id=\"pgc-110792-1-0\"  class=\"panel-grid-cell panel-grid-cell-mobile-last\" ><div id=\"panel-110792-1-0-0\" class=\"so-panel widget widget_adv_instructors panel-first-child panel-last-child\" data-index=\"3\" ><div\n\t\t\t\n\t\t\tclass=\"so-widget-adv_instructors so-widget-adv_instructors-base\"\n\t\t\t\n\t\t><section class=\"instructors-widget style-rounded text-light heading-style-h2\">\n          \n    <div class=\"cards-wrapper has-1-columns\">\n        \n                        <div class=\"instructor\">  \n                <div class=\"card-left figure\">\n                    <img decoding=\"async\" width=\"184\" height=\"184\" src=\"https:\/\/advisera.com\/wp-content\/uploads\/2022\/08\/Carlos-Cruz-184x184.jpeg\" class=\"attachment-thumbnail size-thumbnail\" alt=\"-\" srcset=\"https:\/\/advisera.com\/wp-content\/uploads\/2022\/08\/Carlos-Cruz-184x184.jpeg 184w, https:\/\/advisera.com\/wp-content\/uploads\/2022\/08\/Carlos-Cruz.jpeg 200w\" sizes=\"(max-width: 184px) 100vw, 184px\" title=\"\">                <\/div>\n                <div class=\"card-right\">\n                                            <h3 class=\"instructor-title has-subtitle \">\n                            \u00bfQu\u00e9 paquete de documentos elegir?                      \n                        <\/h3>\n                                                                <div class=\"subtitle\">\n                            Una vez descargada la demostraci\u00f3n gratuita, nuestros expertos contactar\u00e1n con usted y le oferecer\u00e1n una consulta gratuita para ayudarle a saber qu\u00e9 paquete de documentos da respuesta a sus necesidades.                       <\/div>\n                      \n                                            <div class=\"bio\">\n                            <p><strong>Carlos Pereira da Cruz<\/strong> - Experto en ISO 14001<\/p>\n                       <\/div>\n                                         \n                <\/div>\n            <\/div>\n            <\/div>\n<\/section><\/div><\/div><\/div><div id=\"pgc-110792-1-1\"  class=\"panel-grid-cell panel-grid-cell-empty\" ><\/div><\/div><\/div><div id=\"pg-110792-2\"  class=\"panel-grid panel-has-style\" ><div class=\"siteorigin-panels-stretch top-padding-normal bottom-padding-xs no-top-padding-m no-bottom-padding-m panel-row-style panel-row-style-for-110792-2\" data-stretch-type=\"full\" ><div id=\"pgc-110792-2-0\"  class=\"panel-grid-cell\" ><div id=\"panel-110792-2-0-0\" class=\"so-panel widget widget_advisera_reviews_api_carousel_all_reviews panel-first-child panel-last-child\" data-index=\"4\" ><div\n\t\t\t\n\t\t\tclass=\"so-widget-advisera_reviews_api_carousel_all_reviews so-widget-advisera_reviews_api_carousel_all_reviews-base\"\n\t\t\t\n\t\t><section class=\"reviews-io style-heading-above-grid\">\n\t\t\t<h2 class=\"mobile-hidden tablet-hidden headline h1-m\">Miles de clientes con \u00e9xito<\/h2>\n\t\t<div class=\"reviews_io all-reviews-carousel\" data-items=\"2\">\n\n\t\t<div class=\"carousel-wrap\">\n\t\t\t\t\t\t<h2 class=\"desktop-hidden headline h1-m\">Miles de clientes con \u00e9xito<\/h2>\t\t\t\t\n\t\t\t\n\t\t\t\t\t<\/div>\n\t<\/div>\n<\/section><\/div><\/div><\/div><\/div><\/div><div id=\"pg-110792-3\"  class=\"panel-grid panel-has-style\" ><div class=\"top-padding-xs bottom-padding-xs panel-row-style panel-row-style-for-110792-3\" ><div id=\"pgc-110792-3-0\"  class=\"panel-grid-cell\" ><div id=\"panel-110792-3-0-0\" class=\"so-panel widget widget_adv_content_editor panel-first-child\" data-index=\"5\" ><div\n\t\t\t\n\t\t\tclass=\"so-widget-adv_content_editor so-widget-adv_content_editor-base\"\n\t\t\t\n\t\t>\n<section class=\"adv-content-editor \">\n   \n   \n   \n\n   \n         <div class=\"adv-content\">\n         <h4>\u00a1Aprov\u00e9chese de la previsualizaci\u00f3n gratuita de nuestras plantillas de documentaci\u00f3n para ISO 14001!<\/h4>\n<p>Sabemos que probablemente tenga muchas preguntas sobre nuestros paquetes de ISO 14001. Puede tener dudas acerca de la calidad y valor de nuestras plantillas. Lo entendemos, y creemos en nuestros productos tanto que le ofrecemos una demostraci\u00f3n gratis de cada una de las plantillas que se incluyen en nuestro paquete. \u00c9cheles un vistazo antes de tomar la decisi\u00f3n de compra.<\/p>\n<h4>As\u00ed que, \u00bfcu\u00e1les son los beneficios que puede esperar de la previsualizaci\u00f3n gratuita de nuestro paquete ISO 14001?<\/h4>\n<p>Una vez que se haya descargado la vista previa gratuita de nuestra documentaci\u00f3n sobre ISO 14001, se dar\u00e1 cuenta usted mismo de la gran calidad y el valor tan incre\u00edble que tienen todos nuestros paquetes. Ponemos en pr\u00e1ctica todos los conocimientos adquiridos a lo largo de nuestra experiencia profesional en cada uno de nuestros paquetes de documentaci\u00f3n. El prop\u00f3sito de nuestros paquetes es ayudarle a implementar estas normas ISO de una manera f\u00e1cil y r\u00e1pida.<\/p>\n<ul>\n<li><strong>Plantillas sencillas y con uns estructura clara<\/strong>\u00a0\u2013\u00a0\u00a1No creer\u00e1 lo f\u00e1cil que es entender nuestras plantillas!<\/li>\n<li><strong>No necesitar\u00e1 un consultor excesivamente caro<\/strong>\u00a0\u2013 Consiga entender de una forma m\u00e1s clara en qu\u00e9 consiste la implementaci\u00f3n \u201eh\u00e1galo usted mismo\u201c sin la necesidad de contratar a un consultor.<\/li>\n<li><strong>Sin estr\u00e9s<\/strong>\u00a0\u2013 Cuando descubra lo sencillo que es rellenar nuestras plantillas, podr\u00e1 estar tranquilo sabiendo que realmente puede implementar la norma ISO 14001.<\/li>\n<li><b><strong>Ahorre su tiempo, y su dinero\u00a0<\/strong>\u00a0<\/b>\u2013 Una vez que haya descargado la vista previa del paquete sobre ISO 14001, \u00a1podr\u00e1 comprobar por s\u00ed mismo los ahorros tan incre\u00edbles que tendr\u00e1, tanto en tiempo como en dinero!<\/li>\n<\/ul>\n<h4>\u00bfEst\u00e1 preocupado por el tiempo y los conocimientos que necesita?<\/h4>\n<p>Muchos negocios invierten una cantidad enorme de dinero en consultores, porque les preocupa no tener el tiempo o el conocimiento especializado necesario para hacerlo por s\u00ed mismos. Pero en realidad, la auto implementaci\u00f3n no necesita el tiempo ni los recursos que usted cree. Compr\u00faebelo usted mismo con nuestra previsualizaci\u00f3n GRATUITA de la documentaci\u00f3n sobre ISO 14001.<\/p>\n<p>Y por si eso no fuera suficiente, tenemos un regalo adicional GRATIS para usted: una lista de consejos realmente \u00fatiles para la gesti\u00f3n de su documentaci\u00f3n ISO 14001.<\/p>\n<p>Sabemos que todos y cada uno de nuestros productos y servicios tienen una calidad excelente, y por eso estamos encantados de mostrarle tanto de nuestros paquetes. Compru\u00e9belo usted mismo \u2013 descargue una vista previa gratuita de ISO 14001 ahora mismo y descubra c\u00f3mo puede implementar esta norma de forma f\u00e1cil y r\u00e1pida.<\/p>\n      <\/div>\n   <\/section><\/div><\/div><div id=\"panel-110792-3-0-1\" class=\"so-panel widget widget_adv_buttons panel-last-child\" data-index=\"6\" ><div\n\t\t\t\n\t\t\tclass=\"so-widget-adv_buttons so-widget-adv_buttons-base\"\n\t\t\t\n\t\t>\t<a class=\"btn push-campaign-utms btn-empty\" href=\"#download-form\" aria-label=\"Descargar muestra gratis\">\r\n\t\tDescargar muestra gratis<i class=\"icon icon-arrow\"><\/i>\t<\/a>\r\n\r\n<\/div><\/div><\/div><\/div><\/div><div id=\"pg-110792-4\"  class=\"panel-grid panel-no-style\" ><div id=\"pgc-110792-4-0\"  class=\"panel-grid-cell\" ><div id=\"panel-110792-4-0-0\" class=\"so-panel widget widget_adv_display_site_element panel-first-child panel-last-child\" data-index=\"7\" ><div\n\t\t\t\n\t\t\tclass=\"so-widget-adv_display_site_element so-widget-adv_display_site_element-base\"\n\t\t\t\n\t\t><div class=\"site_element-wrap\"><div id=\"pl-80462\"  class=\"panel-layout\" ><div id=\"pg-80462-0\"  class=\"panel-grid panel-has-style\" ><div class=\"text-light siteorigin-panels-stretch top-padding-s bottom-padding-s cta-section panel-row-style panel-row-style-for-80462-0\" data-stretch-type=\"full\" ><div id=\"pgc-80462-0-0\"  class=\"panel-grid-cell\" ><div id=\"panel-80462-0-0-0\" class=\"so-panel widget widget_sow-editor panel-first-child panel-last-child\" data-index=\"0\" ><div\n\t\t\t\n\t\t\tclass=\"so-widget-sow-editor so-widget-sow-editor-base\"\n\t\t\t\n\t\t>\n<div class=\"siteorigin-widget-tinymce textwidget\">\n\t<h2 class=\"h1-m\">P\u00f3ngase en contacto<\/h2>\n<p>\u00bfNecesita ayuda? Contacte con nosotros ahora. Le responderemos r\u00e1pidamente.<\/p>\n<\/div>\n<\/div><\/div><\/div><div id=\"pgc-80462-0-1\"  class=\"panel-grid-cell\" ><div id=\"panel-80462-0-1-0\" class=\"so-panel widget widget_adv_buttons panel-first-child panel-last-child\" data-index=\"1\" ><div\n\t\t\t\n\t\t\tclass=\"so-widget-adv_buttons so-widget-adv_buttons-base\"\n\t\t\t\n\t\t>\t<a class=\"btn push-campaign-utms btn-cta\" href=\"https:\/\/advisera.com\/es\/contacto\/\" aria-label=\"Contacte con nosotros\">\r\n\t\tContacte con nosotros\t<\/a>\r\n\r\n<\/div><\/div><\/div><\/div><\/div><\/div><\/div><\/div><\/div><\/div><\/div><\/div>","protected":false},"excerpt":{"rendered":"<p>Descargue una vista previa gratuita de los Paquetes de Documentos ISO 14001 \u00bfNecesita un ejemplo de c\u00f3mo se ver\u00eda la documentaci\u00f3n ISO 14001? Eche un vistazo a todas las plantillas de documentaci\u00f3n, como la Pol\u00edtica medioambiental, la Lista de verificaci\u00f3n de auditor\u00eda interna o el Informe de residuos desplegados y el Manual medioambiental, descargando esta [&hellip;]<\/p>\n","protected":false},"author":138,"featured_media":111955,"parent":0,"menu_order":45,"comment_status":"closed","ping_status":"closed","template":"","meta":{"_acf_changed":false,"inline_featured_image":false,"footnotes":""},"class_list":["post-110792","page","type-page","status-publish","has-post-thumbnail","hentry","adv_standard-iso-14001-es"],"acf":[],"_links":{"self":[{"href":"https:\/\/advisera.com\/es\/wp-json\/wp\/v2\/pages\/110792","targetHints":{"allow":["GET"]}}],"collection":[{"href":"https:\/\/advisera.com\/es\/wp-json\/wp\/v2\/pages"}],"about":[{"href":"https:\/\/advisera.com\/es\/wp-json\/wp\/v2\/types\/page"}],"author":[{"embeddable":true,"href":"https:\/\/advisera.com\/es\/wp-json\/wp\/v2\/users\/138"}],"replies":[{"embeddable":true,"href":"https:\/\/advisera.com\/es\/wp-json\/wp\/v2\/comments?post=110792"}],"version-history":[{"count":0,"href":"https:\/\/advisera.com\/es\/wp-json\/wp\/v2\/pages\/110792\/revisions"}],"wp:featuredmedia":[{"embeddable":true,"href":"https:\/\/advisera.com\/es\/wp-json\/wp\/v2\/media\/111955"}],"wp:attachment":[{"href":"https:\/\/advisera.com\/es\/wp-json\/wp\/v2\/media?parent=110792"}],"curies":[{"name":"wp","href":"https:\/\/api.w.org\/{rel}","templated":true}]}}