{"id":110793,"date":"2023-09-06T16:48:34","date_gmt":"2023-09-06T16:48:34","guid":{"rendered":"https:\/\/advisera.com\/iso-20000-free-preview\/"},"modified":"2023-10-17T16:52:52","modified_gmt":"2023-10-17T16:52:52","slug":"iso-20000-vistaprevia-gratuita","status":"publish","type":"page","link":"https:\/\/advisera.com\/es\/iso-20000-vistaprevia-gratuita\/","title":{"rendered":"Vista previa gratuita de los Paquetes de Documentos ISO 20000"},"content":{"rendered":"<div id=\"pl-110793\"  class=\"panel-layout\" ><div id=\"pg-110793-0\"  class=\"panel-grid panel-has-style\" ><div class=\"training-main-section top-padding-s bottom-padding-s panel-row-style panel-row-style-for-110793-0\" id=\"download-form\" ><div id=\"pgc-110793-0-0\"  class=\"panel-grid-cell\" ><div id=\"panel-110793-0-0-0\" class=\"so-panel widget widget_adv_content_editor panel-first-child\" data-index=\"0\" ><div\n\t\t\t\n\t\t\tclass=\"so-widget-adv_content_editor so-widget-adv_content_editor-base\"\n\t\t\t\n\t\t>\n<section class=\"adv-content-editor \">\n   \n         <h1 class=\"h1-m main-title h2\">Descargue una vista previa gratuita de los Paquetes de Documentos ISO 20000<\/h1>\n   \n   \n\n   \n         <div class=\"adv-content\">\n         <p>\u00bfNecesita un ejemplo de c\u00f3mo se ver\u00eda la documentaci\u00f3n <strong>ISO 20000<\/strong>?<\/p>\n<p>Eche un vistazo a todas las plantillas de documentaci\u00f3n, como el <strong>Alcance del sistema de gesti\u00f3n de servicios, el Plan de capacidad, el Proceso de gesti\u00f3n de incidentes <\/strong>o<strong> la Pol\u00edtica de gesti\u00f3n de cambios<\/strong>, descargando esta demostraci\u00f3n gratuita de <strong>ISO 20000<\/strong>.<\/p>\n<p>Nuestros expertos han adaptado los documentos para organizaciones peque\u00f1as y medianas para ayudarle a evitar archivos demasiado complejos y largos que ser\u00edan excesivos para usted.<\/p>\n      <\/div>\n   <\/section><\/div><\/div><div id=\"panel-110793-0-0-1\" class=\"so-panel widget widget_adv_image panel-last-child\" data-index=\"1\" ><div class=\"panel-widget-style panel-widget-style-for-110793-0-0-1\" ><div\n\t\t\t\n\t\t\tclass=\"so-widget-adv_image so-widget-adv_image-base\"\n\t\t\t\n\t\t><div class=\"adv-image \">\n\n\t\t\n\t\t\t\t<img decoding=\"async\" src=\"https:\/\/advisera.com\/wp-content\/uploads\/2023\/10\/iso-20000-free-preview-display-img-es.png\" alt=\"-\" sizes=\"(max-width: 1584px) 100vw, 1584px\" srcset=\"https:\/\/advisera.com\/wp-content\/uploads\/2023\/10\/iso-20000-free-preview-display-img-es.png 1584w, https:\/\/advisera.com\/wp-content\/uploads\/2023\/10\/iso-20000-free-preview-display-img-es-300x130.png 300w, https:\/\/advisera.com\/wp-content\/uploads\/2023\/10\/iso-20000-free-preview-display-img-es-1024x443.png 1024w, https:\/\/advisera.com\/wp-content\/uploads\/2023\/10\/iso-20000-free-preview-display-img-es-768x333.png 768w, https:\/\/advisera.com\/wp-content\/uploads\/2023\/10\/iso-20000-free-preview-display-img-es-1536x665.png 1536w\" =lazy title=\"\">\n\n\t\n\t\n\t<\/div>\n<\/div><\/div><\/div><\/div><div id=\"pgc-110793-0-1\"  class=\"panel-grid-cell\" ><div id=\"panel-110793-0-1-0\" class=\"so-panel widget widget_adv_enroll_live_training panel-first-child panel-last-child\" data-index=\"2\" ><div\n\t\t\t\n\t\t\tclass=\"so-widget-adv_enroll_live_training so-widget-adv_enroll_live_training-base\"\n\t\t\t\n\t\t><section class=\"enroll-ratings asic-logo-flex-wrap\">\n<\/section>\n\n<section class=\"enroll-live-training animated-ornaments ornaments-below-img\" \n\t>\n\t\t\t\t\t<div class=\"form-wrapper hubspot-forms adv-style\">\n\t\t\t<h2 class=\"h4 h2-m widget-title\">Descargar muestra gratis<\/h2>\t\t\n\t\t\t\t<script charset=\"utf-8\" type=\"text\/javascript\" src=\"\/\/js.hsforms.net\/forms\/v2.js\"><\/script>\n\t\t\t\t<script>\n\t\t\t\t  hbspt.forms.create({\n\t\t\t\t    region: \"na1\",\n\t\t\t\t    portalId: \"1983423\",\n\t\t\t\t    formId: \"4e1f19cf-f23e-4314-8b9e-c48a578e7666\"\n\t\t\t\t  });\n\t\t\t\t<\/script>\n\t\t\t\t\t<\/div>\n\t\t\t\n\n\t\t\t<!-- <div class=\"wrapper relative\"> -->\n\t\t\t\t\t\t<span class=\"ornament o-1 o-grey\"><\/span>\n\t\t\t<span class=\"ornament o-2 o-green\"><\/span>\n\t\t\t<span class=\"ornament o-3 o-blue\"><\/span>\n\t\t<!-- <\/div>  -->\n\t\t\n<\/section><\/div><\/div><\/div><\/div><\/div><div id=\"pg-110793-1\"  class=\"panel-grid panel-has-style\" ><div class=\"siteorigin-panels-stretch panel-row-style panel-row-style-for-110793-1\" data-stretch-type=\"full\" ><div id=\"pgc-110793-1-0\"  class=\"panel-grid-cell panel-grid-cell-mobile-last\" ><div id=\"panel-110793-1-0-0\" class=\"so-panel widget widget_adv_instructors panel-first-child panel-last-child\" data-index=\"3\" ><div\n\t\t\t\n\t\t\tclass=\"so-widget-adv_instructors so-widget-adv_instructors-base\"\n\t\t\t\n\t\t><section class=\"instructors-widget style-rounded text-light heading-style-h2\">\n          \n    <div class=\"cards-wrapper has-1-columns\">\n        \n                        <div class=\"instructor\">  \n                <div class=\"card-left figure\">\n                    <img decoding=\"async\" width=\"184\" height=\"184\" src=\"https:\/\/advisera.com\/wp-content\/uploads\/2022\/08\/Antonio-Jose-Segovia-184x184.png\" class=\"attachment-thumbnail size-thumbnail\" alt=\"-\" srcset=\"https:\/\/advisera.com\/wp-content\/uploads\/2022\/08\/Antonio-Jose-Segovia-184x184.png 184w, https:\/\/advisera.com\/wp-content\/uploads\/2022\/08\/Antonio-Jose-Segovia-300x300.png 300w, https:\/\/advisera.com\/wp-content\/uploads\/2022\/08\/Antonio-Jose-Segovia.png 500w\" sizes=\"(max-width: 184px) 100vw, 184px\" title=\"\">                <\/div>\n                <div class=\"card-right\">\n                                            <h3 class=\"instructor-title has-subtitle \">\n                            \u00bfQu\u00e9 paquete de documentos elegir?                      \n                        <\/h3>\n                                                                <div class=\"subtitle\">\n                            Una vez descargada la demostraci\u00f3n gratuita, nuestros expertos contactar\u00e1n con usted y le oferecer\u00e1n una consulta gratuita para ayudarle a saber qu\u00e9 paquete de documentos da respuesta a sus necesidades.                       <\/div>\n                      \n                                            <div class=\"bio\">\n                            <p><strong>Antonio Jose Segovia<\/strong> - Experto en ISO 20000<\/p>\n                       <\/div>\n                                         \n                <\/div>\n            <\/div>\n            <\/div>\n<\/section><\/div><\/div><\/div><div id=\"pgc-110793-1-1\"  class=\"panel-grid-cell panel-grid-cell-empty\" ><\/div><\/div><\/div><div id=\"pg-110793-2\"  class=\"panel-grid panel-has-style\" ><div class=\"siteorigin-panels-stretch top-padding-normal bottom-padding-xs no-top-padding-m no-bottom-padding-m panel-row-style panel-row-style-for-110793-2\" data-stretch-type=\"full\" ><div id=\"pgc-110793-2-0\"  class=\"panel-grid-cell\" ><div id=\"panel-110793-2-0-0\" class=\"so-panel widget widget_advisera_reviews_api_carousel_all_reviews panel-first-child panel-last-child\" data-index=\"4\" ><div\n\t\t\t\n\t\t\tclass=\"so-widget-advisera_reviews_api_carousel_all_reviews so-widget-advisera_reviews_api_carousel_all_reviews-base\"\n\t\t\t\n\t\t><section class=\"reviews-io style-heading-above-grid\">\n\t\t\t<h2 class=\"mobile-hidden tablet-hidden headline h1-m\">Miles de clientes con \u00e9xito<\/h2>\n\t\t<div class=\"reviews_io all-reviews-carousel\" data-items=\"2\">\n\n\t\t<div class=\"carousel-wrap\">\n\t\t\t\t\t\t<h2 class=\"desktop-hidden headline h1-m\">Miles de clientes con \u00e9xito<\/h2>\t\t\t\t\n\t\t\t\n\t\t\t\t\t<\/div>\n\t<\/div>\n<\/section><\/div><\/div><\/div><\/div><\/div><div id=\"pg-110793-3\"  class=\"panel-grid panel-has-style\" ><div class=\"top-padding-xs bottom-padding-xs panel-row-style panel-row-style-for-110793-3\" ><div id=\"pgc-110793-3-0\"  class=\"panel-grid-cell\" ><div id=\"panel-110793-3-0-0\" class=\"so-panel widget widget_adv_content_editor panel-first-child\" data-index=\"5\" ><div\n\t\t\t\n\t\t\tclass=\"so-widget-adv_content_editor so-widget-adv_content_editor-base\"\n\t\t\t\n\t\t>\n<section class=\"adv-content-editor \">\n   \n   \n   \n\n   \n         <div class=\"adv-content\">\n         <h4>Demo gratis de plantillas de documentaci\u00f3n de ISO 20000<\/h4>\n<p>Es posible que tenga dudas sobre los paquetes de ISO 20000 o, tal vez, que le preocupe la calidad de la documentaci\u00f3n. Por eso le ofrecemos la descarga de las muestras gratis, para que pueda ver las primeras p\u00e1ginas del producto en el que invertir\u00e1.<\/p>\n<h4>La descarga de la muestra gratis de ISO 20000 le ayudar\u00e1 de esta forma:<\/h4>\n<p>Las descarga de las muestras gratis de ISO 20000 le mostrar\u00e1 la calidad y experiencia que volcamos en la creaci\u00f3n de nuestros paquetes. Est\u00e1n dise\u00f1adas para facilitarle la vida.<\/p>\n<ul>\n<li><strong>Documentos claros y simples<\/strong>: descubra usted mismo lo f\u00e1cil que es entender su paquete de documentos.<\/li>\n<li><strong>Implemente sin consultores<\/strong>: obtenga una mejor visi\u00f3n de c\u00f3mo ser\u00eda la implementaci\u00f3n ejecutada por usted mismo, sin participaci\u00f3n de consultores.<\/li>\n<li><strong>M\u00e1s confianza<\/strong>: con las muestras del paquete usted comprobar\u00e1 que su empresa puede implementar ISO 20000 en forma r\u00e1pida y sencilla.<\/li>\n<li><strong>Ahorre tiempos y costos<\/strong>: las descargas gratuitas de ISO 20000 le demostrar\u00e1n el ahorro obtendr\u00e1 en tiempos y costos.<\/li>\n<\/ul>\n<h4>\u00bfEst\u00e1 preocupado por el impacto sobre los tiempos y recursos de su empresa?<\/h4>\n<p>Sabemos que esto genera una gran ansiedad en relaci\u00f3n con la auto-implementaci\u00f3n de ISO 20000 (que es el motivo por el que se gasta, innecesariamente, tanto dinero en consultores). La realidad es que la implementaci\u00f3n de la norma no debe consumirle demasiado tiempo ni recursos. Y nosotros le mostraremos c\u00f3mo.<\/p>\n<p>Adem\u00e1s. reciba como REGALO adicional diversos consejos sobre c\u00f3mo manejar la documentaci\u00f3n de ISO 20000.<\/p>\n<p>Nosotros confiamos en la calidad de nuestros productos, por eso le ofrecemos un acceso tan amplio a los documentos del paquete. Descargue ahora para dar sus primeros pasos en el cumplimiento de ISO 20000.<\/p>\n      <\/div>\n   <\/section><\/div><\/div><div id=\"panel-110793-3-0-1\" class=\"so-panel widget widget_adv_buttons panel-last-child\" data-index=\"6\" ><div\n\t\t\t\n\t\t\tclass=\"so-widget-adv_buttons so-widget-adv_buttons-base\"\n\t\t\t\n\t\t>\t<a class=\"btn push-campaign-utms btn-empty\" href=\"#download-form\" aria-label=\"Descargar muestra gratis\">\r\n\t\tDescargar muestra gratis<i class=\"icon icon-arrow\"><\/i>\t<\/a>\r\n\r\n<\/div><\/div><\/div><\/div><\/div><div id=\"pg-110793-4\"  class=\"panel-grid panel-no-style\" ><div id=\"pgc-110793-4-0\"  class=\"panel-grid-cell\" ><div id=\"panel-110793-4-0-0\" class=\"so-panel widget widget_adv_display_site_element panel-first-child panel-last-child\" data-index=\"7\" ><div\n\t\t\t\n\t\t\tclass=\"so-widget-adv_display_site_element so-widget-adv_display_site_element-base\"\n\t\t\t\n\t\t><div class=\"site_element-wrap\"><div id=\"pl-80462\"  class=\"panel-layout\" ><div id=\"pg-80462-0\"  class=\"panel-grid panel-has-style\" ><div class=\"text-light siteorigin-panels-stretch top-padding-s bottom-padding-s cta-section panel-row-style panel-row-style-for-80462-0\" data-stretch-type=\"full\" ><div id=\"pgc-80462-0-0\"  class=\"panel-grid-cell\" ><div id=\"panel-80462-0-0-0\" class=\"so-panel widget widget_sow-editor panel-first-child panel-last-child\" data-index=\"0\" ><div\n\t\t\t\n\t\t\tclass=\"so-widget-sow-editor so-widget-sow-editor-base\"\n\t\t\t\n\t\t>\n<div class=\"siteorigin-widget-tinymce textwidget\">\n\t<h2 class=\"h1-m\">P\u00f3ngase en contacto<\/h2>\n<p>\u00bfNecesita ayuda? Contacte con nosotros ahora. Le responderemos r\u00e1pidamente.<\/p>\n<\/div>\n<\/div><\/div><\/div><div id=\"pgc-80462-0-1\"  class=\"panel-grid-cell\" ><div id=\"panel-80462-0-1-0\" class=\"so-panel widget widget_adv_buttons panel-first-child panel-last-child\" data-index=\"1\" ><div\n\t\t\t\n\t\t\tclass=\"so-widget-adv_buttons so-widget-adv_buttons-base\"\n\t\t\t\n\t\t>\t<a class=\"btn push-campaign-utms btn-cta\" href=\"https:\/\/advisera.com\/es\/contacto\/\" aria-label=\"Contacte con nosotros\">\r\n\t\tContacte con nosotros\t<\/a>\r\n\r\n<\/div><\/div><\/div><\/div><\/div><\/div><\/div><\/div><\/div><\/div><\/div><\/div>","protected":false},"excerpt":{"rendered":"<p>Descargue una vista previa gratuita de los Paquetes de Documentos ISO 20000 \u00bfNecesita un ejemplo de c\u00f3mo se ver\u00eda la documentaci\u00f3n ISO 20000? Eche un vistazo a todas las plantillas de documentaci\u00f3n, como el Alcance del sistema de gesti\u00f3n de servicios, el Plan de capacidad, el Proceso de gesti\u00f3n de incidentes o la Pol\u00edtica de [&hellip;]<\/p>\n","protected":false},"author":138,"featured_media":111923,"parent":0,"menu_order":49,"comment_status":"closed","ping_status":"closed","template":"","meta":{"_acf_changed":false,"inline_featured_image":false,"footnotes":""},"class_list":["post-110793","page","type-page","status-publish","has-post-thumbnail","hentry","adv_standard-iso-20000-es"],"acf":[],"_links":{"self":[{"href":"https:\/\/advisera.com\/es\/wp-json\/wp\/v2\/pages\/110793","targetHints":{"allow":["GET"]}}],"collection":[{"href":"https:\/\/advisera.com\/es\/wp-json\/wp\/v2\/pages"}],"about":[{"href":"https:\/\/advisera.com\/es\/wp-json\/wp\/v2\/types\/page"}],"author":[{"embeddable":true,"href":"https:\/\/advisera.com\/es\/wp-json\/wp\/v2\/users\/138"}],"replies":[{"embeddable":true,"href":"https:\/\/advisera.com\/es\/wp-json\/wp\/v2\/comments?post=110793"}],"version-history":[{"count":0,"href":"https:\/\/advisera.com\/es\/wp-json\/wp\/v2\/pages\/110793\/revisions"}],"wp:featuredmedia":[{"embeddable":true,"href":"https:\/\/advisera.com\/es\/wp-json\/wp\/v2\/media\/111923"}],"wp:attachment":[{"href":"https:\/\/advisera.com\/es\/wp-json\/wp\/v2\/media?parent=110793"}],"curies":[{"name":"wp","href":"https:\/\/api.w.org\/{rel}","templated":true}]}}