{"id":80702,"date":"2022-09-05T10:42:55","date_gmt":"2022-09-05T10:42:55","guid":{"rendered":"https:\/\/advisera.com\/migration\/live-consultations\/"},"modified":"2024-08-02T17:53:17","modified_gmt":"2024-08-02T17:53:17","slug":"consultas","status":"publish","type":"page","link":"https:\/\/advisera.com\/es\/consultas\/","title":{"rendered":"Consultas en directo"},"content":{"rendered":"<div id=\"pl-80702\"  class=\"panel-layout\" ><div id=\"pg-80702-0\"  class=\"panel-grid panel-has-style\" ><div class=\"bottom-padding-normal hero-section panel-row-style panel-row-style-for-80702-0\" ><div id=\"pgc-80702-0-0\"  class=\"panel-grid-cell\" ><div id=\"panel-80702-0-0-0\" class=\"so-panel widget widget_sow-editor panel-first-child panel-last-child\" data-index=\"0\" ><div\n\t\t\t\n\t\t\tclass=\"so-widget-sow-editor so-widget-sow-editor-base\"\n\t\t\t\n\t\t>\n<div class=\"siteorigin-widget-tinymce textwidget\">\n\t<h1>Consultas en directo<\/h1>\n<h2 class=\"h4\"><span class=\"TextRun SCXW30133471 BCX0\" lang=\"HR-HR\" xml:lang=\"HR-HR\" data-contrast=\"none\"><span class=\"NormalTextRun SCXW30133471 BCX0\">Obtenga acceso a expertos en ISO<\/span><\/span><span class=\"TrackChangeTextInsertion TrackedChange SCXW30133471 BCX0\"><span class=\"TextRun SCXW30133471 BCX0\" lang=\"HR-HR\" xml:lang=\"HR-HR\" data-contrast=\"none\"><span class=\"NormalTextRun SCXW30133471 BCX0\"> y UE<\/span><\/span><\/span><\/h2>\n<p>Los expertos de la industria en Advisera se complacen en ofrecer consultas sin compromisos y sin necesidad de comprar productos, solo ayuda profesional para su organizaci\u00f3n.<\/p>\n<p>Los objetivos de la consulta incluyen:<\/p>\n<ul class=\"checklist\">\n<li>La evaluaci\u00f3n de un experto para saber si est\u00e1 listo para la certificaci\u00f3n.<\/li>\n<li>Obtener orientaci\u00f3n individualizada y saber qu\u00e9 hacer a continuaci\u00f3n.<\/li>\n<li><span class=\"TextRun SCXW136395963 BCX0\" lang=\"EN-US\" xml:lang=\"EN-US\" data-contrast=\"none\"><span class=\"SpellingError SCXW136395963 BCX0\">Descubrir<\/span> <span class=\"SpellingError SCXW136395963 BCX0\">c\u00f3mo<\/span> <\/span><span class=\"TrackChangeTextInsertion TrackedChange SCXW136395963 BCX0\"><span class=\"TextRun SCXW136395963 BCX0\" lang=\"EN-US\" xml:lang=\"EN-US\" data-contrast=\"none\"><span class=\"SpellingError SCXW136395963 BCX0\">formar<\/span><\/span><\/span><span class=\"TrackChangeTextInsertion TrackedChange SCXW136395963 BCX0\"><span class=\"TextRun SCXW136395963 BCX0\" lang=\"EN-US\" xml:lang=\"EN-US\" data-contrast=\"none\"><span class=\"NormalTextRun SCXW136395963 BCX0\"> a <\/span><\/span><\/span><span class=\"TrackChangeTextInsertion TrackedChange SCXW136395963 BCX0\"><span class=\"TextRun SCXW136395963 BCX0\" lang=\"EN-US\" xml:lang=\"EN-US\" data-contrast=\"none\"><span class=\"NormalTextRun SCXW136395963 BCX0\">sus<\/span><\/span><\/span> <span class=\"TrackChangeTextInsertion TrackedChange SCXW136395963 BCX0\"><span class=\"TextRun SCXW136395963 BCX0\" lang=\"EN-US\" xml:lang=\"EN-US\" data-contrast=\"none\"><span class=\"SpellingError SCXW136395963 BCX0\">empleados<\/span><\/span><\/span>.<\/li>\n<\/ul>\n<p>Rellene el formulario y le pondremos en contacto con la persona adecuada.<\/p>\n<\/div>\n<\/div><\/div><\/div><div id=\"pgc-80702-0-1\"  class=\"panel-grid-cell\" ><div id=\"panel-80702-0-1-0\" class=\"so-panel widget widget_adv_hubspot panel-first-child panel-last-child\" data-index=\"1\" ><div\n\t\t\t\n\t\t\tclass=\"so-widget-adv_hubspot so-widget-adv_hubspot-base\"\n\t\t\t\n\t\t>      <div class=\"hubspot-forms adv-style adv-style-2\">\n    <script charset=\"utf-8\" type=\"text\/javascript\" src=\"\/\/js.hsforms.net\/forms\/v2.js\"><\/script>\n    <script>\n      hbspt.forms.create({\n        region: \"na1\",\n        portalId: \"1983423\",\n        formId: \"971dec48-26d1-408d-bbbd-f0cd3779b4c7\"\n      });\n    <\/script>\n  <\/div>\n \n\n\n<\/div><\/div><\/div><\/div><\/div><\/div>","protected":false},"excerpt":{"rendered":"<p>Consultas en directo Obtenga acceso a expertos en ISO y UE Los expertos de la industria en Advisera se complacen en ofrecer consultas sin compromisos y sin necesidad de comprar productos, solo ayuda profesional para su organizaci\u00f3n. Los objetivos de la consulta incluyen: La evaluaci\u00f3n de un experto para saber si est\u00e1 listo para la [&hellip;]<\/p>\n","protected":false},"author":21,"featured_media":0,"parent":0,"menu_order":220,"comment_status":"closed","ping_status":"closed","template":"","meta":{"_acf_changed":false,"inline_featured_image":false,"footnotes":""},"class_list":["post-80702","page","type-page","status-publish","hentry"],"acf":[],"_links":{"self":[{"href":"https:\/\/advisera.com\/es\/wp-json\/wp\/v2\/pages\/80702","targetHints":{"allow":["GET"]}}],"collection":[{"href":"https:\/\/advisera.com\/es\/wp-json\/wp\/v2\/pages"}],"about":[{"href":"https:\/\/advisera.com\/es\/wp-json\/wp\/v2\/types\/page"}],"author":[{"embeddable":true,"href":"https:\/\/advisera.com\/es\/wp-json\/wp\/v2\/users\/21"}],"replies":[{"embeddable":true,"href":"https:\/\/advisera.com\/es\/wp-json\/wp\/v2\/comments?post=80702"}],"version-history":[{"count":0,"href":"https:\/\/advisera.com\/es\/wp-json\/wp\/v2\/pages\/80702\/revisions"}],"wp:attachment":[{"href":"https:\/\/advisera.com\/es\/wp-json\/wp\/v2\/media?parent=80702"}],"curies":[{"name":"wp","href":"https:\/\/api.w.org\/{rel}","templated":true}]}}