{"id":89337,"date":"2022-11-08T13:00:18","date_gmt":"2022-11-08T13:00:18","guid":{"rendered":"https:\/\/advisera.com\/?page_id=89337"},"modified":"2023-03-02T09:18:51","modified_gmt":"2023-03-02T09:18:51","slug":"rgpd-ue-comparacion","status":"publish","type":"page","link":"https:\/\/advisera.com\/es\/rgpd-ue-comparacion\/","title":{"rendered":"Matrices de comparaci\u00f3n para Documentaci\u00f3n RGPD UE"},"content":{"rendered":"<div id=\"pl-89337\"  class=\"panel-layout\" ><div id=\"pg-89337-0\"  class=\"panel-grid panel-no-style\" ><div id=\"pgc-89337-0-0\"  class=\"panel-grid-cell\" ><div id=\"panel-89337-0-0-0\" class=\"so-panel widget widget_adv_content_editor panel-first-child panel-last-child\" data-index=\"0\" ><div\n\t\t\t\n\t\t\tclass=\"so-widget-adv_content_editor so-widget-adv_content_editor-base\"\n\t\t\t\n\t\t>\n<section class=\"adv-content-editor \">\n   \n         <h1 class=\"h1-m main-title\">Matrices de comparaci\u00f3n para implementar la documentaci\u00f3n RGPD UE<\/h1>\n   \n   \n\n   \n   <\/section><\/div><\/div><\/div><\/div><div id=\"pg-89337-1\"  class=\"panel-grid panel-has-style\" ><div class=\"top-padding-xs bottom-padding-normal panel-row-style panel-row-style-for-89337-1\" ><div id=\"pgc-89337-1-0\"  class=\"panel-grid-cell\" ><div id=\"panel-89337-1-0-0\" class=\"so-panel widget widget_adv_content_editor panel-first-child panel-last-child\" data-index=\"1\" ><div\n\t\t\t\n\t\t\tclass=\"so-widget-adv_content_editor so-widget-adv_content_editor-base\"\n\t\t\t\n\t\t>\n<section class=\"adv-content-editor \">\n   \n         <h5 class=\"h1-m main-title\">\u00bfNo est\u00e1 seguro acerca de cu\u00e1l m\u00e9todo es el adecuado para su situaci\u00f3n?<\/h5>\n   \n   \n\n   \n         <div class=\"adv-content\">\n         <p>He aqu\u00ed las buenas Noticias: existen varias opciones disponibles para su implementaci\u00f3n RGPD UE \u2013 puede contratar a un consultor, puede hacerlo por su cuenta, o puede hacerlo por su cuenta con apoyo de nuestros expertos en privacidad de datos. \u00bfLas malas noticias? Debe pensarlo bien para escoger la mejor soluci\u00f3n para usted.<\/p>\n<p>Para ayudarle a decidir, hemos comparado nuestro m\u00e9todo con otras soluciones del mercado:<\/p>\n<ul>\n<li>Advisera vs. un consultor<\/li>\n<li>Advisera vs. hacer todo usted mismo<\/li>\n<li>Advisera vs. otras soluciones en l\u00ednea<\/li>\n<\/ul>\n      <\/div>\n   <\/section><\/div><\/div><\/div><\/div><\/div><div id=\"pg-89337-2\"  class=\"panel-grid panel-has-style\" ><div class=\"bottom-padding-normal panel-row-style panel-row-style-for-89337-2\" ><div id=\"pgc-89337-2-0\"  class=\"panel-grid-cell\" ><div class=\"compare-item so-rounded panel-cell-style panel-cell-style-for-89337-2-0\" ><div id=\"panel-89337-2-0-0\" class=\"so-panel widget widget_adv_content_editor panel-first-child\" data-index=\"2\" ><div class=\"panel-widget-style panel-widget-style-for-89337-2-0-0\" ><div\n\t\t\t\n\t\t\tclass=\"so-widget-adv_content_editor so-widget-adv_content_editor-base\"\n\t\t\t\n\t\t>\n<section class=\"adv-content-editor \">\n   \n   \n   \n\n   \n         <div class=\"adv-content\">\n         <div class=\"bottom-padding-xs\"><a href=\"#Comparacion-con-consultor\" data-lity=\"\"><img decoding=\"async\" class=\"aligncenter size-full wp-image-101260\" src=\"https:\/\/advisera.com\/wp-content\/uploads\/2022\/12\/advisera-vs-consultant-es.jpg\" alt=\"-\" width=\"400\" height=\"400\" title=\"\" srcset=\"https:\/\/advisera.com\/wp-content\/uploads\/2022\/12\/advisera-vs-consultant-es.jpg 400w, https:\/\/advisera.com\/wp-content\/uploads\/2022\/12\/advisera-vs-consultant-es-300x300.jpg 300w, https:\/\/advisera.com\/wp-content\/uploads\/2022\/12\/advisera-vs-consultant-es-184x184.jpg 184w\" sizes=\"(max-width: 400px) 100vw, 400px\" \/><\/a><\/div>\n<h4>Comparaci\u00f3n con consultor<\/h4>\n<div class=\"bottom-padding-xs\">R\u00e1pidamente determine su mejor opci\u00f3n para implementar RGPD UE: la soluci\u00f3n Advisera o un consultor externo, con nuestra c\u00f3moda matriz de comparaci\u00f3n Advisera vs. consultor externo.<\/div>\n<a class=\"btn btn-empty\" href=\"https:\/\/advisera.com\/wp-content\/uploads\/comparison-matrices\/eugdpr\/es\/Advisera_vs_Consultant_ES.pdf\">Descargar la matriz <i class=\"icon icon-arrow\"><\/i><\/a>      <\/div>\n   <\/section><\/div><\/div><\/div><div id=\"panel-89337-2-0-1\" class=\"so-panel widget widget_adv-single-document-preview panel-last-child\" data-index=\"3\" ><div class=\"panel-widget-style panel-widget-style-for-89337-2-0-1\" ><div\n\t\t\t\n\t\t\tclass=\"so-widget-adv-single-document-preview so-widget-adv-single-document-preview-base\"\n\t\t\t\n\t\t><section class=\"adv-single-document-preview empty-file\">\n            <a href=\"#Comparacion-con-consultor\" class=\"btn btn-empty\" data-lity> ENS\u00c9\u00d1EME LA MATRIZ<i class=\"icon icon-arrow\"><\/i><\/a>\n\n        <div id=\"Comparacion-con-consultor\" class=\"lity-hide\" style=\"background-color: white;\">\n    \n        <div class=\"preview-window default-style\"  style=\"width: 100vw; height:80vh; max-width:100%;\" >   \n            <div class=\"adv-classic-loader\"><div class=\"lds-ring\"><div><\/div><div><\/div><div><\/div><div><\/div><\/div><\/div>         \n            <iframe loading=\"lazy\" class=\"pvfw-pdf-viewer-frame\" data-openfile=\"\/themencode-pdf-viewer-sc?file=https:\/\/advisera.com\/wp-content\/uploads\/2022\/12\/eugdpr_advisera_vs_Consultant_ES.pdf&#038;lang=en-US#page=&#038;zoom=page-width\" data-args=\"advisera-pdf\" style=\"width: 100%; height: 100%; overflow: scroll;\" src=\"\" width=\"100%\" height=\"100%\" scrolling=\"yes\">Iframes not supported<\/iframe>\n                        <\/div>\n\n        <\/div>\n    \n<\/section><\/div><\/div><\/div><\/div><\/div><div id=\"pgc-89337-2-1\"  class=\"panel-grid-cell\" ><div class=\"compare-item so-rounded panel-cell-style panel-cell-style-for-89337-2-1\" ><div id=\"panel-89337-2-1-0\" class=\"so-panel widget widget_adv_content_editor panel-first-child\" data-index=\"4\" ><div class=\"panel-widget-style panel-widget-style-for-89337-2-1-0\" ><div\n\t\t\t\n\t\t\tclass=\"so-widget-adv_content_editor so-widget-adv_content_editor-base\"\n\t\t\t\n\t\t>\n<section class=\"adv-content-editor \">\n   \n   \n   \n\n   \n         <div class=\"adv-content\">\n         <div class=\"bottom-padding-xs\"><a href=\"#Comparacion-haciendolo-usted-mismo\" data-lity=\"\"><img decoding=\"async\" class=\"aligncenter size-full wp-image-101276\" src=\"https:\/\/advisera.com\/wp-content\/uploads\/2022\/12\/advisera-vs-self-implementation-es.jpg\" alt=\"-\" width=\"400\" height=\"400\" title=\"\" srcset=\"https:\/\/advisera.com\/wp-content\/uploads\/2022\/12\/advisera-vs-self-implementation-es.jpg 400w, https:\/\/advisera.com\/wp-content\/uploads\/2022\/12\/advisera-vs-self-implementation-es-300x300.jpg 300w, https:\/\/advisera.com\/wp-content\/uploads\/2022\/12\/advisera-vs-self-implementation-es-184x184.jpg 184w\" sizes=\"(max-width: 400px) 100vw, 400px\" \/><\/a><\/div>\n<h4>Comparaci\u00f3n haci\u00e9ndolo usted mismo<\/h4>\n<div class=\"bottom-padding-xs\">Use nuestra c\u00f3moda matriz de comparaci\u00f3n Advisera vs. h\u00e1galo usted mismo para un vistazo r\u00e1pido a las ventajas e inconvenientes de implementar usted mismo RGPD UE sin ayuda experta.<\/div>\n<a class=\"btn btn-empty\" href=\"https:\/\/advisera.com\/wp-content\/uploads\/comparison-matrices\/eugdpr\/es\/Advisera_vs_self-implementation_ES.pdf\">Descargar la matriz <i class=\"icon icon-arrow\"><\/i><\/a>      <\/div>\n   <\/section><\/div><\/div><\/div><div id=\"panel-89337-2-1-1\" class=\"so-panel widget widget_adv-single-document-preview panel-last-child\" data-index=\"5\" ><div class=\"panel-widget-style panel-widget-style-for-89337-2-1-1\" ><div\n\t\t\t\n\t\t\tclass=\"so-widget-adv-single-document-preview so-widget-adv-single-document-preview-base\"\n\t\t\t\n\t\t><section class=\"adv-single-document-preview empty-file\">\n            <a href=\"#Comparacion-haciendolo-usted-mismo\" class=\"btn btn-empty\" data-lity> ENS\u00c9\u00d1EME LA MATRIZ<i class=\"icon icon-arrow\"><\/i><\/a>\n\n        <div id=\"Comparacion-haciendolo-usted-mismo\" class=\"lity-hide\" style=\"background-color: white;\">\n    \n        <div class=\"preview-window default-style\"  style=\"width: 100vw; height:80vh; max-width:100%;\" >   \n            <div class=\"adv-classic-loader\"><div class=\"lds-ring\"><div><\/div><div><\/div><div><\/div><div><\/div><\/div><\/div>         \n            <iframe loading=\"lazy\" class=\"pvfw-pdf-viewer-frame\" data-openfile=\"\/themencode-pdf-viewer-sc?file=https:\/\/advisera.com\/wp-content\/uploads\/2022\/12\/eugdpr_advisera_vs_self-implementation_ES.pdf&#038;lang=en-US#page=&#038;zoom=page-width\" data-args=\"advisera-pdf\" style=\"width: 100%; height: 100%; overflow: scroll;\" src=\"\" width=\"100%\" height=\"100%\" scrolling=\"yes\">Iframes not supported<\/iframe>\n                        <\/div>\n\n        <\/div>\n    \n<\/section><\/div><\/div><\/div><\/div><\/div><div id=\"pgc-89337-2-2\"  class=\"panel-grid-cell\" ><div class=\"compare-item so-rounded panel-cell-style panel-cell-style-for-89337-2-2\" ><div id=\"panel-89337-2-2-0\" class=\"so-panel widget widget_adv_content_editor panel-first-child\" data-index=\"6\" ><div class=\"panel-widget-style panel-widget-style-for-89337-2-2-0\" ><div\n\t\t\t\n\t\t\tclass=\"so-widget-adv_content_editor so-widget-adv_content_editor-base\"\n\t\t\t\n\t\t>\n<section class=\"adv-content-editor \">\n   \n   \n   \n\n   \n         <div class=\"adv-content\">\n         <div class=\"bottom-padding-xs\"><a href=\"#Comparacion-con-otros-proveedores-en-linea\" data-lity=\"\"><img decoding=\"async\" class=\"aligncenter size-full wp-image-101268\" src=\"https:\/\/advisera.com\/wp-content\/uploads\/2022\/12\/advisera-vs-online-competitors-es.jpg\" alt=\"-\" width=\"400\" height=\"400\" title=\"\" srcset=\"https:\/\/advisera.com\/wp-content\/uploads\/2022\/12\/advisera-vs-online-competitors-es.jpg 400w, https:\/\/advisera.com\/wp-content\/uploads\/2022\/12\/advisera-vs-online-competitors-es-300x300.jpg 300w, https:\/\/advisera.com\/wp-content\/uploads\/2022\/12\/advisera-vs-online-competitors-es-184x184.jpg 184w\" sizes=\"(max-width: 400px) 100vw, 400px\" \/><\/a><\/div>\n<h4>Comparaci\u00f3n con otros proveedores en l\u00ednea<\/h4>\n<div class=\"bottom-padding-xs\">Use nuestra matriz simple de comparaci\u00f3n para decidir qu\u00e9 soluci\u00f3n en l\u00ednea ser\u00eda la m\u00e1s \u00fatil para que usted cumpla con RGPD UE.<\/div>\n<a class=\"btn btn-empty\" href=\"https:\/\/advisera.com\/wp-content\/uploads\/comparison-matrices\/eugdpr\/es\/Advisera_vs_online_competitors_ES.pdf\">Descargar la matriz <i class=\"icon icon-arrow\"><\/i><\/a>      <\/div>\n   <\/section><\/div><\/div><\/div><div id=\"panel-89337-2-2-1\" class=\"so-panel widget widget_adv-single-document-preview panel-last-child\" data-index=\"7\" ><div class=\"panel-widget-style panel-widget-style-for-89337-2-2-1\" ><div\n\t\t\t\n\t\t\tclass=\"so-widget-adv-single-document-preview so-widget-adv-single-document-preview-base\"\n\t\t\t\n\t\t><section class=\"adv-single-document-preview empty-file\">\n            <a href=\"#Comparacion-con-otros-proveedores-en-linea\" class=\"btn btn-empty\" data-lity> ENS\u00c9\u00d1EME LA MATRIZ<i class=\"icon icon-arrow\"><\/i><\/a>\n\n        <div id=\"Comparacion-con-otros-proveedores-en-linea\" class=\"lity-hide\" style=\"background-color: white;\">\n    \n        <div class=\"preview-window default-style\"  style=\"width: 100vw; height:80vh; max-width:100%;\" >   \n            <div class=\"adv-classic-loader\"><div class=\"lds-ring\"><div><\/div><div><\/div><div><\/div><div><\/div><\/div><\/div>         \n            <iframe loading=\"lazy\" class=\"pvfw-pdf-viewer-frame\" data-openfile=\"\/themencode-pdf-viewer-sc?file=https:\/\/advisera.com\/wp-content\/uploads\/2022\/12\/eugdpr_advisera_vs_online_competitors_ES.pdf&#038;lang=en-US#page=&#038;zoom=page-width\" data-args=\"advisera-pdf\" style=\"width: 100%; height: 100%; overflow: scroll;\" src=\"\" width=\"100%\" height=\"100%\" scrolling=\"yes\">Iframes not supported<\/iframe>\n                        <\/div>\n\n        <\/div>\n    \n<\/section><\/div><\/div><\/div><\/div><\/div><\/div><\/div><div id=\"pg-89337-3\"  class=\"panel-grid panel-no-style\" ><div id=\"pgc-89337-3-0\"  class=\"panel-grid-cell\" ><div id=\"panel-89337-3-0-0\" class=\"so-panel widget widget_adv_display_site_element panel-first-child panel-last-child\" data-index=\"8\" ><div\n\t\t\t\n\t\t\tclass=\"so-widget-adv_display_site_element so-widget-adv_display_site_element-base\"\n\t\t\t\n\t\t><div class=\"site_element-wrap\"><div id=\"pl-85218\"  class=\"panel-layout\" ><div id=\"pg-85218-0\"  class=\"panel-grid panel-has-style\" ><div class=\"text-light siteorigin-panels-stretch top-padding-s bottom-padding-s cta-section panel-row-style panel-row-style-for-85218-0\" data-stretch-type=\"full\" ><div id=\"pgc-85218-0-0\"  class=\"panel-grid-cell\" ><div id=\"panel-85218-0-0-0\" class=\"so-panel widget widget_sow-editor panel-first-child panel-last-child\" data-index=\"0\" ><div\n\t\t\t\n\t\t\tclass=\"so-widget-sow-editor so-widget-sow-editor-base\"\n\t\t\t\n\t\t>\n<div class=\"siteorigin-widget-tinymce textwidget\">\n\t<h2 class=\"h1-m\">Consultor\u00eda RGPD UE gratuita<\/h2>\n<p>Nuestros consultores residentes RGPD UE est\u00e1n disponibles para hablar con usted acerca de los pasos que su empresa debe dar a continuaci\u00f3n. Entendemos que a veces las cosas pueden ser complicadas, y necesita asesor\u00eda en la cual pueda confiar.<\/p>\n<\/div>\n<\/div><\/div><\/div><div id=\"pgc-85218-0-1\"  class=\"panel-grid-cell\" ><div id=\"panel-85218-0-1-0\" class=\"so-panel widget widget_adv_buttons panel-first-child panel-last-child\" data-index=\"1\" ><div\n\t\t\t\n\t\t\tclass=\"so-widget-adv_buttons so-widget-adv_buttons-base\"\n\t\t\t\n\t\t>\t<a class=\"btn push-campaign-utms btn-cta\" href=\"https:\/\/advisera.com\/schedule-meeting\/\" aria-label=\"Reservar ahora\">\r\n\t\tReservar ahora\t<\/a>\r\n\r\n<\/div><\/div><\/div><\/div><\/div><\/div><\/div><\/div><\/div><\/div><\/div><\/div>","protected":false},"excerpt":{"rendered":"<p>Matrices de comparaci\u00f3n para implementar la documentaci\u00f3n RGPD UE \u00bfNo est\u00e1 seguro acerca de cu\u00e1l m\u00e9todo es el adecuado para su situaci\u00f3n? He aqu\u00ed las buenas Noticias: existen varias opciones disponibles para su implementaci\u00f3n RGPD UE \u2013 puede contratar a un consultor, puede hacerlo por su cuenta, o puede hacerlo por su cuenta con apoyo [&hellip;]<\/p>\n","protected":false},"author":154,"featured_media":105913,"parent":0,"menu_order":67,"comment_status":"closed","ping_status":"closed","template":"","meta":{"_acf_changed":false,"inline_featured_image":false,"footnotes":""},"class_list":["post-89337","page","type-page","status-publish","has-post-thumbnail","hentry","adv_standard-eu-gdpr"],"acf":[],"_links":{"self":[{"href":"https:\/\/advisera.com\/es\/wp-json\/wp\/v2\/pages\/89337","targetHints":{"allow":["GET"]}}],"collection":[{"href":"https:\/\/advisera.com\/es\/wp-json\/wp\/v2\/pages"}],"about":[{"href":"https:\/\/advisera.com\/es\/wp-json\/wp\/v2\/types\/page"}],"author":[{"embeddable":true,"href":"https:\/\/advisera.com\/es\/wp-json\/wp\/v2\/users\/154"}],"replies":[{"embeddable":true,"href":"https:\/\/advisera.com\/es\/wp-json\/wp\/v2\/comments?post=89337"}],"version-history":[{"count":0,"href":"https:\/\/advisera.com\/es\/wp-json\/wp\/v2\/pages\/89337\/revisions"}],"wp:featuredmedia":[{"embeddable":true,"href":"https:\/\/advisera.com\/es\/wp-json\/wp\/v2\/media\/105913"}],"wp:attachment":[{"href":"https:\/\/advisera.com\/es\/wp-json\/wp\/v2\/media?parent=89337"}],"curies":[{"name":"wp","href":"https:\/\/api.w.org\/{rel}","templated":true}]}}