{"id":110789,"date":"2023-09-06T16:52:49","date_gmt":"2023-09-06T16:52:49","guid":{"rendered":"https:\/\/advisera.com\/iso-14001-free-preview\/"},"modified":"2023-12-01T11:50:27","modified_gmt":"2023-12-01T11:50:27","slug":"iso-14001-apercu-gratuit","status":"publish","type":"page","link":"https:\/\/advisera.com\/fr\/iso-14001-apercu-gratuit\/","title":{"rendered":"Aper\u00e7u gratuit des Bo\u00eetes \u00e0 outils de documentation ISO 14001"},"content":{"rendered":"<div id=\"pl-110789\"  class=\"panel-layout\" ><div id=\"pg-110789-0\"  class=\"panel-grid panel-has-style\" ><div class=\"training-main-section top-padding-s bottom-padding-s panel-row-style panel-row-style-for-110789-0\" id=\"download-form\" ><div id=\"pgc-110789-0-0\"  class=\"panel-grid-cell\" ><div id=\"panel-110789-0-0-0\" class=\"so-panel widget widget_adv_content_editor panel-first-child\" data-index=\"0\" ><div\n\t\t\t\n\t\t\tclass=\"so-widget-adv_content_editor so-widget-adv_content_editor-base\"\n\t\t\t\n\t\t>\n<section class=\"adv-content-editor \">\n   \n         <h1 class=\"h1-m main-title h2\">T\u00e9l\u00e9chargez un aper\u00e7u gratuit des Bo\u00eetes \u00e0 outils de documentation ISO 14001<\/h1>\n   \n   \n\n   \n         <div class=\"adv-content\">\n         <p>Avez-vous besoin d\u2019un exemple de ce \u00e0 quoi devrait ressembler les documentations <strong>ISO\u00a014001\u00a0<\/strong>?<\/p>\n<p>Jetez un \u0153il \u00e0 tous les mod\u00e8les de documentation, tels que<strong> la<\/strong> <strong>Politique environnementale, la Liste de contr\u00f4le d\u2019audit interne<\/strong> ou<strong> le Rapport des d\u00e9chets d\u00e9ploy\u00e9s et le Manuel environnemental<\/strong> en t\u00e9l\u00e9chargeant cette d\u00e9mo gratuite\u00a0<strong>ISO\u00a014001<\/strong>.<\/p>\n<p>Nos experts ont adapt\u00e9 ces documents aux petites et moyennes entreprises afin de vous permettre d\u2019\u00e9viter les dossiers trop longs et trop complexes qui pourraient simplement vous d\u00e9passer.<\/p>\n      <\/div>\n   <\/section><\/div><\/div><div id=\"panel-110789-0-0-1\" class=\"so-panel widget widget_adv_image panel-last-child\" data-index=\"1\" ><div class=\"panel-widget-style panel-widget-style-for-110789-0-0-1\" ><div\n\t\t\t\n\t\t\tclass=\"so-widget-adv_image so-widget-adv_image-base\"\n\t\t\t\n\t\t><div class=\"adv-image \">\n\n\t\t\n\t\t\t\t<img decoding=\"async\" src=\"https:\/\/advisera.com\/wp-content\/uploads\/2023\/10\/iso-14001-free-preview-display-img-fra.png\" alt=\"-\" sizes=\"(max-width: 1584px) 100vw, 1584px\" srcset=\"https:\/\/advisera.com\/wp-content\/uploads\/2023\/10\/iso-14001-free-preview-display-img-fra.png 1584w, https:\/\/advisera.com\/wp-content\/uploads\/2023\/10\/iso-14001-free-preview-display-img-fra-300x130.png 300w, https:\/\/advisera.com\/wp-content\/uploads\/2023\/10\/iso-14001-free-preview-display-img-fra-768x333.png 768w, https:\/\/advisera.com\/wp-content\/uploads\/2023\/10\/iso-14001-free-preview-display-img-fra-1024x443.png 1024w, https:\/\/advisera.com\/wp-content\/uploads\/2023\/10\/iso-14001-free-preview-display-img-fra-1536x665.png 1536w\" =lazy title=\"\">\n\n\t\n\t\n\t<\/div>\n<\/div><\/div><\/div><\/div><div id=\"pgc-110789-0-1\"  class=\"panel-grid-cell\" ><div id=\"panel-110789-0-1-0\" class=\"so-panel widget widget_adv_enroll_live_training panel-first-child panel-last-child\" data-index=\"2\" ><div\n\t\t\t\n\t\t\tclass=\"so-widget-adv_enroll_live_training so-widget-adv_enroll_live_training-base\"\n\t\t\t\n\t\t><section class=\"enroll-ratings asic-logo-flex-wrap\">\n<\/section>\n\n<section class=\"enroll-live-training animated-ornaments ornaments-below-img\" \n\t>\n\t\t\t\t\t<div class=\"form-wrapper hubspot-forms adv-style\">\n\t\t\t<h2 class=\"h4 h2-m widget-title\">Telecharger l\u2019aper\u00e7u gratuit<\/h2>\t\t\n\t\t\t\t<script charset=\"utf-8\" type=\"text\/javascript\" src=\"\/\/js.hsforms.net\/forms\/v2.js\"><\/script>\n\t\t\t\t<script>\n\t\t\t\t  hbspt.forms.create({\n\t\t\t\t    region: \"na1\",\n\t\t\t\t    portalId: \"1983423\",\n\t\t\t\t    formId: \"387f8808-56d1-470a-a30b-7aa27be3499a\"\n\t\t\t\t  });\n\t\t\t\t<\/script>\n\t\t\t\t\t<\/div>\n\t\t\t\n\n\t\t\t<!-- <div class=\"wrapper relative\"> -->\n\t\t\t\t\t\t<span class=\"ornament o-1 o-blue\"><\/span>\n\t\t\t<span class=\"ornament o-2 o-grey\"><\/span>\n\t\t\t<span class=\"ornament o-3 o-green\"><\/span>\n\t\t<!-- <\/div>  -->\n\t\t\n<\/section><\/div><\/div><\/div><\/div><\/div><div id=\"pg-110789-1\"  class=\"panel-grid panel-has-style\" ><div class=\"siteorigin-panels-stretch panel-row-style panel-row-style-for-110789-1\" data-stretch-type=\"full\" ><div id=\"pgc-110789-1-0\"  class=\"panel-grid-cell panel-grid-cell-mobile-last\" ><div id=\"panel-110789-1-0-0\" class=\"so-panel widget widget_adv_instructors panel-first-child panel-last-child\" data-index=\"3\" ><div\n\t\t\t\n\t\t\tclass=\"so-widget-adv_instructors so-widget-adv_instructors-base\"\n\t\t\t\n\t\t><section class=\"instructors-widget style-rounded text-light heading-style-h2\">\n          \n    <div class=\"cards-wrapper has-1-columns\">\n        \n                        <div class=\"instructor\">  \n                <div class=\"card-left figure\">\n                    <img decoding=\"async\" width=\"184\" height=\"184\" src=\"https:\/\/advisera.com\/wp-content\/uploads\/2022\/08\/Carlos-Cruz-184x184.jpeg\" class=\"attachment-thumbnail size-thumbnail\" alt=\"-\" srcset=\"https:\/\/advisera.com\/wp-content\/uploads\/2022\/08\/Carlos-Cruz-184x184.jpeg 184w, https:\/\/advisera.com\/wp-content\/uploads\/2022\/08\/Carlos-Cruz.jpeg 200w\" sizes=\"(max-width: 184px) 100vw, 184px\" title=\"\">                <\/div>\n                <div class=\"card-right\">\n                                            <h3 class=\"instructor-title has-subtitle \">\n                            Quelle boite a outils choisir?                      \n                        <\/h3>\n                                                                <div class=\"subtitle\">\n                            Une fois que vous aurez t\u00e9l\u00e9charg\u00e9 notre version de d\u00e9monstration, nos experts vous contacteront pour vous offrir un entretien gratuit afin de vous aider \u00e0 choisir la boite \u00e0 outils qui correspond \u00e0 vos besoins.                       <\/div>\n                      \n                                            <div class=\"bio\">\n                            <p><strong>Carlos Pereira da Cruz<\/strong> - ISO 14001 Expert<\/p>\n                       <\/div>\n                                         \n                <\/div>\n            <\/div>\n            <\/div>\n<\/section><\/div><\/div><\/div><div id=\"pgc-110789-1-1\"  class=\"panel-grid-cell panel-grid-cell-empty\" ><\/div><\/div><\/div><div id=\"pg-110789-2\"  class=\"panel-grid panel-has-style\" ><div class=\"siteorigin-panels-stretch top-padding-normal bottom-padding-xs no-top-padding-m no-bottom-padding-m panel-row-style panel-row-style-for-110789-2\" data-stretch-type=\"full\" ><div id=\"pgc-110789-2-0\"  class=\"panel-grid-cell\" ><div id=\"panel-110789-2-0-0\" class=\"so-panel widget widget_advisera_reviews_api_carousel_all_reviews panel-first-child panel-last-child\" data-index=\"4\" ><div\n\t\t\t\n\t\t\tclass=\"so-widget-advisera_reviews_api_carousel_all_reviews so-widget-advisera_reviews_api_carousel_all_reviews-base\"\n\t\t\t\n\t\t><section class=\"reviews-io style-heading-above-grid\">\n\t\t\t<h2 class=\"mobile-hidden tablet-hidden headline h1-m\">Des milliers de clients satisfaits<\/h2>\n\t\t<div class=\"reviews_io all-reviews-carousel\" data-items=\"2\">\n\n\t\t<div class=\"carousel-wrap\">\n\t\t\t\t\t\t<h2 class=\"desktop-hidden headline h1-m\">Des milliers de clients satisfaits<\/h2>\t\t\t\t\n\t\t\t\n\t\t\t\t\t<\/div>\n\t<\/div>\n<\/section><\/div><\/div><\/div><\/div><\/div><div id=\"pg-110789-3\"  class=\"panel-grid panel-has-style\" ><div class=\"top-padding-xs bottom-padding-xs panel-row-style panel-row-style-for-110789-3\" ><div id=\"pgc-110789-3-0\"  class=\"panel-grid-cell\" ><div id=\"panel-110789-3-0-0\" class=\"so-panel widget widget_adv_content_editor panel-first-child\" data-index=\"5\" ><div\n\t\t\t\n\t\t\tclass=\"so-widget-adv_content_editor so-widget-adv_content_editor-base\"\n\t\t\t\n\t\t>\n<section class=\"adv-content-editor \">\n   \n   \n   \n\n   \n         <div class=\"adv-content\">\n         <h4>Profitez d\u2019un aper\u00e7u gratuit de nos mod\u00e8les de documentation ISO 14001!<\/h4>\n<p>Nous savons que vous avez probablement des questions sur nos Bo\u00eetes \u00e0 Outils ISO 14001. Vous pouvez \u00eatre s\u00fbr de la qualit\u00e9 et de la valeur de nos mod\u00e8les. Nous comprenons, et nous croyons tellement en notre produit que nous vous offrons une d\u00e9mo gratuite de chaque mod\u00e8le de notre bo\u00eete \u00e0 outils. Jetez un coup d\u2019oeil par vous-m\u00eame avant de prendre une d\u00e9cision d\u2019achat.<\/p>\n<h4>Qu\u2019allez vous trouver dedans? Les avantages de la version de d\u00e9monstration gratuite de nos boites \u00e0 outils ISO 14001:<\/h4>\n<p>Une fois que vous aurez t\u00e9l\u00e9charg\u00e9 l\u2019aper\u00e7u gratuit de notre documentation ISO 14001, vous pourrez voir par vous-m\u00eame leur excellente qualit\u00e9 et leur incroyable valeur. Nous mettons notre richesse d\u2019expertise professionnelle dans chacune de nos bo\u00eetes \u00e0 outils de documentation. Le but de nos bo\u00eetes \u00e0 outils est de vous aider \u00e0 mettre en \u0153uvre ces normes ISO rapidement et facilement.<\/p>\n<ul>\n<li><strong>Des mod\u00e8les simples et clairs<\/strong>\u00a0\u2013\u00a0Vous aurez du mal \u00e0 croire \u00e0 quel point nos mod\u00e8les sont facile \u00e0 comprendre!<\/li>\n<li><strong>Pas besoin d\u2019un consultant on\u00e9reux<\/strong>\u00a0\u2013 Acqu\u00e9rir une meilleure compr\u00e9hension de ce \u00e0 quoi ressemble cette mise en oeuvre do-it-yourself sans avoir besoin d\u2019un consultant.<\/li>\n<li><strong>Sans stress<\/strong>\u00a0\u2013 Lorsque vous d\u00e9couvrez la simplicit\u00e9 de nos mod\u00e8les \u00e0 compl\u00e9ter, vous pouvez dormir tranquille en sachant que vous pouvez r\u00e9ellement mettre en \u0153uvre la norme ISO 14001.<\/li>\n<li><strong>\u00c9conomisez votre temps et votre argent<\/strong>\u00a0\u2013 Une fois que vous t\u00e9l\u00e9chargez l\u2019aper\u00e7u de la bo\u00eete \u00e0 outils ISO 14001, vous pouvez voir par vous-m\u00eame les \u00e9normes \u00e9conomies que vous allez r\u00e9aliser en temps et en argent!<\/li>\n<\/ul>\n<h4>Inquiet pour le temps et les connaissances n\u00e9cessaires?<\/h4>\n<p>Beaucoup d\u2019entreprises investissent d\u2019\u00e9normes sommes d\u2019argent opur des consultants, parce qu\u2019ils sont inquiets du fait qu\u2019ils ne disposent pas du temps ou des connaissances sp\u00e9cialis\u00e9es pour le faire eux-m\u00eames. Mais, en r\u00e9alit\u00e9, l\u2019auto-mise en \u0153uvre ne prendra pas le temps ou les ressources que vous pourriez imaginer. Voyez vous-m\u00eame avec notre aper\u00e7u GRATUIT de l\u2019ISO 14001.<\/p>\n<p>Comme si cela ne suffisait pas, nous avons un cadeau bonus GRATUIT pour vous: une liste de pr\u00e9cieux conseils pour la gestion de votre documentation ISO 14001.<\/p>\n<p>Nous savons \u00e0 quel point chacun de nos produits est, c\u2019est la raison pour laquelle nous sommes heureux de vous montrer tant de choses de nos bo\u00eetes \u00e0 outils. Voyez vous-m\u00eame \u2013 t\u00e9l\u00e9chargez gratuitement un aper\u00e7u de la norme ISO 14001 d\u00e8s maintenant pour d\u00e9couvrir comme vous pouvez rapidement et facilement mettre en \u0153uvre cette norme.<\/p>\n      <\/div>\n   <\/section><\/div><\/div><div id=\"panel-110789-3-0-1\" class=\"so-panel widget widget_adv_buttons panel-last-child\" data-index=\"6\" ><div\n\t\t\t\n\t\t\tclass=\"so-widget-adv_buttons so-widget-adv_buttons-base\"\n\t\t\t\n\t\t>\t<a class=\"btn push-campaign-utms btn-empty\" href=\"#download-form\" aria-label=\"Telecharger l\u2019aper\u00e7u gratuit\">\r\n\t\tTelecharger l\u2019aper\u00e7u gratuit<i class=\"icon icon-arrow\"><\/i>\t<\/a>\r\n\r\n<\/div><\/div><\/div><\/div><\/div><div id=\"pg-110789-4\"  class=\"panel-grid panel-no-style\" ><div id=\"pgc-110789-4-0\"  class=\"panel-grid-cell\" ><div id=\"panel-110789-4-0-0\" class=\"so-panel widget widget_adv_display_site_element panel-first-child panel-last-child\" data-index=\"7\" ><div\n\t\t\t\n\t\t\tclass=\"so-widget-adv_display_site_element so-widget-adv_display_site_element-base\"\n\t\t\t\n\t\t><div class=\"site_element-wrap\"><div id=\"pl-84316\"  class=\"panel-layout\" ><div id=\"pg-84316-0\"  class=\"panel-grid panel-has-style\" ><div class=\"text-light siteorigin-panels-stretch top-padding-s bottom-padding-s cta-section panel-row-style panel-row-style-for-84316-0\" data-stretch-type=\"full\" ><div id=\"pgc-84316-0-0\"  class=\"panel-grid-cell\" ><div id=\"panel-84316-0-0-0\" class=\"so-panel widget widget_sow-editor panel-first-child panel-last-child\" data-index=\"0\" ><div\n\t\t\t\n\t\t\tclass=\"so-widget-sow-editor so-widget-sow-editor-base\"\n\t\t\t\n\t\t>\n<div class=\"siteorigin-widget-tinymce textwidget\">\n\t<h2 class=\"h1-m\">Nous contacter<\/h2>\n<p>Besoin d\u2019aide ? Contactez-nous d\u00e8s maintenant, nous r\u00e9pondons rapidement.<\/p>\n<\/div>\n<\/div><\/div><\/div><div id=\"pgc-84316-0-1\"  class=\"panel-grid-cell\" ><div id=\"panel-84316-0-1-0\" class=\"so-panel widget widget_adv_buttons panel-first-child panel-last-child\" data-index=\"1\" ><div\n\t\t\t\n\t\t\tclass=\"so-widget-adv_buttons so-widget-adv_buttons-base\"\n\t\t\t\n\t\t>\t<a class=\"btn push-campaign-utms btn-cta\" href=\"https:\/\/advisera.com\/fr\/contact\/\" aria-label=\"Nous contacter\">\r\n\t\tNous contacter\t<\/a>\r\n\r\n<\/div><\/div><\/div><\/div><\/div><\/div><\/div><\/div><\/div><\/div><\/div><\/div>","protected":false},"excerpt":{"rendered":"<p>T\u00e9l\u00e9chargez un aper\u00e7u gratuit des Bo\u00eetes \u00e0 outils de documentation ISO 14001 Avez-vous besoin d\u2019un exemple de ce \u00e0 quoi devrait ressembler les documentations ISO\u00a014001\u00a0? Jetez un \u0153il \u00e0 tous les mod\u00e8les de documentation, tels que la Politique environnementale, la Liste de contr\u00f4le d\u2019audit interne ou le Rapport des d\u00e9chets d\u00e9ploy\u00e9s et le Manuel environnemental [&hellip;]<\/p>\n","protected":false},"author":138,"featured_media":111979,"parent":0,"menu_order":47,"comment_status":"closed","ping_status":"closed","template":"","meta":{"_acf_changed":false,"inline_featured_image":false,"footnotes":""},"class_list":["post-110789","page","type-page","status-publish","has-post-thumbnail","hentry","adv_standard-iso-14001-fr"],"acf":[],"_links":{"self":[{"href":"https:\/\/advisera.com\/fr\/wp-json\/wp\/v2\/pages\/110789","targetHints":{"allow":["GET"]}}],"collection":[{"href":"https:\/\/advisera.com\/fr\/wp-json\/wp\/v2\/pages"}],"about":[{"href":"https:\/\/advisera.com\/fr\/wp-json\/wp\/v2\/types\/page"}],"author":[{"embeddable":true,"href":"https:\/\/advisera.com\/fr\/wp-json\/wp\/v2\/users\/138"}],"replies":[{"embeddable":true,"href":"https:\/\/advisera.com\/fr\/wp-json\/wp\/v2\/comments?post=110789"}],"version-history":[{"count":0,"href":"https:\/\/advisera.com\/fr\/wp-json\/wp\/v2\/pages\/110789\/revisions"}],"wp:featuredmedia":[{"embeddable":true,"href":"https:\/\/advisera.com\/fr\/wp-json\/wp\/v2\/media\/111979"}],"wp:attachment":[{"href":"https:\/\/advisera.com\/fr\/wp-json\/wp\/v2\/media?parent=110789"}],"curies":[{"name":"wp","href":"https:\/\/api.w.org\/{rel}","templated":true}]}}