{"id":84389,"date":"2022-10-13T10:33:39","date_gmt":"2022-10-13T10:33:39","guid":{"rendered":"https:\/\/advisera.com\/?page_id=84389"},"modified":"2024-08-02T18:24:13","modified_gmt":"2024-08-02T18:24:13","slug":"consultations","status":"publish","type":"page","link":"https:\/\/advisera.com\/fr\/consultations\/","title":{"rendered":"Consultations en direct"},"content":{"rendered":"<div id=\"pl-84389\"  class=\"panel-layout\" ><div id=\"pg-84389-0\"  class=\"panel-grid panel-has-style\" ><div class=\"bottom-padding-normal hero-section panel-row-style panel-row-style-for-84389-0\" ><div id=\"pgc-84389-0-0\"  class=\"panel-grid-cell\" ><div id=\"panel-84389-0-0-0\" class=\"so-panel widget widget_sow-editor panel-first-child panel-last-child\" data-index=\"0\" ><div\n\t\t\t\n\t\t\tclass=\"so-widget-sow-editor so-widget-sow-editor-base\"\n\t\t\t\n\t\t>\n<div class=\"siteorigin-widget-tinymce textwidget\">\n\t<h1>Consultations en direct<\/h1>\n<h2 class=\"h4\">Acc\u00e9dez \u00e0 des Experts ISO et UE<\/h2>\n<p>Les experts du secteur chez Adviserasont heureux de vous offrir des consultations sans engagement et sans obligation d\u2019achat de produit \u2013une aide professionnelle pour votre entreprise.<\/p>\n<p>Les objectifs de la consultation comprennent:<\/p>\n<ul class=\"checklist\">\n<li>Permettre \u00e0 un expert d\u2019\u00e9valuer si vous \u00eates pr\u00eat pour la certification.<\/li>\n<li>Obtenir une orientation individualis\u00e9e et des conseils sur les \u00e9tapes \u00e0 suivre.<\/li>\n<li>D\u00e9couvrir comment former vos employ\u00e9s.<\/li>\n<\/ul>\n<p>Remplissez le formulaire et nous vous mettrons en contact avec la bonne personne.<\/p>\n<\/div>\n<\/div><\/div><\/div><div id=\"pgc-84389-0-1\"  class=\"panel-grid-cell\" ><div id=\"panel-84389-0-1-0\" class=\"so-panel widget widget_adv_hubspot panel-first-child panel-last-child\" data-index=\"1\" ><div\n\t\t\t\n\t\t\tclass=\"so-widget-adv_hubspot so-widget-adv_hubspot-base\"\n\t\t\t\n\t\t>      <div class=\"hubspot-forms adv-style adv-style-2\">\n    <script charset=\"utf-8\" type=\"text\/javascript\" src=\"\/\/js.hsforms.net\/forms\/v2.js\"><\/script>\n    <script>\n      hbspt.forms.create({\n        region: \"na1\",\n        portalId: \"1983423\",\n        formId: \"965ce369-efa6-45a6-98db-3927f01ed5a9\"\n      });\n    <\/script>\n  <\/div>\n \n\n\n<\/div><\/div><\/div><\/div><\/div><\/div>","protected":false},"excerpt":{"rendered":"<p>Consultations en direct Acc\u00e9dez \u00e0 des Experts ISO et UE Les experts du secteur chez Adviserasont heureux de vous offrir des consultations sans engagement et sans obligation d\u2019achat de produit \u2013une aide professionnelle pour votre entreprise. Les objectifs de la consultation comprennent: Permettre \u00e0 un expert d\u2019\u00e9valuer si vous \u00eates pr\u00eat pour la certification. Obtenir [&hellip;]<\/p>\n","protected":false},"author":21,"featured_media":0,"parent":0,"menu_order":219,"comment_status":"closed","ping_status":"closed","template":"","meta":{"_acf_changed":false,"inline_featured_image":false,"footnotes":""},"class_list":["post-84389","page","type-page","status-publish","hentry"],"acf":[],"_links":{"self":[{"href":"https:\/\/advisera.com\/fr\/wp-json\/wp\/v2\/pages\/84389","targetHints":{"allow":["GET"]}}],"collection":[{"href":"https:\/\/advisera.com\/fr\/wp-json\/wp\/v2\/pages"}],"about":[{"href":"https:\/\/advisera.com\/fr\/wp-json\/wp\/v2\/types\/page"}],"author":[{"embeddable":true,"href":"https:\/\/advisera.com\/fr\/wp-json\/wp\/v2\/users\/21"}],"replies":[{"embeddable":true,"href":"https:\/\/advisera.com\/fr\/wp-json\/wp\/v2\/comments?post=84389"}],"version-history":[{"count":0,"href":"https:\/\/advisera.com\/fr\/wp-json\/wp\/v2\/pages\/84389\/revisions"}],"wp:attachment":[{"href":"https:\/\/advisera.com\/fr\/wp-json\/wp\/v2\/media?parent=84389"}],"curies":[{"name":"wp","href":"https:\/\/api.w.org\/{rel}","templated":true}]}}