{"id":139076,"date":"2026-02-25T15:05:57","date_gmt":"2026-02-25T15:05:57","guid":{"rendered":"https:\/\/advisera.com\/?page_id=139076"},"modified":"2026-03-03T07:31:41","modified_gmt":"2026-03-03T07:31:41","slug":"certificiranje-proizvoda-i-sustava-upravljanja","status":"publish","type":"page","link":"https:\/\/advisera.com\/hr\/certificiranje-proizvoda-i-sustava-upravljanja\/","title":{"rendered":"Certificiranje proizvoda i sustava upravljanja"},"content":{"rendered":"<div id=\"pl-139076\"  class=\"panel-layout\" ><div id=\"pg-139076-0\"  class=\"panel-grid panel-has-style\" ><div class=\"bottom-padding-s panel-row-style panel-row-style-for-139076-0\" ><div id=\"pgc-139076-0-0\"  class=\"panel-grid-cell\" ><div id=\"panel-139076-0-0-0\" class=\"so-panel widget widget_sow-editor panel-first-child panel-last-child\" data-index=\"0\" ><div\n\t\t\t\n\t\t\tclass=\"so-widget-sow-editor so-widget-sow-editor-base\"\n\t\t\t\n\t\t>\n<div class=\"siteorigin-widget-tinymce textwidget\">\n\t<h1>Certificiranje proizvoda i sustava upravljanja<\/h1>\n<\/div>\n<\/div><\/div><\/div><\/div><\/div><div id=\"pg-139076-1\"  class=\"panel-grid panel-no-style\" ><div id=\"pgc-139076-1-0\"  class=\"panel-grid-cell\" ><div id=\"panel-139076-1-0-0\" class=\"so-panel widget widget_sow-editor panel-first-child panel-last-child\" data-index=\"1\" ><div\n\t\t\t\n\t\t\tclass=\"so-widget-sow-editor so-widget-sow-editor-base\"\n\t\t\t\n\t\t>\n<div class=\"siteorigin-widget-tinymce textwidget\">\n\t<p><img decoding=\"async\" class=\"alignleft size-large wp-image-139082\" src=\"https:\/\/advisera.com\/wp-content\/uploads\/2026\/02\/HR-Sufinancira-EUROPSKA-UNIJA_POS_POS-1536x406-1-1024x271.png\" alt=\"-\" width=\"1024\" height=\"271\" srcset=\"https:\/\/advisera.com\/wp-content\/uploads\/2026\/02\/HR-Sufinancira-EUROPSKA-UNIJA_POS_POS-1536x406-1-1024x271.png 1024w, https:\/\/advisera.com\/wp-content\/uploads\/2026\/02\/HR-Sufinancira-EUROPSKA-UNIJA_POS_POS-1536x406-1-300x79.png 300w, https:\/\/advisera.com\/wp-content\/uploads\/2026\/02\/HR-Sufinancira-EUROPSKA-UNIJA_POS_POS-1536x406-1-768x203.png 768w, https:\/\/advisera.com\/wp-content\/uploads\/2026\/02\/HR-Sufinancira-EUROPSKA-UNIJA_POS_POS-1536x406-1.png 1536w\" sizes=\"(max-width: 1024px) 100vw, 1024px\" title=\"\"><\/p>\n<\/div>\n<\/div><\/div><\/div><div id=\"pgc-139076-1-1\"  class=\"panel-grid-cell panel-grid-cell-empty\" ><\/div><div id=\"pgc-139076-1-2\"  class=\"panel-grid-cell\" ><div id=\"panel-139076-1-2-0\" class=\"so-panel widget widget_sow-editor panel-first-child panel-last-child\" data-index=\"2\" ><div\n\t\t\t\n\t\t\tclass=\"so-widget-sow-editor so-widget-sow-editor-base\"\n\t\t\t\n\t\t>\n<div class=\"siteorigin-widget-tinymce textwidget\">\n\t<p class=\"fs-20 color-primary-ud\"><strong>Fond<\/strong><\/p>\n<p>Europski fond za regionalni razvoj<\/p>\n<p class=\"fs-20 color-primary-ud\"><strong>Ime projekta<\/strong><\/p>\n<p>Certificiranje proizvoda i sustava upravljanja<\/p>\n<p class=\"fs-20 color-primary-ud\"><strong>Naziv korisnika<\/strong><\/p>\n<p>Advisera Expert Solutions d.o.o.<\/p>\n<p class=\"fs-20 color-primary-ud\"><strong>Kratki opis projekta<\/strong><\/p>\n<p>Dru\u0161tvo Advisera Expert Solutions d.o.o. provodi projekt \u201eCertificiranje proizvoda i sustava upravljanja\u201c, koji je sufinanciran sredstvima Europske unije iz Europskog fonda za regionalni razvoj, u okviru Programa <em>Konkurentnost i kohezija 2021. \u2013 2027.<\/em><\/p>\n<p>Projekt obuhva\u0107a aktivnosti usmjerene na certificiranje proizvoda te uvo\u0111enje i certifikaciju sustava upravljanja u skladu s relevantnim me\u0111unarodnim normama, uklju\u010duju\u0107i pripremu interne dokumentacije, prilagodbu poslovnih procesa, provedbu internih provjera te provedbu postupaka certifikacije od strane ovla\u0161tenih certifikacijskih tijela. Provedbom projekta osigurava se uskla\u0111enost poslovanja s me\u0111unarodnim standardima, pove\u0107ava se razina standardizacije i kvalitete usluga te se stvaraju preduvjeti za daljnji razvoj poslovanja i ja\u010danje konkurentnosti poduze\u0107a na doma\u0107em i me\u0111unarodnom tr\u017ei\u0161tu.<\/p>\n<p class=\"fs-20 color-primary-ud\"><strong>Ciljevi i o\u010dekivani rezultati projekta<\/strong><\/p>\n<p>Unaprijediti kvalitetu poslovanja i konkurentnost poduze\u0107a kroz certificiranje proizvoda i sustava upravljanja, omogu\u0107iti razvoj i unapre\u0111enje usluga te pove\u0107ati tr\u017ei\u0161nu prepoznatljivost i povjerenje klijenata i poslovnih partnera.<\/p>\n<p class=\"fs-20 color-primary-ud\"><strong>Ukupna vrijednost projekta<\/strong><\/p>\n<p>96.712,88 EUR<\/p>\n<p class=\"fs-20 color-primary-ud\"><strong>Iznos koji sufinancira EU<\/strong><\/p>\n<p>54.109,66 EUR<\/p>\n<p class=\"fs-20 color-primary-ud\"><strong>Razdoblje provedbe projekta<\/strong><\/p>\n<p>26.05.2025. \u2013 26.11.2026.<\/p>\n<\/div>\n<\/div><\/div><\/div><\/div><div id=\"pg-139076-2\"  class=\"panel-grid panel-has-style\" ><div class=\"bottom-padding-normal panel-row-style panel-row-style-for-139076-2\" ><div id=\"pgc-139076-2-0\"  class=\"panel-grid-cell\" ><div id=\"panel-139076-2-0-0\" class=\"so-panel widget widget_sow-editor panel-first-child panel-last-child\" data-index=\"3\" ><div\n\t\t\t\n\t\t\tclass=\"so-widget-sow-editor so-widget-sow-editor-base\"\n\t\t\t\n\t\t>\n<div class=\"siteorigin-widget-tinymce textwidget\">\n\t<p>&nbsp;<\/p>\n<hr \/>\n<p>&nbsp;<\/p>\n<p><a href=\"https:\/\/eufondovi.gov.hr\/\" target=\"_blank\" rel=\"noopener noreferrer\">https:\/\/eufondovi.gov.hr\/<\/a><\/p>\n<\/div>\n<\/div><\/div><\/div><\/div><\/div><\/div>","protected":false},"excerpt":{"rendered":"<p>Certificiranje proizvoda i sustava upravljanja Fond Europski fond za regionalni razvoj Ime projekta Certificiranje proizvoda i sustava upravljanja Naziv korisnika Advisera Expert Solutions d.o.o. Kratki opis projekta Dru\u0161tvo Advisera Expert Solutions d.o.o. provodi projekt \u201eCertificiranje proizvoda i sustava upravljanja\u201c, koji je sufinanciran sredstvima Europske unije iz Europskog fonda za regionalni razvoj, u okviru Programa Konkurentnost [&hellip;]<\/p>\n","protected":false},"author":21,"featured_media":0,"parent":0,"menu_order":0,"comment_status":"closed","ping_status":"closed","template":"","meta":{"_acf_changed":false,"inline_featured_image":false,"footnotes":""},"class_list":["post-139076","page","type-page","status-publish","hentry"],"acf":[],"_links":{"self":[{"href":"https:\/\/advisera.com\/hr\/wp-json\/wp\/v2\/pages\/139076","targetHints":{"allow":["GET"]}}],"collection":[{"href":"https:\/\/advisera.com\/hr\/wp-json\/wp\/v2\/pages"}],"about":[{"href":"https:\/\/advisera.com\/hr\/wp-json\/wp\/v2\/types\/page"}],"author":[{"embeddable":true,"href":"https:\/\/advisera.com\/hr\/wp-json\/wp\/v2\/users\/21"}],"replies":[{"embeddable":true,"href":"https:\/\/advisera.com\/hr\/wp-json\/wp\/v2\/comments?post=139076"}],"version-history":[{"count":3,"href":"https:\/\/advisera.com\/hr\/wp-json\/wp\/v2\/pages\/139076\/revisions"}],"predecessor-version":[{"id":139707,"href":"https:\/\/advisera.com\/hr\/wp-json\/wp\/v2\/pages\/139076\/revisions\/139707"}],"wp:attachment":[{"href":"https:\/\/advisera.com\/hr\/wp-json\/wp\/v2\/media?parent=139076"}],"curies":[{"name":"wp","href":"https:\/\/api.w.org\/{rel}","templated":true}]}}