{"id":81599,"date":"2022-09-21T06:58:41","date_gmt":"2022-09-21T06:58:41","guid":{"rendered":"https:\/\/advisera.com\/migration\/?page_id=81599"},"modified":"2026-02-25T16:04:59","modified_gmt":"2026-02-25T16:04:59","slug":"eu-financira-conformio","status":"publish","type":"page","link":"https:\/\/advisera.com\/hr\/eu-financira-conformio\/","title":{"rendered":"EU financira Conformio"},"content":{"rendered":"<div id=\"pl-81599\"  class=\"panel-layout\" ><div id=\"pg-81599-0\"  class=\"panel-grid panel-has-style\" ><div class=\"bottom-padding-s panel-row-style panel-row-style-for-81599-0\" ><div id=\"pgc-81599-0-0\"  class=\"panel-grid-cell\" ><div id=\"panel-81599-0-0-0\" class=\"so-panel widget widget_sow-editor panel-first-child panel-last-child\" data-index=\"0\" ><div\n\t\t\t\n\t\t\tclass=\"so-widget-sow-editor so-widget-sow-editor-base\"\n\t\t\t\n\t\t>\n<div class=\"siteorigin-widget-tinymce textwidget\">\n\t<h1>EU financira Conformio<\/h1>\n<\/div>\n<\/div><\/div><\/div><\/div><\/div><div id=\"pg-81599-1\"  class=\"panel-grid panel-no-style\" ><div id=\"pgc-81599-1-0\"  class=\"panel-grid-cell\" ><div id=\"panel-81599-1-0-0\" class=\"so-panel widget widget_sow-editor panel-first-child panel-last-child\" data-index=\"1\" ><div\n\t\t\t\n\t\t\tclass=\"so-widget-sow-editor so-widget-sow-editor-base\"\n\t\t\t\n\t\t>\n<div class=\"siteorigin-widget-tinymce textwidget\">\n\t<p><img decoding=\"async\" src=\"\/wp-content\/themes\/advisera\/assets\/images\/footer\/eu.png\" alt=\"-\" title=\"\"><\/p>\n<p>&nbsp;<\/p>\n<p><img decoding=\"async\" src=\"\/wp-content\/themes\/advisera\/assets\/images\/footer\/fondovi.png\" alt=\"-\" title=\"\"><\/p>\n<\/div>\n<\/div><\/div><\/div><div id=\"pgc-81599-1-1\"  class=\"panel-grid-cell panel-grid-cell-empty\" ><\/div><div id=\"pgc-81599-1-2\"  class=\"panel-grid-cell\" ><div id=\"panel-81599-1-2-0\" class=\"so-panel widget widget_sow-editor panel-first-child panel-last-child\" data-index=\"2\" ><div\n\t\t\t\n\t\t\tclass=\"so-widget-sow-editor so-widget-sow-editor-base\"\n\t\t\t\n\t\t>\n<div class=\"siteorigin-widget-tinymce textwidget\">\n\t<p class=\"fs-20 color-primary-ud\"><strong>Fond<\/strong><\/p>\n<p>Europski fond za regionalni razvoj<\/p>\n<p class=\"fs-20 color-primary-ud\"><strong>Ime projekta<\/strong><\/p>\n<p>Platforma Conformio \u2013 inovativno i sveobuhvatno rje\u0161enje za implementaciju ISO projekata i bolju organizaciju poslovnih procesa MSP-ova<\/p>\n<p class=\"fs-20 color-primary-ud\"><strong>Naziv korisnika<\/strong><\/p>\n<p>Advisera Expert Solutions d.o.o.<\/p>\n<p class=\"fs-20 color-primary-ud\"><strong>Kratki opis projekta<\/strong><\/p>\n<p>Identificiraju\u0107i potrebu za sveobuhvatnim rje\u0161enjem za implementaciju ISO standarada, razvijen je Conformio, platforma dizajnirana tako da na jednom centralnom mjestu, konstantno dostupnom na internetu, ponudi sve ono \u0161to je tvrtkama potrebno da uspje\u0161no i na vrijeme implementiraju ISO standard. Conformio nudi i integriranu savjetodavnu podr\u0161ku u vidu popunjene dokumentacije, video i pisanih materijala koji vode korisnike kroz proces ISO standardizacije, korak po korak, \u010dime poma\u017ee organizacijama da efikasnije do\u0111u do ISO certifikata, \u0161tede\u0107i vrijeme i resurse.<\/p>\n<p class=\"fs-20 color-primary-ud\"><strong>Ciljevi i o\u010dekivani rezultati projekta<\/strong><\/p>\n<p>Prilagoditi online platformu Conformio zahtjevima tr\u017ei\u0161ta te je komercijalizirati.<\/p>\n<p class=\"fs-20 color-primary-ud\"><strong>Ukupna vrijednost projekta<\/strong><\/p>\n<p>2.504.819,88 HRK<\/p>\n<p class=\"fs-20 color-primary-ud\"><strong>Iznos koji sufinancira EU<\/strong><\/p>\n<p>1.393.659,94 HRK<\/p>\n<p class=\"fs-20 color-primary-ud\"><strong>Razdoblje provedbe projekta<\/strong><\/p>\n<p>15.03.2017. - 15.03.2020.<\/p>\n<\/div>\n<\/div><\/div><\/div><\/div><div id=\"pg-81599-2\"  class=\"panel-grid panel-has-style\" ><div class=\"bottom-padding-normal panel-row-style panel-row-style-for-81599-2\" ><div id=\"pgc-81599-2-0\"  class=\"panel-grid-cell\" ><div id=\"panel-81599-2-0-0\" class=\"so-panel widget widget_sow-editor panel-first-child panel-last-child\" data-index=\"3\" ><div\n\t\t\t\n\t\t\tclass=\"so-widget-sow-editor so-widget-sow-editor-base\"\n\t\t\t\n\t\t>\n<div class=\"siteorigin-widget-tinymce textwidget\">\n\t<p>&nbsp;<\/p>\n<hr \/>\n<p>&nbsp;<\/p>\n<p><a href=\"https:\/\/strukturnifondovi.hr\/\" target=\"_blank\" rel=\"noopener\">www.strukturnifondovi.hr<\/a><\/p>\n<\/div>\n<\/div><\/div><\/div><\/div><\/div><\/div>","protected":false},"excerpt":{"rendered":"<p>EU financira Conformio &nbsp; Fond Europski fond za regionalni razvoj Ime projekta Platforma Conformio \u2013 inovativno i sveobuhvatno rje\u0161enje za implementaciju ISO projekata i bolju organizaciju poslovnih procesa MSP-ova Naziv korisnika Advisera Expert Solutions d.o.o. Kratki opis projekta Identificiraju\u0107i potrebu za sveobuhvatnim rje\u0161enjem za implementaciju ISO standarada, razvijen je Conformio, platforma dizajnirana tako da na [&hellip;]<\/p>\n","protected":false},"author":161,"featured_media":0,"parent":0,"menu_order":186,"comment_status":"closed","ping_status":"closed","template":"","meta":{"_acf_changed":false,"inline_featured_image":false,"footnotes":""},"class_list":["post-81599","page","type-page","status-publish","hentry"],"acf":[],"_links":{"self":[{"href":"https:\/\/advisera.com\/hr\/wp-json\/wp\/v2\/pages\/81599","targetHints":{"allow":["GET"]}}],"collection":[{"href":"https:\/\/advisera.com\/hr\/wp-json\/wp\/v2\/pages"}],"about":[{"href":"https:\/\/advisera.com\/hr\/wp-json\/wp\/v2\/types\/page"}],"author":[{"embeddable":true,"href":"https:\/\/advisera.com\/hr\/wp-json\/wp\/v2\/users\/161"}],"replies":[{"embeddable":true,"href":"https:\/\/advisera.com\/hr\/wp-json\/wp\/v2\/comments?post=81599"}],"version-history":[{"count":3,"href":"https:\/\/advisera.com\/hr\/wp-json\/wp\/v2\/pages\/81599\/revisions"}],"predecessor-version":[{"id":139118,"href":"https:\/\/advisera.com\/hr\/wp-json\/wp\/v2\/pages\/81599\/revisions\/139118"}],"wp:attachment":[{"href":"https:\/\/advisera.com\/hr\/wp-json\/wp\/v2\/media?parent=81599"}],"curies":[{"name":"wp","href":"https:\/\/api.w.org\/{rel}","templated":true}]}}