{"id":82574,"date":"2022-08-30T07:46:04","date_gmt":"2022-08-30T07:46:04","guid":{"rendered":"https:\/\/advisera.com\/contact\/"},"modified":"2024-07-09T14:05:47","modified_gmt":"2024-07-09T14:05:47","slug":"kontakt","status":"publish","type":"page","link":"https:\/\/advisera.com\/hr\/kontakt\/","title":{"rendered":"Kontaktirajte nas"},"content":{"rendered":"<div id=\"pl-82574\"  class=\"panel-layout\" ><div id=\"pg-82574-0\"  class=\"panel-grid panel-has-style\" ><div class=\"bottom-padding-s bottom-padding-xs-m info-section panel-row-style panel-row-style-for-82574-0\" ><div id=\"pgc-82574-0-0\"  class=\"panel-grid-cell\" ><div id=\"panel-82574-0-0-0\" class=\"so-panel widget widget_sow-editor panel-first-child\" data-index=\"0\" ><div\n\t\t\t\n\t\t\tclass=\"so-widget-sow-editor so-widget-sow-editor-base\"\n\t\t\t\n\t\t>\n<div class=\"siteorigin-widget-tinymce textwidget\">\n\t<h1>Kontaktirajte nas<\/h1>\n<\/div>\n<\/div><\/div><div id=\"panel-82574-0-0-1\" class=\"so-panel widget widget_sow-editor\" data-index=\"1\" ><div\n\t\t\t\n\t\t\tclass=\"so-widget-sow-editor so-widget-sow-editor-base\"\n\t\t\t\n\t\t>\n<div class=\"siteorigin-widget-tinymce textwidget\">\n\t<h5>U vezi \u010dega vam je potrebna pomo\u0107?<\/h5>\n<\/div>\n<\/div><\/div><div id=\"panel-82574-0-0-2\" class=\"so-panel widget widget_adv_select_content panel-last-child\" data-index=\"2\" ><div\n\t\t\t\n\t\t\tclass=\"so-widget-adv_select_content so-widget-adv_select_content-base\"\n\t\t\t\n\t\t>\n<div class=\"select-content\">\n\t<div class=\"form-field has-default-value adv-select\">\n\t\t<legend>Odaberite temu<\/legend>\n\t\t<select name=\"choose-content\" class=\"js-toggle\">\n\t\t\t\t\t<option value=\"PomoczaproizvodPodrska\">Pomo\u0107 za proizvod \/ Podr\u0161ka<\/option>\n\t\t\t\t\t<option value=\"Prodaja\">Prodaja<\/option>\n\t\t\t\t\t<option value=\"Partnerstva\">Partnerstva<\/option>\n\t\t\t\t\n\t\t<\/select>\n\t\t<div class=\"hidden select-map\">\t\t\t\t\t<span data-hash=\"PomoczaproizvodPodrska\">Pomo\u0107 za proizvod \/ Podr\u0161ka<\/span>\n\t\t\t\t\t<span data-hash=\"Prodaja\">Prodaja<\/span>\n\t\t\t\t\t<span data-hash=\"Partnerstva\">Partnerstva<\/span>\n\t\t\t\t\t\t\n\t\t<\/div>\n\t<\/div>\n\t\t\t<section class=\"toggle-content\" id=\"PomoczaproizvodPodrska\">\n\t\t\t<div id=\"pl-w1cbe0e92\"  class=\"panel-layout\" ><div id=\"pg-w1cbe0e92-0\"  class=\"panel-grid panel-no-style\" ><div id=\"pgc-w1cbe0e92-0-0\"  class=\"panel-grid-cell\" ><div id=\"panel-w1cbe0e92-0-0-0\" class=\"widget_text so-panel widget widget_custom_html panel-first-child\" data-index=\"0\" ><div class=\"widget_text panel-widget-style panel-widget-style-for-w1cbe0e92-0-0-0\" ><div class=\"textwidget custom-html-widget\"><h5 class=\"hide-on-submit\">Ispunite obrazac u nastavku<\/h5>\n<\/div><\/div><\/div><div id=\"panel-w1cbe0e92-0-0-1\" class=\"so-panel widget widget_adv_hubspot panel-last-child\" data-index=\"1\" ><div class=\"panel-widget-style panel-widget-style-for-w1cbe0e92-0-0-1\" ><div\n\t\t\t\n\t\t\tclass=\"so-widget-adv_hubspot so-widget-adv_hubspot-base\"\n\t\t\t\n\t\t>      <div class=\"hubspot-forms adv-style\">\n    <script charset=\"utf-8\" type=\"text\/javascript\" src=\"\/\/js.hsforms.net\/forms\/v2.js\"><\/script>\n    <script>\n      hbspt.forms.create({\n        region: \"na1\",\n        portalId: \"1983423\",\n        formId: \"0e704b68-ef05-41e9-abe3-a20e0a99778d\"\n      });\n    <\/script>\n  <\/div>\n \n\n\n<\/div><\/div><\/div><\/div><\/div><\/div>\t\t\n\t\t<\/section>\n\t\t\t<section class=\"toggle-content hidden\" id=\"Prodaja\">\n\t\t\t<div id=\"pl-w1d07a37b\"  class=\"panel-layout\" ><div id=\"pg-w1d07a37b-0\"  class=\"panel-grid panel-has-style\" ><div class=\"info-section panel-row-style panel-row-style-for-w1d07a37b-0\" ><div id=\"pgc-w1d07a37b-0-0\"  class=\"panel-grid-cell\" ><div id=\"panel-w1d07a37b-0-0-0\" class=\"so-panel widget widget_sow-editor panel-first-child panel-last-child\" data-index=\"0\" ><div class=\"panel-widget-style panel-widget-style-for-w1d07a37b-0-0-0\" ><div\n\t\t\t\n\t\t\tclass=\"so-widget-sow-editor so-widget-sow-editor-base\"\n\t\t\t\n\t\t>\n<div class=\"siteorigin-widget-tinymce textwidget\">\n\t<h5><strong>Na\u0161 prodajni tim mo\u017eete kontaktirati na<\/strong><\/h5>\n<p><a href=\"https:\/\/advisera.com\/started\/\">sales@advisera.com<\/a><\/p>\n<h5>Drugi na\u010dini za dobivanje vi\u0161e informacija<\/h5>\n<p>Pogledajte na\u0161 <a href=\"https:\/\/advisera.com\/support\/hr\/knowledgebase\/\" target=\"_blank\" rel=\"noopener\">Centar za pomo\u0107<\/a>.<\/p>\n<p>Pogledajte <a href=\"https:\/\/advisera.com\/resources\/\">Centar s resursima<\/a> za najnovije najbolje prakse i trendove u industriji.<\/p>\n<\/div>\n<\/div><\/div><\/div><\/div><\/div><\/div><\/div>\t\t\n\t\t<\/section>\n\t\t\t<section class=\"toggle-content hidden\" id=\"Partnerstva\">\n\t\t\t<div id=\"pl-w7060f90f\"  class=\"panel-layout\" ><div id=\"pg-w7060f90f-0\"  class=\"panel-grid panel-no-style\" ><div id=\"pgc-w7060f90f-0-0\"  class=\"panel-grid-cell\" ><div id=\"panel-w7060f90f-0-0-0\" class=\"widget_text so-panel widget widget_custom_html panel-first-child\" data-index=\"0\" ><div class=\"widget_text panel-widget-style panel-widget-style-for-w7060f90f-0-0-0\" ><div class=\"textwidget custom-html-widget\"><h5 class=\"hide-on-submit\">Ispunite obrazac u nastavku<\/h5><\/div><\/div><\/div><div id=\"panel-w7060f90f-0-0-1\" class=\"so-panel widget widget_adv_hubspot panel-last-child\" data-index=\"1\" ><div class=\"panel-widget-style panel-widget-style-for-w7060f90f-0-0-1\" ><div\n\t\t\t\n\t\t\tclass=\"so-widget-adv_hubspot so-widget-adv_hubspot-base\"\n\t\t\t\n\t\t>      <div class=\"hubspot-forms adv-style\">\n    <script charset=\"utf-8\" type=\"text\/javascript\" src=\"\/\/js.hsforms.net\/forms\/v2.js\"><\/script>\n    <script>\n      hbspt.forms.create({\n        region: \"na1\",\n        portalId: \"1983423\",\n        formId: \"6457d3ea-241c-4fcf-a46e-f5f07a0594c5\"\n      });\n    <\/script>\n  <\/div>\n \n\n\n<\/div><\/div><\/div><\/div><\/div><\/div>\t\t\n\t\t<\/section>\n\t\t\t\n<\/div>\n<\/div><\/div><\/div><div id=\"pgc-82574-0-1\"  class=\"panel-grid-cell\" ><div class=\"panel-cell-style panel-cell-style-for-82574-0-1\" ><div id=\"panel-82574-0-1-0\" class=\"so-panel widget widget_sow-editor panel-first-child panel-last-child\" data-index=\"3\" ><div\n\t\t\t\n\t\t\tclass=\"so-widget-sow-editor so-widget-sow-editor-base\"\n\t\t\t\n\t\t>\n<div class=\"siteorigin-widget-tinymce textwidget\">\n\t<h2 class=\"h1\">Na\u0161i uredi<\/h2>\n<h5>Ured u SAD<\/h5>\n<p><strong>Advisera Expert Solutions Ltd<\/strong><br \/>\n1178 Broadway, 3rd Floor #3829<br \/>\nNew York NY 10001<br \/>\nSjedinjene Ameri\u010dke Dr\u017eave<\/p>\n<h5>EU Ured<\/h5>\n<p><strong>Advisera Expert Solutions d.o.o.<\/strong><br \/>\nZavi\u017eanska 12<br \/>\n10000 Zagreb<br \/>\nHrvatska, Europska unija<\/p>\n<p class=\"small\" style=\"margin-top: 32px\">Tvrtka je registrirana pri Trgova\u010dkom sudu u Zagrebu,<br \/>\nReg. br. 080713015<\/p>\n<p class=\"small\">IBAN: HR1123600001102963989<\/p>\n<p class=\"small\">PDV broj: HR13077006668<\/p>\n<\/div>\n<\/div><\/div><\/div><\/div><\/div><\/div><\/div>","protected":false},"excerpt":{"rendered":"<p>Kontaktirajte nas U vezi \u010dega vam je potrebna pomo\u0107? Na\u0161i uredi Ured u SAD Advisera Expert Solutions Ltd 1178 Broadway, 3rd Floor #3829 New York NY 10001 Sjedinjene Ameri\u010dke Dr\u017eave EU Ured Advisera Expert Solutions d.o.o. Zavi\u017eanska 12 10000 Zagreb Hrvatska, Europska unija Tvrtka je registrirana pri Trgova\u010dkom sudu u Zagrebu, Reg. br. 080713015 IBAN: [&hellip;]<\/p>\n","protected":false},"author":161,"featured_media":0,"parent":0,"menu_order":250,"comment_status":"closed","ping_status":"closed","template":"","meta":{"_acf_changed":false,"inline_featured_image":false,"footnotes":""},"class_list":["post-82574","page","type-page","status-publish","hentry"],"acf":[],"_links":{"self":[{"href":"https:\/\/advisera.com\/hr\/wp-json\/wp\/v2\/pages\/82574","targetHints":{"allow":["GET"]}}],"collection":[{"href":"https:\/\/advisera.com\/hr\/wp-json\/wp\/v2\/pages"}],"about":[{"href":"https:\/\/advisera.com\/hr\/wp-json\/wp\/v2\/types\/page"}],"author":[{"embeddable":true,"href":"https:\/\/advisera.com\/hr\/wp-json\/wp\/v2\/users\/161"}],"replies":[{"embeddable":true,"href":"https:\/\/advisera.com\/hr\/wp-json\/wp\/v2\/comments?post=82574"}],"version-history":[{"count":0,"href":"https:\/\/advisera.com\/hr\/wp-json\/wp\/v2\/pages\/82574\/revisions"}],"wp:attachment":[{"href":"https:\/\/advisera.com\/hr\/wp-json\/wp\/v2\/media?parent=82574"}],"curies":[{"name":"wp","href":"https:\/\/api.w.org\/{rel}","templated":true}]}}