{"id":110798,"date":"2023-09-06T16:40:55","date_gmt":"2023-09-06T16:40:55","guid":{"rendered":"https:\/\/advisera.com\/eu-gdpr-free-preview\/"},"modified":"2023-10-17T19:27:29","modified_gmt":"2023-10-17T19:27:29","slug":"gdpr-della-ue-anteprima-gratuita","status":"publish","type":"page","link":"https:\/\/advisera.com\/it\/gdpr-della-ue-anteprima-gratuita\/","title":{"rendered":"GDPR dell\u2019UE anteprima gratuita della documentazione"},"content":{"rendered":"<div id=\"pl-110798\"  class=\"panel-layout\" ><div id=\"pg-110798-0\"  class=\"panel-grid panel-has-style\" ><div class=\"training-main-section top-padding-s bottom-padding-s panel-row-style panel-row-style-for-110798-0\" id=\"download-form\" ><div id=\"pgc-110798-0-0\"  class=\"panel-grid-cell\" ><div id=\"panel-110798-0-0-0\" class=\"so-panel widget widget_adv_content_editor panel-first-child\" data-index=\"0\" ><div\n\t\t\t\n\t\t\tclass=\"so-widget-adv_content_editor so-widget-adv_content_editor-base\"\n\t\t\t\n\t\t>\n<section class=\"adv-content-editor \">\n   \n         <h1 class=\"h1-m main-title h2\">Scarica un'anteprima gratuita dei Kit Documentazione del GDPR dell'UE<\/h1>\n   \n   \n\n   \n         <div class=\"adv-content\">\n         <p>Hai bisogno di un esempio di come dovrebbe essere la documentazione del <strong>GDPR dell\u2019UE<\/strong>?<\/p>\n<p>Dai un'occhiata a tutti i modelli di documentazione come la <strong>Politica sulla Conservazione dei Dati<\/strong>, <strong>Politica sulla Protezione dei Dati Personali<\/strong> o la <strong>Politica sull\u2019Anonimizzazione e <\/strong><strong>sulla Pseudonimizzazione<\/strong> scaricando questa demo gratuita del <strong>GDPR dell'UE<\/strong>.<\/p>\n<p>I nostri esperti hanno creato documenti su misura per le organizzazioni di piccole e medie dimensioni, per aiutarti a evitare la compilazione di documenti troppo complessi e lunghi che sarebbero un aggravio inutile per te.<\/p>\n      <\/div>\n   <\/section><\/div><\/div><div id=\"panel-110798-0-0-1\" class=\"so-panel widget widget_adv_image panel-last-child\" data-index=\"1\" ><div class=\"panel-widget-style panel-widget-style-for-110798-0-0-1\" ><div\n\t\t\t\n\t\t\tclass=\"so-widget-adv_image so-widget-adv_image-base\"\n\t\t\t\n\t\t><div class=\"adv-image \">\n\n\t\t\n\t\t\t\t<img decoding=\"async\" src=\"https:\/\/advisera.com\/wp-content\/uploads\/2023\/10\/eu-gdpr-free-preview-display-img-it.png\" alt=\"-\" sizes=\"(max-width: 1584px) 100vw, 1584px\" srcset=\"https:\/\/advisera.com\/wp-content\/uploads\/2023\/10\/eu-gdpr-free-preview-display-img-it.png 1584w, https:\/\/advisera.com\/wp-content\/uploads\/2023\/10\/eu-gdpr-free-preview-display-img-it-300x130.png 300w, https:\/\/advisera.com\/wp-content\/uploads\/2023\/10\/eu-gdpr-free-preview-display-img-it-1024x443.png 1024w, https:\/\/advisera.com\/wp-content\/uploads\/2023\/10\/eu-gdpr-free-preview-display-img-it-768x333.png 768w, https:\/\/advisera.com\/wp-content\/uploads\/2023\/10\/eu-gdpr-free-preview-display-img-it-1536x665.png 1536w\" =lazy title=\"\">\n\n\t\n\t\n\t<\/div>\n<\/div><\/div><\/div><\/div><div id=\"pgc-110798-0-1\"  class=\"panel-grid-cell\" ><div id=\"panel-110798-0-1-0\" class=\"so-panel widget widget_adv_enroll_live_training panel-first-child panel-last-child\" data-index=\"2\" ><div\n\t\t\t\n\t\t\tclass=\"so-widget-adv_enroll_live_training so-widget-adv_enroll_live_training-base\"\n\t\t\t\n\t\t><section class=\"enroll-ratings asic-logo-flex-wrap\">\n<\/section>\n\n<section class=\"enroll-live-training animated-ornaments ornaments-below-img\" \n\t>\n\t\t\t\t\t<div class=\"form-wrapper hubspot-forms adv-style\">\n\t\t\t<h2 class=\"h4 h2-m widget-title\">Scarica l\u2019anteprima gratuita<\/h2>\t\t\n\t\t\t\t<script charset=\"utf-8\" type=\"text\/javascript\" src=\"\/\/js.hsforms.net\/forms\/v2.js\"><\/script>\n\t\t\t\t<script>\n\t\t\t\t  hbspt.forms.create({\n\t\t\t\t    region: \"na1\",\n\t\t\t\t    portalId: \"1983423\",\n\t\t\t\t    formId: \"8ee24808-f7b7-451b-a425-fd9a06a8409b\"\n\t\t\t\t  });\n\t\t\t\t<\/script>\n\t\t\t\t\t<\/div>\n\t\t\t\n\n\t\t\t<!-- <div class=\"wrapper relative\"> -->\n\t\t\t\t\t\t<span class=\"ornament o-1 o-blue\"><\/span>\n\t\t\t<span class=\"ornament o-2 o-green\"><\/span>\n\t\t\t<span class=\"ornament o-3 o-grey\"><\/span>\n\t\t<!-- <\/div>  -->\n\t\t\n<\/section><\/div><\/div><\/div><\/div><\/div><div id=\"pg-110798-1\"  class=\"panel-grid panel-has-style\" ><div class=\"siteorigin-panels-stretch panel-row-style panel-row-style-for-110798-1\" data-stretch-type=\"full\" ><div id=\"pgc-110798-1-0\"  class=\"panel-grid-cell panel-grid-cell-mobile-last\" ><div id=\"panel-110798-1-0-0\" class=\"so-panel widget widget_adv_instructors panel-first-child panel-last-child\" data-index=\"3\" ><div\n\t\t\t\n\t\t\tclass=\"so-widget-adv_instructors so-widget-adv_instructors-base\"\n\t\t\t\n\t\t><section class=\"instructors-widget style-rounded text-light heading-style-h2\">\n          \n    <div class=\"cards-wrapper has-1-columns\">\n        \n                        <div class=\"instructor\">  \n                <div class=\"card-left figure\">\n                    <img decoding=\"async\" width=\"184\" height=\"184\" src=\"https:\/\/advisera.com\/wp-content\/uploads\/2022\/08\/Tudor-Galos-184x184.jpeg\" class=\"attachment-thumbnail size-thumbnail\" alt=\"-\" srcset=\"https:\/\/advisera.com\/wp-content\/uploads\/2022\/08\/Tudor-Galos-184x184.jpeg 184w, https:\/\/advisera.com\/wp-content\/uploads\/2022\/08\/Tudor-Galos-300x300.jpeg 300w, https:\/\/advisera.com\/wp-content\/uploads\/2022\/08\/Tudor-Galos.jpeg 571w\" sizes=\"(max-width: 184px) 100vw, 184px\" title=\"\">                <\/div>\n                <div class=\"card-right\">\n                                            <h3 class=\"instructor-title has-subtitle \">\n                            Quale kit scegliere?                      \n                        <\/h3>\n                                                                <div class=\"subtitle\">\n                            Una volta che avrai scaricato il demo gratuito, i nostri esperti ti contatteranno per offrirti una consultazione gratuita e aiutarti a comprendere quale sia il kit pi\u00e0 adatto alle tue necessit\u00e0.                       <\/div>\n                      \n                                            <div class=\"bio\">\n                            <p><strong>Tudor Galos<\/strong> - Esperto di sicurezza dei dati<\/p>\n                       <\/div>\n                                         \n                <\/div>\n            <\/div>\n            <\/div>\n<\/section><\/div><\/div><\/div><div id=\"pgc-110798-1-1\"  class=\"panel-grid-cell panel-grid-cell-empty\" ><\/div><\/div><\/div><div id=\"pg-110798-2\"  class=\"panel-grid panel-has-style\" ><div class=\"siteorigin-panels-stretch top-padding-normal bottom-padding-xs no-top-padding-m no-bottom-padding-m panel-row-style panel-row-style-for-110798-2\" data-stretch-type=\"full\" ><div id=\"pgc-110798-2-0\"  class=\"panel-grid-cell\" ><div id=\"panel-110798-2-0-0\" class=\"so-panel widget widget_advisera_reviews_api_carousel_all_reviews panel-first-child panel-last-child\" data-index=\"4\" ><div\n\t\t\t\n\t\t\tclass=\"so-widget-advisera_reviews_api_carousel_all_reviews so-widget-advisera_reviews_api_carousel_all_reviews-base\"\n\t\t\t\n\t\t><section class=\"reviews-io style-heading-above-grid\">\n\t\t\t<h2 class=\"mobile-hidden tablet-hidden headline h1-m\">Migliaia di Clienti che hanno avuto Successo<\/h2>\n\t\t<div class=\"reviews_io all-reviews-carousel\" data-items=\"2\">\n\n\t\t<div class=\"carousel-wrap\">\n\t\t\t\t\t\t<h2 class=\"desktop-hidden headline h1-m\">Migliaia di Clienti che hanno avuto Successo<\/h2>\t\t\t\t\n\t\t\t\n\t\t\t\t\t<\/div>\n\t<\/div>\n<\/section><\/div><\/div><\/div><\/div><\/div><div id=\"pg-110798-3\"  class=\"panel-grid panel-has-style\" ><div class=\"top-padding-xs bottom-padding-xs panel-row-style panel-row-style-for-110798-3\" ><div id=\"pgc-110798-3-0\"  class=\"panel-grid-cell\" ><div id=\"panel-110798-3-0-0\" class=\"so-panel widget widget_adv_content_editor panel-first-child\" data-index=\"5\" ><div\n\t\t\t\n\t\t\tclass=\"so-widget-adv_content_editor so-widget-adv_content_editor-base\"\n\t\t\t\n\t\t>\n<section class=\"adv-content-editor \">\n   \n   \n   \n\n   \n         <div class=\"adv-content\">\n         <h4>Approfitta dell\u2019anteprima gratuita dei modelli della documentazione per il tuo GDPR dell\u2019UE!<\/h4>\n<p>Sappiamo che molto probabilmente to hai delle domande riguardo ai nostri Kit per il GDPR dell\u2019UE. Potresti avere dei dubbi riguardo alla qualit\u00e0 e al volore dei nostri modelli. Lo comprendiamo e crediamo cos\u00ec tanto nei nostri prodotti che ti offriamo una dimostrazione gratuita di ogni singolo modello presente nel nostro kit. Dai un\u2019occhiata prima di prendere una decisione riguardo all\u2019acquisto.<\/p>\n<h4>Quindi, quali benefici puoi aspettarti dall\u2019anteprima gratuita del nostro kit del GDPR dell\u2019UE?<\/h4>\n<p>Dopo aver scaricato l\u2019anteprima gratuita della nostra documentazione del GDPR dell\u2019UE, potrai renderti conto della qualit\u00e0 eccellente e del suo incredibile valore. Noi mettiamo nei nostri kit documentazione, tutta la nostra grande esperienza professionale. Lo scopo dei nostri kit \u00e8 quello di esserti d\u2019aiuto nell\u2019implementazione di questi regolamenti del GDPR dell\u2019UE in maniera facile e veloce.<\/p>\n<ul>\n<li><strong>Modelli semplici e chiari<\/strong>\u00a0\u2013 Non potrai credere a quanto i nostri modelli siano facili da comprendere!<\/li>\n<li><strong>Non \u00e8 necessario un costoso consulente<\/strong>\u00a0\u2013 Acquisisci una migliore comprensione di come possa essere una implementazione Fai da te, senza un consulente.<\/li>\n<li><strong>Senza stress<\/strong>\u00a0\u2013 Quando scoprirai quanto i nostri modelli siano semplici da compilare, potrai rilassarti al pensiero che tu puoi davvero implementare il GDPR dell\u2019UE.<\/li>\n<li><strong>Risparmia tempo e denaro<\/strong>\u00a0\u2013 Una volta che avrai scaricato l\u2019anteprima del kit del GDPR dell\u2019UE, potrai renderti conto da solo dell\u2019enorme risparmio in termini di tempo e denaro!<\/li>\n<\/ul>\n<h4>Sei preoccupato per il tempo e le conoscenze richieste?<\/h4>\n<p>Molte aziende investono enormi somme di denaro nell\u2019ingaggio di consulenti perch\u00e8 si preoccupano di non avere il tempo o le competenze necessarie per fare da s\u00e8. Ma, in realt\u00e0, l\u2019auto implementazione non richieder\u00e0 le risorse o il tempo che potresti aspettarti. Te ne accorgerai da solo con la nostra anteprima GRATUITA del GDPR dell\u2019UE.<\/p>\n<p>Se questo ancora non bastasse, abbiamo anche un altro regalo GRATUITO per te: un elenco di suggerimenti per gestire la tua documentazione del GDPR dell\u2019UE.<\/p>\n<p>Sappiamo quanto tutti i nostri prodotti e servizi siano di eccellente qualit\u00e0, per questo motivo siamo felici di mostrarti cos\u00ec tanto dei nostri kit. Scoprilo da solo \u2013 scarica un\u2019anteprima gratuita del GDPR dell\u2019UE adesso per scoprire come tu possa implementare questa norma in modo facile e veloce.<\/p>\n      <\/div>\n   <\/section><\/div><\/div><div id=\"panel-110798-3-0-1\" class=\"so-panel widget widget_adv_buttons panel-last-child\" data-index=\"6\" ><div\n\t\t\t\n\t\t\tclass=\"so-widget-adv_buttons so-widget-adv_buttons-base\"\n\t\t\t\n\t\t>\t<a class=\"btn push-campaign-utms btn-empty\" href=\"#download-form\" aria-label=\"Scarica l\u2019anteprima gratuita\">\r\n\t\tScarica l\u2019anteprima gratuita<i class=\"icon icon-arrow\"><\/i>\t<\/a>\r\n\r\n<\/div><\/div><\/div><\/div><\/div><div id=\"pg-110798-4\"  class=\"panel-grid panel-no-style\" ><div id=\"pgc-110798-4-0\"  class=\"panel-grid-cell\" ><div id=\"panel-110798-4-0-0\" class=\"so-panel widget widget_adv_display_site_element panel-first-child panel-last-child\" data-index=\"7\" ><div\n\t\t\t\n\t\t\tclass=\"so-widget-adv_display_site_element so-widget-adv_display_site_element-base\"\n\t\t\t\n\t\t><div class=\"site_element-wrap\"><div id=\"pl-103925\"  class=\"panel-layout\" ><div id=\"pg-103925-0\"  class=\"panel-grid panel-has-style\" ><div class=\"text-light siteorigin-panels-stretch top-padding-s bottom-padding-s cta-section panel-row-style panel-row-style-for-103925-0\" data-stretch-type=\"full\" ><div id=\"pgc-103925-0-0\"  class=\"panel-grid-cell\" ><div id=\"panel-103925-0-0-0\" class=\"so-panel widget widget_adv_content_editor panel-first-child panel-last-child\" data-index=\"0\" ><div\n\t\t\t\n\t\t\tclass=\"so-widget-adv_content_editor so-widget-adv_content_editor-base\"\n\t\t\t\n\t\t>\n<section class=\"adv-content-editor \">\n   \n         <h2 class=\"h1-m main-title\">Mettiti in contatto<\/h2>\n   \n   \n\n   \n         <div class=\"adv-content\">\n         <p>Hai bisogno di aiuto? Contattaci ora. Rispondiamo rapidamente.<\/p>\n      <\/div>\n   <\/section><\/div><\/div><\/div><div id=\"pgc-103925-0-1\"  class=\"panel-grid-cell\" ><div id=\"panel-103925-0-1-0\" class=\"so-panel widget widget_adv_buttons panel-first-child panel-last-child\" data-index=\"1\" ><div\n\t\t\t\n\t\t\tclass=\"so-widget-adv_buttons so-widget-adv_buttons-base\"\n\t\t\t\n\t\t>\t<a class=\"btn push-campaign-utms btn-cta\" href=\"https:\/\/advisera.com\/contact\/\" aria-label=\"Contattaci\">\r\n\t\tContattaci\t<\/a>\r\n\r\n<\/div><\/div><\/div><\/div><\/div><\/div><\/div><\/div><\/div><\/div><\/div><\/div>","protected":false},"excerpt":{"rendered":"<p>Scarica un&#8217;anteprima gratuita dei Kit Documentazione del GDPR dell&#8217;UE Hai bisogno di un esempio di come dovrebbe essere la documentazione del GDPR dell\u2019UE? Dai un&#8217;occhiata a tutti i modelli di documentazione come la Politica sulla Conservazione dei Dati, Politica sulla Protezione dei Dati Personali o la Politica sull\u2019Anonimizzazione e sulla Pseudonimizzazione scaricando questa demo gratuita [&hellip;]<\/p>\n","protected":false},"author":138,"featured_media":111987,"parent":0,"menu_order":51,"comment_status":"closed","ping_status":"closed","template":"","meta":{"_acf_changed":false,"inline_featured_image":false,"footnotes":""},"class_list":["post-110798","page","type-page","status-publish","has-post-thumbnail","hentry","adv_standard-eu-gdpr-it"],"acf":[],"_links":{"self":[{"href":"https:\/\/advisera.com\/it\/wp-json\/wp\/v2\/pages\/110798","targetHints":{"allow":["GET"]}}],"collection":[{"href":"https:\/\/advisera.com\/it\/wp-json\/wp\/v2\/pages"}],"about":[{"href":"https:\/\/advisera.com\/it\/wp-json\/wp\/v2\/types\/page"}],"author":[{"embeddable":true,"href":"https:\/\/advisera.com\/it\/wp-json\/wp\/v2\/users\/138"}],"replies":[{"embeddable":true,"href":"https:\/\/advisera.com\/it\/wp-json\/wp\/v2\/comments?post=110798"}],"version-history":[{"count":0,"href":"https:\/\/advisera.com\/it\/wp-json\/wp\/v2\/pages\/110798\/revisions"}],"wp:featuredmedia":[{"embeddable":true,"href":"https:\/\/advisera.com\/it\/wp-json\/wp\/v2\/media\/111987"}],"wp:attachment":[{"href":"https:\/\/advisera.com\/it\/wp-json\/wp\/v2\/media?parent=110798"}],"curies":[{"name":"wp","href":"https:\/\/api.w.org\/{rel}","templated":true}]}}